{"id":267,"date":"2022-08-31T11:04:36","date_gmt":"2022-08-31T11:04:36","guid":{"rendered":"https:\/\/brasriotintas.com.br\/?post_type=product&#038;p=267"},"modified":"2022-09-04T16:20:53","modified_gmt":"2022-09-04T16:20:53","slug":"tinta-parede-latex-premium","status":"publish","type":"product","link":"https:\/\/brasriotintas.com.br\/?product=tinta-parede-latex-premium","title":{"rendered":"Tinta Exterior\/Interior Premium Suave Perfume"},"content":{"rendered":"<p><span style=\"vertical-align: inherit;\"><span style=\"vertical-align: inherit;\">Com o lukspiso acr\u00edlico premium plus lukscolor voc\u00ea protege, decora e demarca pisos cimentados, em geral. <\/span><span style=\"vertical-align: inherit;\">Indicado para pintura de quadras polis, cal\u00e7adas, estacionamentos, garagens, industriais e comerciais, em ambientes externos e internos. <\/span><span style=\"vertical-align: inherit;\">\u00c9 f\u00e1cil de aplicar, seca r\u00e1pido e apresenta cobertura e rendimento superior. <\/span><span style=\"vertical-align: inherit;\">Com perfume suave, proporciona conforto e bem-estar, permitindo a sua perman\u00eancia no ambiente do in\u00edcio ao fim da pintura. <\/span><span style=\"vertical-align: inherit;\">Lukspiso \u00e9 super aderente e ultra resistente \u00e0 a\u00e7\u00e3o do tempo e desgaste ao induzido pelo tr\u00e1fego constante de pessoas e carros. <\/span><\/span><\/p>\n<p><span style=\"vertical-align: inherit;\"><span style=\"vertical-align: inherit;\">Caracter\u00edsticas do produto: &#8211; marca: lukscolor; <\/span><span style=\"vertical-align: inherit;\">&#8211; volume: 18 litros; <\/span><span style=\"vertical-align: inherit;\">&#8211; aplica\u00e7\u00e3o: rolo de l\u00e3 (de baixo), trincha pincel de cerdas macias; <\/span><span style=\"vertical-align: inherit;\">diluente: \u00e1gua pot\u00e1vel; &#8211; <\/span><span style=\"vertical-align: inherit;\">&#8211; dem\u00e3os: 2 a 3 itens da cor utilizada e do tipo estado e cor da superf\u00edcie, <\/span><span style=\"vertical-align: inherit;\">pode ser necess\u00e1rio um n\u00famero maior de dem\u00f4nios; <\/span><span style=\"vertical-align: inherit;\">&#8211; secagem: ao toque 30 minutos, entre dem\u00e3os 4 horas, final 4 horas depois da \u00faltima dem\u00e3o. <\/span><span style=\"vertical-align: inherit;\">Aguardar no m\u00ednimo 24 horas para o tr\u00e1fego de pessoas e 48 horas para o tr\u00e1fego de ve\u00edculos;<\/span><\/span><\/p>\n<p>&nbsp;<\/p>\n<p><span style=\"vertical-align: inherit;\"> <span style=\"vertical-align: inherit;\">&#8211; Rendimento: lata 18l &#8211; no minimo 70 m\/pintura acabada. <\/span><span style=\"vertical-align: inherit;\">Indica\u00e7\u00f5es &#8211; pisos cimentados, concreto, lajotas n\u00e3o vitrificadas, fibrocimento e cer\u00e2micas porosas. <\/span><span style=\"vertical-align: inherit;\">Recomenda\u00e7\u00f5es &#8211; Mantenha a embalagem, fora do alcance de crian\u00e7as e animais; <\/span><span style=\"vertical-align: inherit;\">&#8211; n\u00e3o reutilizar uma embalagem; <\/span><span style=\"vertical-align: inherit;\">&#8211; de calor em local coberto, fresco e longe de fontes; <\/span><\/span><\/p>\n<p>&nbsp;<\/p>\n<p><span style=\"vertical-align: inherit;\"><span style=\"vertical-align: inherit;\">&#8211; Manter o ambiente ventilado durante a prepara\u00e7\u00e3o, aplica\u00e7\u00e3o e secagem. <\/span><span style=\"vertical-align: inherit;\">meramente ilustrativas, os objetos que ambientam as imagens n\u00e3o acompanham o produto <\/span><span style=\"vertical-align: inherit;\">final 4 horas depois da \u00faltima dem\u00e3o. <\/span><span style=\"vertical-align: inherit;\">Aguardar no m\u00ednimo 24 horas para o tr\u00e1fego de pessoas e 48 horas para o tr\u00e1fego de ve\u00edculos; <\/span><span style=\"vertical-align: inherit;\">&#8211; rendimento: lata 18l &#8211; no minimo 70 m\/pintura acabada. <\/span><span style=\"vertical-align: inherit;\">Indica\u00e7\u00f5es &#8211; pisos cimentados, concreto, lajotas n\u00e3o vitrificadas, fibrocimento e cer\u00e2micas porosas. <\/span><span style=\"vertical-align: inherit;\">Recomenda\u00e7\u00f5es &#8211; Mantenha a embalagem, fora do alcance de crian\u00e7as e animais; <\/span><span style=\"vertical-align: inherit;\">&#8211; n\u00e3o reutilizar uma embalagem; <\/span><span style=\"vertical-align: inherit;\">&#8211; de calor em local coberto, fresco e longe de fontes; <\/span><\/span><\/p>\n","protected":false},"excerpt":{"rendered":"<p>Com o lukspiso acr\u00edlico premium plus lukscolor voc\u00ea protege, decora e demarca pisos cimentados, em geral. Indicado para pintura de quadras polis, cal\u00e7adas, estacionamentos, garagens, industriais e comerciais, em ambientes externos e internos. \u00c9 f\u00e1cil de aplicar, seca r\u00e1pido e apresenta cobertura e rendimento superior. Com perfume suave, proporciona conforto e bem-estar, permitindo a sua&hellip;&nbsp;<\/p>\n","protected":false},"featured_media":448,"comment_status":"open","ping_status":"closed","template":"","meta":{"neve_meta_sidebar":"","neve_meta_container":"","neve_meta_enable_content_width":"off","neve_meta_content_width":100,"neve_meta_title_alignment":"","neve_meta_author_avatar":"","neve_post_elements_order":"","neve_meta_disable_header":"","neve_meta_disable_footer":"","neve_meta_disable_title":""},"product_brand":[],"product_cat":[19,20],"product_tag":[],"class_list":{"0":"post-267","1":"product","2":"type-product","3":"status-publish","4":"has-post-thumbnail","6":"product_cat-todas","7":"product_cat-tintas","9":"first","10":"instock","11":"shipping-taxable","12":"product-type-simple"},"_links":{"self":[{"href":"https:\/\/brasriotintas.com.br\/index.php?rest_route=\/wp\/v2\/product\/267","targetHints":{"allow":["GET"]}}],"collection":[{"href":"https:\/\/brasriotintas.com.br\/index.php?rest_route=\/wp\/v2\/product"}],"about":[{"href":"https:\/\/brasriotintas.com.br\/index.php?rest_route=\/wp\/v2\/types\/product"}],"replies":[{"embeddable":true,"href":"https:\/\/brasriotintas.com.br\/index.php?rest_route=%2Fwp%2Fv2%2Fcomments&post=267"}],"wp:featuredmedia":[{"embeddable":true,"href":"https:\/\/brasriotintas.com.br\/index.php?rest_route=\/wp\/v2\/media\/448"}],"wp:attachment":[{"href":"https:\/\/brasriotintas.com.br\/index.php?rest_route=%2Fwp%2Fv2%2Fmedia&parent=267"}],"wp:term":[{"taxonomy":"product_brand","embeddable":true,"href":"https:\/\/brasriotintas.com.br\/index.php?rest_route=%2Fwp%2Fv2%2Fproduct_brand&post=267"},{"taxonomy":"product_cat","embeddable":true,"href":"https:\/\/brasriotintas.com.br\/index.php?rest_route=%2Fwp%2Fv2%2Fproduct_cat&post=267"},{"taxonomy":"product_tag","embeddable":true,"href":"https:\/\/brasriotintas.com.br\/index.php?rest_route=%2Fwp%2Fv2%2Fproduct_tag&post=267"}],"curies":[{"name":"wp","href":"https:\/\/api.w.org\/{rel}","templated":true}]}}