{"id":388,"date":"2022-09-03T10:49:33","date_gmt":"2022-09-03T10:49:33","guid":{"rendered":"https:\/\/brasriotintas.com.br\/?post_type=product&#038;p=388"},"modified":"2025-03-11T03:54:31","modified_gmt":"2025-03-11T03:54:31","slug":"impermeabilizante-acrilico-flexivel-branco","status":"publish","type":"product","link":"https:\/\/brasriotintas.com.br\/?product=impermeabilizante-acrilico-flexivel-branco","title":{"rendered":"Impermeabilizante Acr\u00edlico Flex\u00edvel Branco"},"content":{"rendered":"<p><span style=\"vertical-align: inherit;\"><span style=\"vertical-align: inherit;\">Impermeabilizante pronto para aplica\u00e7\u00e3o, eliminando a necessidade de uso de ma\u00e7aricos e caldeiras. <\/span><span style=\"vertical-align: inherit;\">O Tecryl D3 foi desenvolvido com o mais alto padr\u00e3o de qualidade aplicado ap\u00f3s uma manta imperme\u00e1vel e de grande ader\u00eancia.<\/span><\/span><\/p>\n","protected":false},"excerpt":{"rendered":"<p>Impermeabilizante pronto para aplica\u00e7\u00e3o, eliminando a necessidade de uso de ma\u00e7aricos e caldeiras. O Tecryl D3 foi desenvolvido com o mais alto padr\u00e3o de qualidade aplicado ap\u00f3s uma manta imperme\u00e1vel e de grande ader\u00eancia.<\/p>\n","protected":false},"featured_media":389,"comment_status":"open","ping_status":"closed","template":"","meta":{"neve_meta_sidebar":"","neve_meta_container":"","neve_meta_enable_content_width":"off","neve_meta_content_width":100,"neve_meta_title_alignment":"","neve_meta_author_avatar":"","neve_post_elements_order":"","neve_meta_disable_header":"","neve_meta_disable_footer":"","neve_meta_disable_title":""},"product_brand":[],"product_cat":[19,81],"product_tag":[],"class_list":{"0":"post-388","1":"product","2":"type-product","3":"status-publish","4":"has-post-thumbnail","6":"product_cat-todas","7":"product_cat-revestimentos-e-impermeabilizantes","9":"first","10":"instock","11":"shipping-taxable","12":"product-type-simple"},"_links":{"self":[{"href":"https:\/\/brasriotintas.com.br\/index.php?rest_route=\/wp\/v2\/product\/388","targetHints":{"allow":["GET"]}}],"collection":[{"href":"https:\/\/brasriotintas.com.br\/index.php?rest_route=\/wp\/v2\/product"}],"about":[{"href":"https:\/\/brasriotintas.com.br\/index.php?rest_route=\/wp\/v2\/types\/product"}],"replies":[{"embeddable":true,"href":"https:\/\/brasriotintas.com.br\/index.php?rest_route=%2Fwp%2Fv2%2Fcomments&post=388"}],"wp:featuredmedia":[{"embeddable":true,"href":"https:\/\/brasriotintas.com.br\/index.php?rest_route=\/wp\/v2\/media\/389"}],"wp:attachment":[{"href":"https:\/\/brasriotintas.com.br\/index.php?rest_route=%2Fwp%2Fv2%2Fmedia&parent=388"}],"wp:term":[{"taxonomy":"product_brand","embeddable":true,"href":"https:\/\/brasriotintas.com.br\/index.php?rest_route=%2Fwp%2Fv2%2Fproduct_brand&post=388"},{"taxonomy":"product_cat","embeddable":true,"href":"https:\/\/brasriotintas.com.br\/index.php?rest_route=%2Fwp%2Fv2%2Fproduct_cat&post=388"},{"taxonomy":"product_tag","embeddable":true,"href":"https:\/\/brasriotintas.com.br\/index.php?rest_route=%2Fwp%2Fv2%2Fproduct_tag&post=388"}],"curies":[{"name":"wp","href":"https:\/\/api.w.org\/{rel}","templated":true}]}}