{"id":390,"date":"2022-09-03T11:18:18","date_gmt":"2022-09-03T11:18:18","guid":{"rendered":"https:\/\/brasriotintas.com.br\/?post_type=product&#038;p=390"},"modified":"2022-09-04T16:18:24","modified_gmt":"2022-09-04T16:18:24","slug":"tinta-acrilica-para-piso-novacor","status":"publish","type":"product","link":"https:\/\/brasriotintas.com.br\/?product=tinta-acrilica-para-piso-novacor","title":{"rendered":"Tinta Acr\u00edlica Para Piso Novacor"},"content":{"rendered":"<p>Novacor Piso Premium \u00e9 uma tinta \u00e0 base de resina acr\u00edlica para pisos cimentados, mesmo que j\u00e1 tenham sido pintados anteriormente. Tem grande poder de cobertura e alta durabilidade. Por isso, \u00e9 muito resistente ao tr\u00e1fego de pessoas, carros e intemp\u00e9ries, quando aplicada sobre superf\u00edcies corretamente preparadas e conservadas.<\/p>\n<p><b>Recomenda\u00e7\u00f5es:<\/b><br \/>\nIndicada para quadras poliesportivas, demarca\u00e7\u00e3o de garagens, pisos comerciais, \u00e1reas de recrea\u00e7\u00e3o e etc.<\/p>\n<p><b>Dem\u00e3os:<\/b><br \/>\nDuas a tr\u00eas dem\u00e3os.<\/p>\n<p><b>Dilui\u00e7\u00e3o:<\/b><br \/>\nPrimeira dem\u00e3o 30%. Segunda e terceira dem\u00e3os 10 a 20%.<\/p>\n<p><b>Secagem:<\/b><br \/>\nSecagem ao toque: 1 horas.<br \/>\nEntre dem\u00e3os: 4 horas.<br \/>\nFinal: 12 horas.<\/p>\n<p>Deve-se esperar pelo menos 48 horas ap\u00f3s a pintura, para permitir o tr\u00e1fego de pessoas, e 72 horas para ve\u00edculos.<\/p>\n<p><b>Aplica\u00e7\u00e3o:<\/b><br \/>\n&#8211; Misture bem o produto antes e durante a aplica\u00e7\u00e3o;<br \/>\n&#8211; Aplique com temperatura ambiente entre 10\u00b0C e 40\u00b0C;<br \/>\n&#8211; Evite aplicar em dias chuvosos, sobre superf\u00edcie quente, com corrente de ar intensa ou com umidade relativa do ar superior a 90%;<br \/>\n&#8211; Aplique o produto por igual, evitando repasses excessivos;<br \/>\n&#8211; N\u00e3o interrompa a aplica\u00e7\u00e3o no meio da superf\u00edcie;<br \/>\n&#8211; Evite retoques isolados ap\u00f3s a secagem do produto;<\/p>\n","protected":false},"excerpt":{"rendered":"<p>Novacor Piso Premium \u00e9 uma tinta \u00e0 base de resina acr\u00edlica para pisos cimentados, mesmo que j\u00e1 tenham sido pintados anteriormente. Tem grande poder de cobertura e alta durabilidade. Por isso, \u00e9 muito resistente ao tr\u00e1fego de pessoas, carros e intemp\u00e9ries, quando aplicada sobre superf\u00edcies corretamente preparadas e conservadas. Recomenda\u00e7\u00f5es: Indicada para quadras poliesportivas, demarca\u00e7\u00e3o&hellip;&nbsp;<\/p>\n","protected":false},"featured_media":392,"comment_status":"open","ping_status":"closed","template":"","meta":{"neve_meta_sidebar":"","neve_meta_container":"","neve_meta_enable_content_width":"off","neve_meta_content_width":100,"neve_meta_title_alignment":"","neve_meta_author_avatar":"","neve_post_elements_order":"","neve_meta_disable_header":"","neve_meta_disable_footer":"","neve_meta_disable_title":""},"product_brand":[],"product_cat":[19,20],"product_tag":[],"class_list":{"0":"post-390","1":"product","2":"type-product","3":"status-publish","4":"has-post-thumbnail","6":"product_cat-todas","7":"product_cat-tintas","9":"first","10":"instock","11":"shipping-taxable","12":"product-type-simple"},"_links":{"self":[{"href":"https:\/\/brasriotintas.com.br\/index.php?rest_route=\/wp\/v2\/product\/390","targetHints":{"allow":["GET"]}}],"collection":[{"href":"https:\/\/brasriotintas.com.br\/index.php?rest_route=\/wp\/v2\/product"}],"about":[{"href":"https:\/\/brasriotintas.com.br\/index.php?rest_route=\/wp\/v2\/types\/product"}],"replies":[{"embeddable":true,"href":"https:\/\/brasriotintas.com.br\/index.php?rest_route=%2Fwp%2Fv2%2Fcomments&post=390"}],"wp:featuredmedia":[{"embeddable":true,"href":"https:\/\/brasriotintas.com.br\/index.php?rest_route=\/wp\/v2\/media\/392"}],"wp:attachment":[{"href":"https:\/\/brasriotintas.com.br\/index.php?rest_route=%2Fwp%2Fv2%2Fmedia&parent=390"}],"wp:term":[{"taxonomy":"product_brand","embeddable":true,"href":"https:\/\/brasriotintas.com.br\/index.php?rest_route=%2Fwp%2Fv2%2Fproduct_brand&post=390"},{"taxonomy":"product_cat","embeddable":true,"href":"https:\/\/brasriotintas.com.br\/index.php?rest_route=%2Fwp%2Fv2%2Fproduct_cat&post=390"},{"taxonomy":"product_tag","embeddable":true,"href":"https:\/\/brasriotintas.com.br\/index.php?rest_route=%2Fwp%2Fv2%2Fproduct_tag&post=390"}],"curies":[{"name":"wp","href":"https:\/\/api.w.org\/{rel}","templated":true}]}}