{"id":393,"date":"2022-09-03T11:24:14","date_gmt":"2022-09-03T11:24:14","guid":{"rendered":"https:\/\/brasriotintas.com.br\/?post_type=product&#038;p=393"},"modified":"2022-09-04T16:07:56","modified_gmt":"2022-09-04T16:07:56","slug":"esmalte-sintetico-premium-secagem-rapida","status":"publish","type":"product","link":"https:\/\/brasriotintas.com.br\/?product=esmalte-sintetico-premium-secagem-rapida","title":{"rendered":"Esmalte Sint\u00e9tico Premium Secagem R\u00e1pida"},"content":{"rendered":"<p><span style=\"vertical-align: inherit;\"><span style=\"vertical-align: inherit;\">Alto brilho, alta resist\u00eancia, seca em 30 minutos. <\/span><\/span><br \/>\n<span style=\"vertical-align: inherit;\"><span style=\"vertical-align: inherit;\">Eucalux Seca R\u00e1pido Esmalte Premium \u00e9 indicado para aplica\u00e7\u00e3o em superf\u00edcies de madeira, metais ferrosos, alum\u00ednio, galvanizado e alvenaria. <\/span><span style=\"vertical-align: inherit;\">Sua f\u00f3rmula inovadora permite uma <\/span><\/span><br \/>\n<span style=\"vertical-align: inherit;\"><span style=\"vertical-align: inherit;\">secagem em at\u00e9 3 min toque e ainda silicone que cria uma prote\u00e7\u00e3o prolongada para conservar o brilho e facilitar a limpeza. <\/span><\/span><br \/>\n<span style=\"vertical-align: inherit;\"><span style=\"vertical-align: inherit;\">Produto conforme a Norma ABNT NBR tipo 11702, <\/span><\/span><br \/>\n<span style=\"vertical-align: inherit;\"><span style=\"vertical-align: inherit;\">e pontos de constru\u00e7\u00e3o de Metais com O ferrosos n\u00e3o (Metais): Lixar, removendo os ferrugem aplicar Eucatex Zero Ferrugem, a secagem aplicar uma dem\u00e3o de Eucatex Zarc\u00e3o <\/span><\/span><br \/>\n<span style=\"vertical-align: inherit;\"><span style=\"vertical-align: inherit;\">n\u00e3o ferrosos &#8211; Galvanizado Alum\u00ednio: Em (metais) removedor de lixador como limpar limpar com pano embebido<\/span><\/span><br \/>\n<span style=\"vertical-align: inherit;\"><span style=\"vertical-align: inherit;\">Galvanizados. <\/span><span style=\"vertical-align: inherit;\">Em superf\u00edcies de (alum\u00ednio) limpar com aplica\u00e7\u00f5es embebidos embebidos em Aguarr\u00e1s e aplicar Eucatex Fundo Cromato de Zinco ou Eucatex Fundo para <\/span><\/span><br \/>\n<span style=\"vertical-align: inherit;\"><span style=\"vertical-align: inherit;\">Madeiras Galvanizadas (novas e n\u00e3o secas): Aguardar a secagem total da madeira e em caso de madeiras resinosas que devem receber sucessivas de thinner at\u00e9 completa garantia da <\/span><\/span><br \/>\n<span style=\"vertical-align: inherit;\"><span style=\"vertical-align: inherit;\">resina natural. <\/span><span style=\"vertical-align: inherit;\">Madeira (novas secas) lixar a superf\u00edcie para eliminar farpas, remover os res\u00edduos, aplicar uma dem\u00e3o de Eucatex Fundo Sint\u00e9tico Nivelador. <\/span><span style=\"vertical-align: inherit;\">Superf\u00edcie com imperfei\u00e7\u00f5es <\/span><\/span><br \/>\n<span style=\"vertical-align: inherit;\"><span style=\"vertical-align: inherit;\">corrija com Eucatex Massa para Madeira e aplique um dem\u00e3o de Eucatex Fundo Nivel para Madeiras <\/span><\/span><br \/>\n<span style=\"vertical-align: inherit;\"><span style=\"vertical-align: inherit;\">Metias Novos seguidos: Lixar e limpar com um pano embebido em Eucatex Aguarr\u00e1s<\/span><\/span><br \/>\n<span style=\"vertical-align: inherit;\"><span style=\"vertical-align: inherit;\">Superf\u00edcies com manchas gordurosas: Tratar com solu\u00e7\u00e3o de \u00e1gua e detergente neutro, enxaguar bem, aguardar a secagem total <\/span><\/span><br \/>\n<span style=\"vertical-align: inherit;\"><span style=\"vertical-align: inherit;\">Repintura: Remover as partes soltas, lixar para remover o brilho e seguir com nova aplica\u00e7\u00e3o.<\/span><\/span><\/p>\n<p><span style=\"vertical-align: inherit;\"><span style=\"vertical-align: inherit;\">A cor da cole\u00e7\u00e3o pode mostrar a tonalidade final da tonalidade <\/span><span style=\"vertical-align: inherit;\">A <\/span><\/span><br \/>\n<span style=\"vertical-align: inherit;\"><span style=\"vertical-align: inherit;\">luminosidade do ambiente e a presen\u00e7a de outros n\u00facleos onde a tinta aplicada poder\u00e1 interferir na percep\u00e7\u00e3o da cor escolhida. <\/span><span style=\"vertical-align: inherit;\">Uma cor em produtos e\/ou acabamentos diferentes <\/span><\/span><br \/>\n<span style=\"vertical-align: inherit;\"><span style=\"vertical-align: inherit;\">(brilho, textura, etc.) pode apresentar a tonalidade da tonalidade.<\/span><\/span><\/p>\n<p><span style=\"vertical-align: inherit;\"><span style=\"vertical-align: inherit;\">Informa\u00e7\u00f5es T\u00e9cnicas:<\/span><\/span><\/p>\n<p><span style=\"vertical-align: inherit;\"><span style=\"vertical-align: inherit;\">Superf\u00edcie: Madeira, Metal ferroso, Metal ferroso, Galvanizados , Alvenaria <\/span><\/span><br \/>\n<span style=\"vertical-align: inherit;\"><span style=\"vertical-align: inherit;\">Dilui\u00e7\u00e3o (com aguarr\u00e1s): Metais: 10% em todas as dem\u00e3os, Madeira: 15% em todas as dem\u00e3os. <\/span><\/span><br \/>\n<span style=\"vertical-align: inherit;\"><span style=\"vertical-align: inherit;\">Rendimento: Gal\u00e3o (3,6 litros): at\u00e9 75 m2\/dem\u00e3o, Gal\u00e3o (3,2 litros): at\u00e9 67 m2\/dem\u00e3o <\/span><\/span><br \/>\n<span style=\"vertical-align: inherit;\"><span style=\"vertical-align: inherit;\">Dem\u00e3os: Duas a tr\u00eas com intervalo de 2 horas. <\/span><\/span><br \/>\n<span style=\"vertical-align: inherit;\"><span style=\"vertical-align: inherit;\">Pistola: Diluir com 30% de aguarr\u00e1s, press\u00e3o entre 2,2 e 2,8 kgf\/cm2 ou 30 e 35 lbs\/ <\/span><\/span><br \/>\n<span style=\"vertical-align: inherit;\"><span style=\"vertical-align: inherit;\">pol2 Secagem: Ao toque: 30 min <\/span><\/span><br \/>\n<span style=\"vertical-align: inherit;\"><span style=\"vertical-align: inherit;\">Entre dem\u00e3os: 2 horas <\/span><\/span><br \/>\n<span style=\"vertical-align: inherit;\"><span style=\"vertical-align: inherit;\">Final: 8 horas <\/span><\/span><br \/>\n<span style=\"vertical-align: inherit;\"><span style=\"vertical-align: inherit;\">Aplica\u00e7\u00e3o: Rolo de espuma, Pincel, Pistola<\/span><\/span><\/p>\n","protected":false},"excerpt":{"rendered":"<p>Alto brilho, alta resist\u00eancia, seca em 30 minutos. Eucalux Seca R\u00e1pido Esmalte Premium \u00e9 indicado para aplica\u00e7\u00e3o em superf\u00edcies de madeira, metais ferrosos, alum\u00ednio, galvanizado e alvenaria. Sua f\u00f3rmula inovadora permite uma secagem em at\u00e9 3 min toque e ainda silicone que cria uma prote\u00e7\u00e3o prolongada para conservar o brilho e facilitar a limpeza. Produto&hellip;&nbsp;<\/p>\n","protected":false},"featured_media":444,"comment_status":"open","ping_status":"closed","template":"","meta":{"neve_meta_sidebar":"","neve_meta_container":"","neve_meta_enable_content_width":"off","neve_meta_content_width":100,"neve_meta_title_alignment":"","neve_meta_author_avatar":"","neve_post_elements_order":"","neve_meta_disable_header":"","neve_meta_disable_footer":"","neve_meta_disable_title":""},"product_brand":[],"product_cat":[19,20],"product_tag":[],"class_list":{"0":"post-393","1":"product","2":"type-product","3":"status-publish","4":"has-post-thumbnail","6":"product_cat-todas","7":"product_cat-tintas","9":"first","10":"instock","11":"shipping-taxable","12":"product-type-simple"},"_links":{"self":[{"href":"https:\/\/brasriotintas.com.br\/index.php?rest_route=\/wp\/v2\/product\/393","targetHints":{"allow":["GET"]}}],"collection":[{"href":"https:\/\/brasriotintas.com.br\/index.php?rest_route=\/wp\/v2\/product"}],"about":[{"href":"https:\/\/brasriotintas.com.br\/index.php?rest_route=\/wp\/v2\/types\/product"}],"replies":[{"embeddable":true,"href":"https:\/\/brasriotintas.com.br\/index.php?rest_route=%2Fwp%2Fv2%2Fcomments&post=393"}],"wp:featuredmedia":[{"embeddable":true,"href":"https:\/\/brasriotintas.com.br\/index.php?rest_route=\/wp\/v2\/media\/444"}],"wp:attachment":[{"href":"https:\/\/brasriotintas.com.br\/index.php?rest_route=%2Fwp%2Fv2%2Fmedia&parent=393"}],"wp:term":[{"taxonomy":"product_brand","embeddable":true,"href":"https:\/\/brasriotintas.com.br\/index.php?rest_route=%2Fwp%2Fv2%2Fproduct_brand&post=393"},{"taxonomy":"product_cat","embeddable":true,"href":"https:\/\/brasriotintas.com.br\/index.php?rest_route=%2Fwp%2Fv2%2Fproduct_cat&post=393"},{"taxonomy":"product_tag","embeddable":true,"href":"https:\/\/brasriotintas.com.br\/index.php?rest_route=%2Fwp%2Fv2%2Fproduct_tag&post=393"}],"curies":[{"name":"wp","href":"https:\/\/api.w.org\/{rel}","templated":true}]}}