{"id":398,"date":"2022-09-03T11:29:04","date_gmt":"2022-09-03T11:29:04","guid":{"rendered":"https:\/\/brasriotintas.com.br\/?post_type=product&#038;p=398"},"modified":"2022-09-04T16:05:36","modified_gmt":"2022-09-04T16:05:36","slug":"esmalte-sintetico-ceramica-coral","status":"publish","type":"product","link":"https:\/\/brasriotintas.com.br\/?product=esmalte-sintetico-ceramica-coral","title":{"rendered":"Esmalte Sint\u00e9tico Cer\u00e2mica Coral"},"content":{"rendered":"<p>Indicada para dar aquele acabamento especial em pe\u00e7as de cer\u00e2mica, a Tinta Embeleza Cer\u00e2mica tem toda a qualidade que s\u00f3 as tintas Coral oferecem em tonalidade brilhante e alta capacidade de ader\u00eancia, recomendada tanto para aplica\u00e7\u00e3o externa quanto interna.<\/p>\n<p>O gal\u00e3o de 3,6 litros cobre at\u00e9 50m\u00b2 por dem\u00e3o, comprova\u00e7\u00e3o de sua alta rentabilidade e produtividade. Recomenda-se, para melhor aplica\u00e7\u00e3o, a limpeza da superf\u00edcie a ser utilizada e o uso de pincel com cerdas macias, rolo de espuma ou mesmo pistola para um acabamento mais homog\u00eaneo.<\/p>\n","protected":false},"excerpt":{"rendered":"<p>Indicada para dar aquele acabamento especial em pe\u00e7as de cer\u00e2mica, a Tinta Embeleza Cer\u00e2mica tem toda a qualidade que s\u00f3 as tintas Coral oferecem em tonalidade brilhante e alta capacidade de ader\u00eancia, recomendada tanto para aplica\u00e7\u00e3o externa quanto interna. O gal\u00e3o de 3,6 litros cobre at\u00e9 50m\u00b2 por dem\u00e3o, comprova\u00e7\u00e3o de sua alta rentabilidade e&hellip;&nbsp;<\/p>\n","protected":false},"featured_media":399,"comment_status":"open","ping_status":"closed","template":"","meta":{"neve_meta_sidebar":"","neve_meta_container":"","neve_meta_enable_content_width":"off","neve_meta_content_width":100,"neve_meta_title_alignment":"","neve_meta_author_avatar":"","neve_post_elements_order":"","neve_meta_disable_header":"","neve_meta_disable_footer":"","neve_meta_disable_title":""},"product_brand":[],"product_cat":[19,20],"product_tag":[],"class_list":{"0":"post-398","1":"product","2":"type-product","3":"status-publish","4":"has-post-thumbnail","6":"product_cat-todas","7":"product_cat-tintas","9":"first","10":"instock","11":"shipping-taxable","12":"product-type-simple"},"_links":{"self":[{"href":"https:\/\/brasriotintas.com.br\/index.php?rest_route=\/wp\/v2\/product\/398","targetHints":{"allow":["GET"]}}],"collection":[{"href":"https:\/\/brasriotintas.com.br\/index.php?rest_route=\/wp\/v2\/product"}],"about":[{"href":"https:\/\/brasriotintas.com.br\/index.php?rest_route=\/wp\/v2\/types\/product"}],"replies":[{"embeddable":true,"href":"https:\/\/brasriotintas.com.br\/index.php?rest_route=%2Fwp%2Fv2%2Fcomments&post=398"}],"wp:featuredmedia":[{"embeddable":true,"href":"https:\/\/brasriotintas.com.br\/index.php?rest_route=\/wp\/v2\/media\/399"}],"wp:attachment":[{"href":"https:\/\/brasriotintas.com.br\/index.php?rest_route=%2Fwp%2Fv2%2Fmedia&parent=398"}],"wp:term":[{"taxonomy":"product_brand","embeddable":true,"href":"https:\/\/brasriotintas.com.br\/index.php?rest_route=%2Fwp%2Fv2%2Fproduct_brand&post=398"},{"taxonomy":"product_cat","embeddable":true,"href":"https:\/\/brasriotintas.com.br\/index.php?rest_route=%2Fwp%2Fv2%2Fproduct_cat&post=398"},{"taxonomy":"product_tag","embeddable":true,"href":"https:\/\/brasriotintas.com.br\/index.php?rest_route=%2Fwp%2Fv2%2Fproduct_tag&post=398"}],"curies":[{"name":"wp","href":"https:\/\/api.w.org\/{rel}","templated":true}]}}