{"id":400,"date":"2022-09-03T11:35:37","date_gmt":"2022-09-03T11:35:37","guid":{"rendered":"https:\/\/brasriotintas.com.br\/?post_type=product&#038;p=400"},"modified":"2022-09-04T16:04:43","modified_gmt":"2022-09-04T16:04:43","slug":"verniz-solgard-triplo-filtro-solar-5-anos-duracao","status":"publish","type":"product","link":"https:\/\/brasriotintas.com.br\/?product=verniz-solgard-triplo-filtro-solar-5-anos-duracao","title":{"rendered":"Verniz Solgard Triplo Filtro Solar &#8211; 5 anos Dura\u00e7\u00e3o"},"content":{"rendered":"<p>Verniz Sparlack Solgard Triplo Filtro Solar Brilhante Natural Incolor Gal\u00e3o 3,6 Litros<\/p>\n<p>A linha de vernizes da Sparlack, agora chamada de \u201cVernizes Premium\u201d, \u00e9 a linha de vernizes que contam com a tradicional tecnologia de formar uma camada r\u00edgida sobre a madeira, que oferece m\u00e1xima prote\u00e7\u00e3o e embelezamento ao local aplicado. Os produtos da linha de Vernizes Premium<br \/>\ntem durabilidade de 2 a 5 anos.<br \/>\nA linha Vernizes Premium contam com 4 produtos o do an\u00fancio em quest\u00e3o \u00e9:<\/p>\n<p>Solgard Triplo Filtro Solar, que possui tripla prote\u00e7\u00e3o contra sol e chuva.<\/p>\n<p>O Solgard Triplo Filtro Solar \u00e9 um produto que une os principais benef\u00edcios que um verniz deve ter, sendo a melhor op\u00e7\u00e3o em prote\u00e7\u00e3o no mercado. O Solgard Triplo Filtro Solar, al\u00e9m de uma tripla prote\u00e7\u00e3o contra os agentes externos (o sol e a chuva, por exemplo), embeleza a madeira e \u00e9 hidrorrepelente. Por sua f\u00f3rmula com alto teor de s\u00f3lidos, ele produz uma camada maior e, consequentemente, uma maior resist\u00eancia se comparado ao Triplo Filtro Solar, al\u00e9m de uma quantidade maior de filtro solar e maior durabilidade, mantendo sua prote\u00e7\u00e3o por ate 5 anos.<\/p>\n<p>&nbsp;<\/p>\n<p>Aplica\u00e7\u00e3o: portas, port\u00f5es e janelas de ambientes externos e internos. Utilizar pincel, rolo, trincha ou pistola convencional. Aplicar duas a tr\u00eas dem\u00e3os com intervalo de secagem de 8 a 12 horas. A primeira dem\u00e3o deve ser aplicada com pincel ou trincha.<\/p>\n<p>Secagem: Ao toque: 4 horas. Entre dem\u00e3os: 12 Horas. Completa: 24 horas.<\/p>\n<p>Dilui\u00e7\u00e3o: Dilui\u00e7\u00e3o com acabamento sobre madeiras: diluir com aguarr\u00e1s em at\u00e9 20% para aplicar com pincel, trincha ou rolo, e at\u00e9 30% para aplicar com pistola.<\/p>\n<p>Dilui\u00e7\u00e3o como restaurador sobre alvenaria (Impermeabilizante): Diluir at\u00e9 100% com aguarr\u00e1s para a m\u00e1xima penetra\u00e7\u00e3o do produto na superf\u00edcie a ser restaurada<\/p>\n<p>Rendimento: At\u00e9 66m\u00b2\/ Gal\u00e3o \/Dem\u00e3o. Vari\u00e1vel conforme a ferramenta usada.<\/p>\n<p>Observa\u00e7\u00f5es:<\/p>\n<p>Aplicar em espessura igual ou superior a 3 dem\u00e3os a pincel<br \/>\nA madeira dever\u00e1 estar seca, contendo menos de 20% de umidade<br \/>\nPara uso em exteriores aplicar 3 dem\u00e3os diretamente sobre a madeira<\/p>\n","protected":false},"excerpt":{"rendered":"<p>Verniz Sparlack Solgard Triplo Filtro Solar Brilhante Natural Incolor Gal\u00e3o 3,6 Litros A linha de vernizes da Sparlack, agora chamada de \u201cVernizes Premium\u201d, \u00e9 a linha de vernizes que contam com a tradicional tecnologia de formar uma camada r\u00edgida sobre a madeira, que oferece m\u00e1xima prote\u00e7\u00e3o e embelezamento ao local aplicado. Os produtos da linha&hellip;&nbsp;<\/p>\n","protected":false},"featured_media":401,"comment_status":"open","ping_status":"closed","template":"","meta":{"neve_meta_sidebar":"","neve_meta_container":"","neve_meta_enable_content_width":"off","neve_meta_content_width":100,"neve_meta_title_alignment":"","neve_meta_author_avatar":"","neve_post_elements_order":"","neve_meta_disable_header":"","neve_meta_disable_footer":"","neve_meta_disable_title":""},"product_brand":[],"product_cat":[19,20],"product_tag":[],"class_list":{"0":"post-400","1":"product","2":"type-product","3":"status-publish","4":"has-post-thumbnail","6":"product_cat-todas","7":"product_cat-tintas","9":"first","10":"instock","11":"shipping-taxable","12":"product-type-simple"},"_links":{"self":[{"href":"https:\/\/brasriotintas.com.br\/index.php?rest_route=\/wp\/v2\/product\/400","targetHints":{"allow":["GET"]}}],"collection":[{"href":"https:\/\/brasriotintas.com.br\/index.php?rest_route=\/wp\/v2\/product"}],"about":[{"href":"https:\/\/brasriotintas.com.br\/index.php?rest_route=\/wp\/v2\/types\/product"}],"replies":[{"embeddable":true,"href":"https:\/\/brasriotintas.com.br\/index.php?rest_route=%2Fwp%2Fv2%2Fcomments&post=400"}],"wp:featuredmedia":[{"embeddable":true,"href":"https:\/\/brasriotintas.com.br\/index.php?rest_route=\/wp\/v2\/media\/401"}],"wp:attachment":[{"href":"https:\/\/brasriotintas.com.br\/index.php?rest_route=%2Fwp%2Fv2%2Fmedia&parent=400"}],"wp:term":[{"taxonomy":"product_brand","embeddable":true,"href":"https:\/\/brasriotintas.com.br\/index.php?rest_route=%2Fwp%2Fv2%2Fproduct_brand&post=400"},{"taxonomy":"product_cat","embeddable":true,"href":"https:\/\/brasriotintas.com.br\/index.php?rest_route=%2Fwp%2Fv2%2Fproduct_cat&post=400"},{"taxonomy":"product_tag","embeddable":true,"href":"https:\/\/brasriotintas.com.br\/index.php?rest_route=%2Fwp%2Fv2%2Fproduct_tag&post=400"}],"curies":[{"name":"wp","href":"https:\/\/api.w.org\/{rel}","templated":true}]}}