{"id":402,"date":"2022-09-03T11:44:10","date_gmt":"2022-09-03T11:44:10","guid":{"rendered":"https:\/\/brasriotintas.com.br\/?post_type=product&#038;p=402"},"modified":"2022-09-04T16:04:12","modified_gmt":"2022-09-04T16:04:12","slug":"verniz-tingidor-neutrex-cores-3-anos-duracao","status":"publish","type":"product","link":"https:\/\/brasriotintas.com.br\/?product=verniz-tingidor-neutrex-cores-3-anos-duracao","title":{"rendered":"Verniz Tingidor Neutrex (cores) &#8211; 3 anos Dura\u00e7\u00e3o"},"content":{"rendered":"<p>Verniz Sparlack Neutrex Brilhante Mogno Avermelhado Gal\u00e3o 3,6 Litros<\/p>\n<p>A linha de vernizes da Sparlack, agora chamada de \u201cVernizes Premium\u201d, \u00e9 a linha de vernizes que contam com a tradicional tecnologia de formar uma camada r\u00edgida sobre a madeira, que oferece m\u00e1xima prote\u00e7\u00e3o e embelezamento ao local aplicado. Os produtos da linha de Vernizes Premium<br \/>\ntem durabilidade de 2 a 5 anos.<br \/>\nA linha Vermizes Premium contam com 4 produtos o do an\u00fancio em quest\u00e3o \u00e9:<\/p>\n<p>Neutrex Tingidor \u00e9 um verniz tingidor, com acabamento extremamente brilhante, formando uma pel\u00edcula super r\u00edgida e resistente. Tamb\u00e9m pode ser utilizado como um impermeabilizante em paredes de alvenaria, reboco e concreto.<\/p>\n<p>&#8211; Aplica\u00e7\u00e3o:<\/p>\n<p>portas, port\u00f5es e janelas de ambientes externos e internos. Utilizar pincel, rolo, trincha ou pistola convencional. Aplicar duas a tr\u00eas dem\u00e3os com intervalo de secagem de 8 a 12 horas. A primeira dem\u00e3o deve ser aplicada com pincel ou trincha.<\/p>\n<p>&#8211; Secagem:<\/p>\n<p>Ao toque: 4 horas. Entre dem\u00e3os: 12 Horas. Completa: 24 horas.<\/p>\n<p>&#8211; Dilui\u00e7\u00e3o:<\/p>\n<p>Dilui\u00e7\u00e3o com acabamento sobre madeiras: diluir com aguarr\u00e1s em at\u00e9 20% para aplicar com pincel, trincha ou rolo, e at\u00e9 30% para aplicar com pistola.<br \/>\nDilui\u00e7\u00e3o como restaurador sobre alvenaria (Impermeabilizante): Diluir at\u00e9 100% com aguarr\u00e1s para a m\u00e1xima penetra\u00e7\u00e3o do produto na superf\u00edcie a ser restaurada<br \/>\nRendimento: At\u00e9 66m\u00b2\/ Gal\u00e3o \/Dem\u00e3o. Vari\u00e1vel conforme a ferramenta usada.<\/p>\n<p>&#8211; Observa\u00e7\u00f5es:<\/p>\n<p>Aplicar em espessura igual ou superior a 3 dem\u00e3os a pincel<br \/>\nA madeira dever\u00e1 estar seca, contendo menos de 20% de umidade<br \/>\nPara uso em exteriores aplicar 3 dem\u00e3os diretamente sobre a madeira<\/p>\n<p>Aproveite o Frete e compre junto<\/p>\n","protected":false},"excerpt":{"rendered":"<p>Verniz Sparlack Neutrex Brilhante Mogno Avermelhado Gal\u00e3o 3,6 Litros A linha de vernizes da Sparlack, agora chamada de \u201cVernizes Premium\u201d, \u00e9 a linha de vernizes que contam com a tradicional tecnologia de formar uma camada r\u00edgida sobre a madeira, que oferece m\u00e1xima prote\u00e7\u00e3o e embelezamento ao local aplicado. Os produtos da linha de Vernizes Premium&hellip;&nbsp;<\/p>\n","protected":false},"featured_media":403,"comment_status":"open","ping_status":"closed","template":"","meta":{"neve_meta_sidebar":"","neve_meta_container":"","neve_meta_enable_content_width":"off","neve_meta_content_width":100,"neve_meta_title_alignment":"","neve_meta_author_avatar":"","neve_post_elements_order":"","neve_meta_disable_header":"","neve_meta_disable_footer":"","neve_meta_disable_title":""},"product_brand":[],"product_cat":[19,20],"product_tag":[],"class_list":{"0":"post-402","1":"product","2":"type-product","3":"status-publish","4":"has-post-thumbnail","6":"product_cat-todas","7":"product_cat-tintas","9":"first","10":"instock","11":"shipping-taxable","12":"product-type-simple"},"_links":{"self":[{"href":"https:\/\/brasriotintas.com.br\/index.php?rest_route=\/wp\/v2\/product\/402","targetHints":{"allow":["GET"]}}],"collection":[{"href":"https:\/\/brasriotintas.com.br\/index.php?rest_route=\/wp\/v2\/product"}],"about":[{"href":"https:\/\/brasriotintas.com.br\/index.php?rest_route=\/wp\/v2\/types\/product"}],"replies":[{"embeddable":true,"href":"https:\/\/brasriotintas.com.br\/index.php?rest_route=%2Fwp%2Fv2%2Fcomments&post=402"}],"wp:featuredmedia":[{"embeddable":true,"href":"https:\/\/brasriotintas.com.br\/index.php?rest_route=\/wp\/v2\/media\/403"}],"wp:attachment":[{"href":"https:\/\/brasriotintas.com.br\/index.php?rest_route=%2Fwp%2Fv2%2Fmedia&parent=402"}],"wp:term":[{"taxonomy":"product_brand","embeddable":true,"href":"https:\/\/brasriotintas.com.br\/index.php?rest_route=%2Fwp%2Fv2%2Fproduct_brand&post=402"},{"taxonomy":"product_cat","embeddable":true,"href":"https:\/\/brasriotintas.com.br\/index.php?rest_route=%2Fwp%2Fv2%2Fproduct_cat&post=402"},{"taxonomy":"product_tag","embeddable":true,"href":"https:\/\/brasriotintas.com.br\/index.php?rest_route=%2Fwp%2Fv2%2Fproduct_tag&post=402"}],"curies":[{"name":"wp","href":"https:\/\/api.w.org\/{rel}","templated":true}]}}