{"id":407,"date":"2022-09-03T11:50:02","date_gmt":"2022-09-03T11:50:02","guid":{"rendered":"https:\/\/brasriotintas.com.br\/?post_type=product&#038;p=407"},"modified":"2022-09-04T16:01:39","modified_gmt":"2022-09-04T16:01:39","slug":"verniz-fosco-para-madeira-suvinil","status":"publish","type":"product","link":"https:\/\/brasriotintas.com.br\/?product=verniz-fosco-para-madeira-suvinil","title":{"rendered":"Verniz Fosco Para Madeira Suvinil"},"content":{"rendered":"<p>Suvinil Madeira Protegida \u00e9 um verniz mar\u00edtimo para madeira com alta resist\u00eancia contra chuva e sol. \u00c9 um produto de f\u00e1cil aplica\u00e7\u00e3o, bom alastramento, boa ader\u00eancia, secagem r\u00e1pida e que real\u00e7a o aspecto natural da madeira. Ap\u00f3s a aplica\u00e7\u00e3o, voc\u00ea conta com 3 anos de garantia.<\/p>\n<p><b>Recomenda\u00e7\u00f5es:<\/b>\u00a0Indicado para prote\u00e7\u00e3o de superf\u00edcies internas e externas de madeira conferindo boa resist\u00eancia \u00e0s intemp\u00e9rie e real\u00e7ando o aspecto natural da madeira.<\/p>\n<p><b>Dilui\u00e7\u00e3o:<\/b>\u00a0Suvinil Aguarr\u00e1s<br \/>\nEm madeira nova e repintura 10% de Aguarr\u00e1s Suvinil em todas as dem\u00e3os. Para aplica\u00e7\u00e3o com pistola diluir 30% de Aguarr\u00e1s Suvinil.<\/p>\n<p><b>Dem\u00e3os:<\/b>\u00a0Madeira nova: 3 dem\u00e3os. Repintura: 1 a 2 dem\u00e3os<\/p>\n<p><b>Secagem:<\/b>\u00a0Ao toque: 4 a 6 horas. Entre dem\u00e3os: 12 horas. Final: 24 horas<\/p>\n","protected":false},"excerpt":{"rendered":"<p>Suvinil Madeira Protegida \u00e9 um verniz mar\u00edtimo para madeira com alta resist\u00eancia contra chuva e sol. \u00c9 um produto de f\u00e1cil aplica\u00e7\u00e3o, bom alastramento, boa ader\u00eancia, secagem r\u00e1pida e que real\u00e7a o aspecto natural da madeira. Ap\u00f3s a aplica\u00e7\u00e3o, voc\u00ea conta com 3 anos de garantia. Recomenda\u00e7\u00f5es:\u00a0Indicado para prote\u00e7\u00e3o de superf\u00edcies internas e externas de&hellip;&nbsp;<\/p>\n","protected":false},"featured_media":408,"comment_status":"open","ping_status":"closed","template":"","meta":{"neve_meta_sidebar":"","neve_meta_container":"","neve_meta_enable_content_width":"off","neve_meta_content_width":100,"neve_meta_title_alignment":"","neve_meta_author_avatar":"","neve_post_elements_order":"","neve_meta_disable_header":"","neve_meta_disable_footer":"","neve_meta_disable_title":""},"product_brand":[],"product_cat":[19],"product_tag":[],"class_list":{"0":"post-407","1":"product","2":"type-product","3":"status-publish","4":"has-post-thumbnail","6":"product_cat-todas","8":"first","9":"instock","10":"shipping-taxable","11":"product-type-simple"},"_links":{"self":[{"href":"https:\/\/brasriotintas.com.br\/index.php?rest_route=\/wp\/v2\/product\/407","targetHints":{"allow":["GET"]}}],"collection":[{"href":"https:\/\/brasriotintas.com.br\/index.php?rest_route=\/wp\/v2\/product"}],"about":[{"href":"https:\/\/brasriotintas.com.br\/index.php?rest_route=\/wp\/v2\/types\/product"}],"replies":[{"embeddable":true,"href":"https:\/\/brasriotintas.com.br\/index.php?rest_route=%2Fwp%2Fv2%2Fcomments&post=407"}],"wp:featuredmedia":[{"embeddable":true,"href":"https:\/\/brasriotintas.com.br\/index.php?rest_route=\/wp\/v2\/media\/408"}],"wp:attachment":[{"href":"https:\/\/brasriotintas.com.br\/index.php?rest_route=%2Fwp%2Fv2%2Fmedia&parent=407"}],"wp:term":[{"taxonomy":"product_brand","embeddable":true,"href":"https:\/\/brasriotintas.com.br\/index.php?rest_route=%2Fwp%2Fv2%2Fproduct_brand&post=407"},{"taxonomy":"product_cat","embeddable":true,"href":"https:\/\/brasriotintas.com.br\/index.php?rest_route=%2Fwp%2Fv2%2Fproduct_cat&post=407"},{"taxonomy":"product_tag","embeddable":true,"href":"https:\/\/brasriotintas.com.br\/index.php?rest_route=%2Fwp%2Fv2%2Fproduct_tag&post=407"}],"curies":[{"name":"wp","href":"https:\/\/api.w.org\/{rel}","templated":true}]}}