{"id":409,"date":"2022-09-03T12:19:02","date_gmt":"2022-09-03T12:19:02","guid":{"rendered":"https:\/\/brasriotintas.com.br\/?post_type=product&#038;p=409"},"modified":"2022-09-04T16:00:46","modified_gmt":"2022-09-04T16:00:46","slug":"tinta-acrilica-para-piso-lukscolor","status":"publish","type":"product","link":"https:\/\/brasriotintas.com.br\/?product=tinta-acrilica-para-piso-lukscolor","title":{"rendered":"Tinta Acr\u00edlica Para Piso Lukscolor"},"content":{"rendered":"<p>Indicado para pintura de quadras poliesportivas, cal\u00e7adas, estacionamentos, garagens, pisos industriais e comerciais, em ambientes externos e internos. \u00c9 f\u00e1cil de aplicar, seca r\u00e1pido e apresenta cobertura e rendimento superior. Com Suave Perfume, proporciona conforto e bem-estar, permitindo a sua perman\u00eancia no ambiente do in\u00edcio ao fim da pintura.<\/p>\n<p><strong>Caracter\u00edsticas<\/strong><\/p>\n<p>\u2013 Pode ser usado em ambientes internos ou externos;<br \/>\n\u2013 Alta Durabilidade e Resist\u00eancia;<br \/>\n\u2013 \u00d3tima Cobertura;<br \/>\n\u2013 Alto Rendimento;<br \/>\n\u2013 F\u00e1cil Aplica\u00e7\u00e3o;<br \/>\n\u2013 Suave Perfume, permitindo a sua perman\u00eancia no ambiente do in\u00edcio ao fim da pintura.<\/p>\n<p><strong>Rendimento*<\/strong><\/p>\n<ul>\n<li>Lata 18L \u2013 Rende no m\u00ednimo 70 m\u00b2 de pintura acabada;<\/li>\n<li>Gal\u00e3o de 3,6L \u2013 Rende no m\u00ednimo 14 m\u00b2 de pintura acabada;<\/li>\n<li>Quartinho 900ml \u2013 Rende no m\u00ednimo 3,5 m\u00b2 de pintura acabada.<\/li>\n<\/ul>\n","protected":false},"excerpt":{"rendered":"<p>Indicado para pintura de quadras poliesportivas, cal\u00e7adas, estacionamentos, garagens, pisos industriais e comerciais, em ambientes externos e internos. \u00c9 f\u00e1cil de aplicar, seca r\u00e1pido e apresenta cobertura e rendimento superior. Com Suave Perfume, proporciona conforto e bem-estar, permitindo a sua perman\u00eancia no ambiente do in\u00edcio ao fim da pintura. Caracter\u00edsticas \u2013 Pode ser usado em&hellip;&nbsp;<\/p>\n","protected":false},"featured_media":410,"comment_status":"open","ping_status":"closed","template":"","meta":{"neve_meta_sidebar":"","neve_meta_container":"","neve_meta_enable_content_width":"off","neve_meta_content_width":100,"neve_meta_title_alignment":"","neve_meta_author_avatar":"","neve_post_elements_order":"","neve_meta_disable_header":"","neve_meta_disable_footer":"","neve_meta_disable_title":""},"product_brand":[],"product_cat":[19,20],"product_tag":[],"class_list":{"0":"post-409","1":"product","2":"type-product","3":"status-publish","4":"has-post-thumbnail","6":"product_cat-todas","7":"product_cat-tintas","9":"first","10":"instock","11":"shipping-taxable","12":"product-type-simple"},"_links":{"self":[{"href":"https:\/\/brasriotintas.com.br\/index.php?rest_route=\/wp\/v2\/product\/409","targetHints":{"allow":["GET"]}}],"collection":[{"href":"https:\/\/brasriotintas.com.br\/index.php?rest_route=\/wp\/v2\/product"}],"about":[{"href":"https:\/\/brasriotintas.com.br\/index.php?rest_route=\/wp\/v2\/types\/product"}],"replies":[{"embeddable":true,"href":"https:\/\/brasriotintas.com.br\/index.php?rest_route=%2Fwp%2Fv2%2Fcomments&post=409"}],"wp:featuredmedia":[{"embeddable":true,"href":"https:\/\/brasriotintas.com.br\/index.php?rest_route=\/wp\/v2\/media\/410"}],"wp:attachment":[{"href":"https:\/\/brasriotintas.com.br\/index.php?rest_route=%2Fwp%2Fv2%2Fmedia&parent=409"}],"wp:term":[{"taxonomy":"product_brand","embeddable":true,"href":"https:\/\/brasriotintas.com.br\/index.php?rest_route=%2Fwp%2Fv2%2Fproduct_brand&post=409"},{"taxonomy":"product_cat","embeddable":true,"href":"https:\/\/brasriotintas.com.br\/index.php?rest_route=%2Fwp%2Fv2%2Fproduct_cat&post=409"},{"taxonomy":"product_tag","embeddable":true,"href":"https:\/\/brasriotintas.com.br\/index.php?rest_route=%2Fwp%2Fv2%2Fproduct_tag&post=409"}],"curies":[{"name":"wp","href":"https:\/\/api.w.org\/{rel}","templated":true}]}}