{"id":411,"date":"2022-09-03T12:24:06","date_gmt":"2022-09-03T12:24:06","guid":{"rendered":"https:\/\/brasriotintas.com.br\/?post_type=product&#038;p=411"},"modified":"2022-09-04T15:59:04","modified_gmt":"2022-09-04T15:59:04","slug":"tinta-acrilica-para-gesso-e-drywall-coral","status":"publish","type":"product","link":"https:\/\/brasriotintas.com.br\/?product=tinta-acrilica-para-gesso-e-drywall-coral","title":{"rendered":"Tinta Acr\u00edlica Para Gesso e Drywall Coral"},"content":{"rendered":"<p><span style=\"vertical-align: inherit;\"><span style=\"vertical-align: inherit;\">A Tinta L\u00e1tex Gesto foi especialmente concebido para garantir o melhor acabamento e acabamento de qualidade do material de gesso, sua escolha natural e acabamento em p\u00f3. <\/span><span style=\"vertical-align: inherit;\">Dispon\u00edvel na cor branca com tonalidade fosca, preservando o aspecto natural do gesso, n\u00e3o amarela com o tempo e tamb\u00e9m pode ser aplicada diretamente na superf\u00edcie, sem necessidade de fundo.<\/span><\/span><\/p>\n<p><span style=\"vertical-align: inherit;\"><span style=\"vertical-align: inherit;\">O gal\u00e3o de 3,6 litros de cobre at\u00e9 40\u00b2 por dem\u00e3o, sendo altamente rent\u00e1vel e produtivo, al\u00e9m de possuir configura\u00e7\u00e3o r\u00e1pida ao toque de aproximadamente 30 minutos. <\/span><span style=\"vertical-align: inherit;\">-se a limpeza da superf\u00edcie a ser pintada com duas partes iguais de \u00e1gua e \u00e1gua sanit\u00e1ria e, ent\u00e3o, a espera da secagem completa para realizar uma aplica\u00e7\u00e3o de tinta recomendada.<\/span><\/span><\/p>\n<p><span style=\"vertical-align: inherit;\"><span style=\"vertical-align: inherit;\">A Coral \u00e9 uma marca do Grupo AkzoNobel, uma marca l\u00edder globals e revestimentos e uma tinta em todas as principais produtoras de especialidades que acompanham, ingredientes, prote\u00e7\u00e3o e n\u00facleos do mundo inteiro para prote\u00e7\u00e3o e n\u00facleos essenciais e consumidores.<\/span><\/span><\/p>\n","protected":false},"excerpt":{"rendered":"<p>A Tinta L\u00e1tex Gesto foi especialmente concebido para garantir o melhor acabamento e acabamento de qualidade do material de gesso, sua escolha natural e acabamento em p\u00f3. Dispon\u00edvel na cor branca com tonalidade fosca, preservando o aspecto natural do gesso, n\u00e3o amarela com o tempo e tamb\u00e9m pode ser aplicada diretamente na superf\u00edcie, sem necessidade&hellip;&nbsp;<\/p>\n","protected":false},"featured_media":413,"comment_status":"open","ping_status":"closed","template":"","meta":{"neve_meta_sidebar":"","neve_meta_container":"","neve_meta_enable_content_width":"off","neve_meta_content_width":100,"neve_meta_title_alignment":"","neve_meta_author_avatar":"","neve_post_elements_order":"","neve_meta_disable_header":"","neve_meta_disable_footer":"","neve_meta_disable_title":""},"product_brand":[],"product_cat":[19,81],"product_tag":[],"class_list":{"0":"post-411","1":"product","2":"type-product","3":"status-publish","4":"has-post-thumbnail","6":"product_cat-todas","7":"product_cat-revestimentos-e-impermeabilizantes","9":"first","10":"instock","11":"shipping-taxable","12":"product-type-simple"},"_links":{"self":[{"href":"https:\/\/brasriotintas.com.br\/index.php?rest_route=\/wp\/v2\/product\/411","targetHints":{"allow":["GET"]}}],"collection":[{"href":"https:\/\/brasriotintas.com.br\/index.php?rest_route=\/wp\/v2\/product"}],"about":[{"href":"https:\/\/brasriotintas.com.br\/index.php?rest_route=\/wp\/v2\/types\/product"}],"replies":[{"embeddable":true,"href":"https:\/\/brasriotintas.com.br\/index.php?rest_route=%2Fwp%2Fv2%2Fcomments&post=411"}],"wp:featuredmedia":[{"embeddable":true,"href":"https:\/\/brasriotintas.com.br\/index.php?rest_route=\/wp\/v2\/media\/413"}],"wp:attachment":[{"href":"https:\/\/brasriotintas.com.br\/index.php?rest_route=%2Fwp%2Fv2%2Fmedia&parent=411"}],"wp:term":[{"taxonomy":"product_brand","embeddable":true,"href":"https:\/\/brasriotintas.com.br\/index.php?rest_route=%2Fwp%2Fv2%2Fproduct_brand&post=411"},{"taxonomy":"product_cat","embeddable":true,"href":"https:\/\/brasriotintas.com.br\/index.php?rest_route=%2Fwp%2Fv2%2Fproduct_cat&post=411"},{"taxonomy":"product_tag","embeddable":true,"href":"https:\/\/brasriotintas.com.br\/index.php?rest_route=%2Fwp%2Fv2%2Fproduct_tag&post=411"}],"curies":[{"name":"wp","href":"https:\/\/api.w.org\/{rel}","templated":true}]}}