{"id":414,"date":"2022-09-03T12:25:36","date_gmt":"2022-09-03T12:25:36","guid":{"rendered":"https:\/\/brasriotintas.com.br\/?post_type=product&#038;p=414"},"modified":"2022-09-04T15:58:27","modified_gmt":"2022-09-04T15:58:27","slug":"fundo-preparador-de-paredes-coral","status":"publish","type":"product","link":"https:\/\/brasriotintas.com.br\/?product=fundo-preparador-de-paredes-coral","title":{"rendered":"Fundo Preparador de Paredes Coral"},"content":{"rendered":"<p>Desenvolvido para solucionar problemas de superf\u00edcie e garantir maior durabilidade \u00e0 pintura. Sua formula\u00e7\u00e3o a base de \u00e1gua oferece baixo odor. Aplica\u00e7\u00e3o: rolo de l\u00e3 ou pincel. Limpe as ferramentas com \u00e1gua e sab\u00e3o. Pronto para uso, n\u00e3o precisa ser dilu\u00eddo. Acabamento fosco.<br \/>\nIndicado para uniformizar absor\u00e7\u00e3o e selar paredes internas e externas. Em paredes com gesso acartonado, reboco fraco, descascamento, saponificadas e calcinadas, tem bom poder de penetra\u00e7\u00e3o atuando como fixador, proporcionando a perfeita ader\u00eancia da tinta de acabamento. Em paredes como reboco novo e blocos de cimento, forma uma barreira contra alcalinidade.<\/p>\n<div>Manter a embalagem fechada, n\u00e3o reutilizar a embalagem. Armazenar em local coberto, fresco ventilado e longe de fontes de calor. Manter fora do alcance de crian\u00e7as e animais, manter o ambiente ventilado durante a prepara\u00e7\u00e3o, aplica\u00e7\u00e3o e secagem. Recomendamos usar \u00f3culos de seguran\u00e7a, luvas e m\u00e1scaras protetora<\/div>\n","protected":false},"excerpt":{"rendered":"<p>Desenvolvido para solucionar problemas de superf\u00edcie e garantir maior durabilidade \u00e0 pintura. Sua formula\u00e7\u00e3o a base de \u00e1gua oferece baixo odor. Aplica\u00e7\u00e3o: rolo de l\u00e3 ou pincel. Limpe as ferramentas com \u00e1gua e sab\u00e3o. Pronto para uso, n\u00e3o precisa ser dilu\u00eddo. Acabamento fosco. Indicado para uniformizar absor\u00e7\u00e3o e selar paredes internas e externas. Em paredes&hellip;&nbsp;<\/p>\n","protected":false},"featured_media":415,"comment_status":"open","ping_status":"closed","template":"","meta":{"neve_meta_sidebar":"","neve_meta_container":"","neve_meta_enable_content_width":"off","neve_meta_content_width":100,"neve_meta_title_alignment":"","neve_meta_author_avatar":"","neve_post_elements_order":"","neve_meta_disable_header":"","neve_meta_disable_footer":"","neve_meta_disable_title":""},"product_brand":[],"product_cat":[19,20],"product_tag":[],"class_list":{"0":"post-414","1":"product","2":"type-product","3":"status-publish","4":"has-post-thumbnail","6":"product_cat-todas","7":"product_cat-tintas","9":"first","10":"instock","11":"shipping-taxable","12":"product-type-simple"},"_links":{"self":[{"href":"https:\/\/brasriotintas.com.br\/index.php?rest_route=\/wp\/v2\/product\/414","targetHints":{"allow":["GET"]}}],"collection":[{"href":"https:\/\/brasriotintas.com.br\/index.php?rest_route=\/wp\/v2\/product"}],"about":[{"href":"https:\/\/brasriotintas.com.br\/index.php?rest_route=\/wp\/v2\/types\/product"}],"replies":[{"embeddable":true,"href":"https:\/\/brasriotintas.com.br\/index.php?rest_route=%2Fwp%2Fv2%2Fcomments&post=414"}],"wp:featuredmedia":[{"embeddable":true,"href":"https:\/\/brasriotintas.com.br\/index.php?rest_route=\/wp\/v2\/media\/415"}],"wp:attachment":[{"href":"https:\/\/brasriotintas.com.br\/index.php?rest_route=%2Fwp%2Fv2%2Fmedia&parent=414"}],"wp:term":[{"taxonomy":"product_brand","embeddable":true,"href":"https:\/\/brasriotintas.com.br\/index.php?rest_route=%2Fwp%2Fv2%2Fproduct_brand&post=414"},{"taxonomy":"product_cat","embeddable":true,"href":"https:\/\/brasriotintas.com.br\/index.php?rest_route=%2Fwp%2Fv2%2Fproduct_cat&post=414"},{"taxonomy":"product_tag","embeddable":true,"href":"https:\/\/brasriotintas.com.br\/index.php?rest_route=%2Fwp%2Fv2%2Fproduct_tag&post=414"}],"curies":[{"name":"wp","href":"https:\/\/api.w.org\/{rel}","templated":true}]}}