{"id":418,"date":"2022-09-03T12:39:25","date_gmt":"2022-09-03T12:39:25","guid":{"rendered":"https:\/\/brasriotintas.com.br\/?post_type=product&#038;p=418"},"modified":"2022-09-04T15:56:15","modified_gmt":"2022-09-04T15:56:15","slug":"removedor-de-esmaltes-e-vernizes-pintoff","status":"publish","type":"product","link":"https:\/\/brasriotintas.com.br\/?product=removedor-de-esmaltes-e-vernizes-pintoff","title":{"rendered":"Removedor de Esmaltes e Vernizes Pintoff"},"content":{"rendered":"<div class=\"attr-attributes\">\n<div class=\"shop__secondary\"><span style=\"vertical-align: inherit;\">O Removedor Pintoff Sparlack 1 Litro da Coral \u00e9 de f\u00e1cil aplica\u00e7\u00e3o. <\/span><span style=\"vertical-align: inherit;\">Pronto para uso e poder de remo\u00e7\u00e3o. <\/span><span style=\"vertical-align: inherit;\">A Coral \u00e9 uma marca do Grupo AkzoNobel, uma marca l\u00edder globals e revestimentos e uma tinta em todas as principais produtoras de especialidades que acompanham, ingredientes, prote\u00e7\u00e3o e n\u00facleos do mundo inteiro para prote\u00e7\u00e3o e n\u00facleos essenciais e consumidores.<\/span><\/div>\n<\/div>\n","protected":false},"excerpt":{"rendered":"<p>O Removedor Pintoff Sparlack 1 Litro da Coral \u00e9 de f\u00e1cil aplica\u00e7\u00e3o. Pronto para uso e poder de remo\u00e7\u00e3o. A Coral \u00e9 uma marca do Grupo AkzoNobel, uma marca l\u00edder globals e revestimentos e uma tinta em todas as principais produtoras de especialidades que acompanham, ingredientes, prote\u00e7\u00e3o e n\u00facleos do mundo inteiro para prote\u00e7\u00e3o e&hellip;&nbsp;<\/p>\n","protected":false},"featured_media":419,"comment_status":"open","ping_status":"closed","template":"","meta":{"neve_meta_sidebar":"","neve_meta_container":"","neve_meta_enable_content_width":"off","neve_meta_content_width":100,"neve_meta_title_alignment":"","neve_meta_author_avatar":"","neve_post_elements_order":"","neve_meta_disable_header":"","neve_meta_disable_footer":"","neve_meta_disable_title":""},"product_brand":[],"product_cat":[19,20],"product_tag":[],"class_list":{"0":"post-418","1":"product","2":"type-product","3":"status-publish","4":"has-post-thumbnail","6":"product_cat-todas","7":"product_cat-tintas","9":"first","10":"instock","11":"shipping-taxable","12":"product-type-simple"},"_links":{"self":[{"href":"https:\/\/brasriotintas.com.br\/index.php?rest_route=\/wp\/v2\/product\/418","targetHints":{"allow":["GET"]}}],"collection":[{"href":"https:\/\/brasriotintas.com.br\/index.php?rest_route=\/wp\/v2\/product"}],"about":[{"href":"https:\/\/brasriotintas.com.br\/index.php?rest_route=\/wp\/v2\/types\/product"}],"replies":[{"embeddable":true,"href":"https:\/\/brasriotintas.com.br\/index.php?rest_route=%2Fwp%2Fv2%2Fcomments&post=418"}],"wp:featuredmedia":[{"embeddable":true,"href":"https:\/\/brasriotintas.com.br\/index.php?rest_route=\/wp\/v2\/media\/419"}],"wp:attachment":[{"href":"https:\/\/brasriotintas.com.br\/index.php?rest_route=%2Fwp%2Fv2%2Fmedia&parent=418"}],"wp:term":[{"taxonomy":"product_brand","embeddable":true,"href":"https:\/\/brasriotintas.com.br\/index.php?rest_route=%2Fwp%2Fv2%2Fproduct_brand&post=418"},{"taxonomy":"product_cat","embeddable":true,"href":"https:\/\/brasriotintas.com.br\/index.php?rest_route=%2Fwp%2Fv2%2Fproduct_cat&post=418"},{"taxonomy":"product_tag","embeddable":true,"href":"https:\/\/brasriotintas.com.br\/index.php?rest_route=%2Fwp%2Fv2%2Fproduct_tag&post=418"}],"curies":[{"name":"wp","href":"https:\/\/api.w.org\/{rel}","templated":true}]}}