{"id":420,"date":"2022-09-03T12:40:33","date_gmt":"2022-09-03T12:40:33","guid":{"rendered":"https:\/\/brasriotintas.com.br\/?post_type=product&#038;p=420"},"modified":"2022-09-04T15:54:56","modified_gmt":"2022-09-04T15:54:56","slug":"ferrolack-fundo-e-acabamento-coral","status":"publish","type":"product","link":"https:\/\/brasriotintas.com.br\/?product=ferrolack-fundo-e-acabamento-coral","title":{"rendered":"Ferrolack Fundo e Acabamento Coral"},"content":{"rendered":"<p>Coralit Antiferrugem \u00e9 um esmalte sint\u00e9tico que oferece excelente prote\u00e7\u00e3o anticorrosiva e contra os efeitos do sol e da chuva, gra\u00e7as \u00e0 sua tecnologia fundo + acabamento em um s\u00f3 produto. Este produto torna o trabalho de pintura muito mais pr\u00e1tico, pois dispensa a aplica\u00e7\u00e3o pr\u00e9via de fundos ou primers anticorrosivos. Apresenta \u00f3tima dureza, resist\u00eancia ao atrito e \u00e0s intemp\u00e9ries e \u00e9 f\u00e1cil de aplicar.<\/p>\n<p>A Coral \u00e9 uma marca do Grupo AkzoNobel, uma companhia global l\u00edder em tintas e revestimentos e uma das principais produtoras de especialidades qu\u00edmicas, fornecendo ingredientes, prote\u00e7\u00e3o e cores essenciais para ind\u00fastrias e consumidores em todo o mundo.<\/p>\n","protected":false},"excerpt":{"rendered":"<p>Coralit Antiferrugem \u00e9 um esmalte sint\u00e9tico que oferece excelente prote\u00e7\u00e3o anticorrosiva e contra os efeitos do sol e da chuva, gra\u00e7as \u00e0 sua tecnologia fundo + acabamento em um s\u00f3 produto. Este produto torna o trabalho de pintura muito mais pr\u00e1tico, pois dispensa a aplica\u00e7\u00e3o pr\u00e9via de fundos ou primers anticorrosivos. Apresenta \u00f3tima dureza, resist\u00eancia&hellip;&nbsp;<\/p>\n","protected":false},"featured_media":421,"comment_status":"open","ping_status":"closed","template":"","meta":{"neve_meta_sidebar":"","neve_meta_container":"","neve_meta_enable_content_width":"off","neve_meta_content_width":100,"neve_meta_title_alignment":"","neve_meta_author_avatar":"","neve_post_elements_order":"","neve_meta_disable_header":"","neve_meta_disable_footer":"","neve_meta_disable_title":""},"product_brand":[],"product_cat":[19,20],"product_tag":[],"class_list":{"0":"post-420","1":"product","2":"type-product","3":"status-publish","4":"has-post-thumbnail","6":"product_cat-todas","7":"product_cat-tintas","9":"first","10":"instock","11":"shipping-taxable","12":"product-type-simple"},"_links":{"self":[{"href":"https:\/\/brasriotintas.com.br\/index.php?rest_route=\/wp\/v2\/product\/420","targetHints":{"allow":["GET"]}}],"collection":[{"href":"https:\/\/brasriotintas.com.br\/index.php?rest_route=\/wp\/v2\/product"}],"about":[{"href":"https:\/\/brasriotintas.com.br\/index.php?rest_route=\/wp\/v2\/types\/product"}],"replies":[{"embeddable":true,"href":"https:\/\/brasriotintas.com.br\/index.php?rest_route=%2Fwp%2Fv2%2Fcomments&post=420"}],"wp:featuredmedia":[{"embeddable":true,"href":"https:\/\/brasriotintas.com.br\/index.php?rest_route=\/wp\/v2\/media\/421"}],"wp:attachment":[{"href":"https:\/\/brasriotintas.com.br\/index.php?rest_route=%2Fwp%2Fv2%2Fmedia&parent=420"}],"wp:term":[{"taxonomy":"product_brand","embeddable":true,"href":"https:\/\/brasriotintas.com.br\/index.php?rest_route=%2Fwp%2Fv2%2Fproduct_brand&post=420"},{"taxonomy":"product_cat","embeddable":true,"href":"https:\/\/brasriotintas.com.br\/index.php?rest_route=%2Fwp%2Fv2%2Fproduct_cat&post=420"},{"taxonomy":"product_tag","embeddable":true,"href":"https:\/\/brasriotintas.com.br\/index.php?rest_route=%2Fwp%2Fv2%2Fproduct_tag&post=420"}],"curies":[{"name":"wp","href":"https:\/\/api.w.org\/{rel}","templated":true}]}}