{"id":422,"date":"2022-09-03T13:00:27","date_gmt":"2022-09-03T13:00:27","guid":{"rendered":"https:\/\/brasriotintas.com.br\/?post_type=product&#038;p=422"},"modified":"2022-09-04T15:53:51","modified_gmt":"2022-09-04T15:53:51","slug":"tinta-acrilica-sem-cheiro-peg-pinte","status":"publish","type":"product","link":"https:\/\/brasriotintas.com.br\/?product=tinta-acrilica-sem-cheiro-peg-pinte","title":{"rendered":"Tinta Acr\u00edlica Sem Cheiro Peg &#038; Pinte"},"content":{"rendered":"<p>Tinta Peg e Pinte da Tintas Eucatex \u00e9 ideal para promover melhor acabamento no local. A cor branco \u00e9 moderna e vers\u00e1til. A tinta acr\u00edlica possui boa qualidade, indicado para pinturas de casas, apartamentos em superf\u00edcies internas. Em superf\u00edcie de massa corrida ou massa acr\u00edlica, repintura, reboco, blocos de concreto, gesso, fibrocimento ou concreto. Seu cheiro \u00e9 cessado ap\u00f3s 3 horas de aplica\u00e7\u00e3o. A dilui\u00e7\u00e3o ocorre com \u00e1gua 20% em todas as dem\u00e3os. Sua aplica\u00e7\u00e3o pode ser feita com rolo de l\u00e3, pincel, trincha ou pistola. Para uma excelente qualidade em sua obra, adquira j\u00e1 Tinta Peg e Pinte 3,6 l.OBS: Imagem meramente ilustrativa. l A cor pode variar o tom de acordo com o monitor.<\/p>\n","protected":false},"excerpt":{"rendered":"<p>Tinta Peg e Pinte da Tintas Eucatex \u00e9 ideal para promover melhor acabamento no local. A cor branco \u00e9 moderna e vers\u00e1til. A tinta acr\u00edlica possui boa qualidade, indicado para pinturas de casas, apartamentos em superf\u00edcies internas. Em superf\u00edcie de massa corrida ou massa acr\u00edlica, repintura, reboco, blocos de concreto, gesso, fibrocimento ou concreto. Seu&hellip;&nbsp;<\/p>\n","protected":false},"featured_media":424,"comment_status":"open","ping_status":"closed","template":"","meta":{"neve_meta_sidebar":"","neve_meta_container":"","neve_meta_enable_content_width":"off","neve_meta_content_width":100,"neve_meta_title_alignment":"","neve_meta_author_avatar":"","neve_post_elements_order":"","neve_meta_disable_header":"","neve_meta_disable_footer":"","neve_meta_disable_title":""},"product_brand":[],"product_cat":[19,20],"product_tag":[],"class_list":{"0":"post-422","1":"product","2":"type-product","3":"status-publish","4":"has-post-thumbnail","6":"product_cat-todas","7":"product_cat-tintas","9":"first","10":"instock","11":"shipping-taxable","12":"product-type-simple"},"_links":{"self":[{"href":"https:\/\/brasriotintas.com.br\/index.php?rest_route=\/wp\/v2\/product\/422","targetHints":{"allow":["GET"]}}],"collection":[{"href":"https:\/\/brasriotintas.com.br\/index.php?rest_route=\/wp\/v2\/product"}],"about":[{"href":"https:\/\/brasriotintas.com.br\/index.php?rest_route=\/wp\/v2\/types\/product"}],"replies":[{"embeddable":true,"href":"https:\/\/brasriotintas.com.br\/index.php?rest_route=%2Fwp%2Fv2%2Fcomments&post=422"}],"wp:featuredmedia":[{"embeddable":true,"href":"https:\/\/brasriotintas.com.br\/index.php?rest_route=\/wp\/v2\/media\/424"}],"wp:attachment":[{"href":"https:\/\/brasriotintas.com.br\/index.php?rest_route=%2Fwp%2Fv2%2Fmedia&parent=422"}],"wp:term":[{"taxonomy":"product_brand","embeddable":true,"href":"https:\/\/brasriotintas.com.br\/index.php?rest_route=%2Fwp%2Fv2%2Fproduct_brand&post=422"},{"taxonomy":"product_cat","embeddable":true,"href":"https:\/\/brasriotintas.com.br\/index.php?rest_route=%2Fwp%2Fv2%2Fproduct_cat&post=422"},{"taxonomy":"product_tag","embeddable":true,"href":"https:\/\/brasriotintas.com.br\/index.php?rest_route=%2Fwp%2Fv2%2Fproduct_tag&post=422"}],"curies":[{"name":"wp","href":"https:\/\/api.w.org\/{rel}","templated":true}]}}