{"id":426,"date":"2022-09-03T13:03:38","date_gmt":"2022-09-03T13:03:38","guid":{"rendered":"https:\/\/brasriotintas.com.br\/?post_type=product&#038;p=426"},"modified":"2022-09-04T15:52:47","modified_gmt":"2022-09-04T15:52:47","slug":"epoxi-base-agua-multisuperficies-suvinil","status":"publish","type":"product","link":"https:\/\/brasriotintas.com.br\/?product=epoxi-base-agua-multisuperficies-suvinil","title":{"rendered":"Epoxi Base \u00c1gua Multisuperficies Suvinil"},"content":{"rendered":"<p><span style=\"vertical-align: inherit;\"><span style=\"vertical-align: inherit;\"><span style=\"vertical-align: inherit;\"><span style=\"vertical-align: inherit;\">A Tinta Ep\u00f3xi Base \u00c1gua para Banheiro e Cozinha Branco 900ml da Suvinil \u00e9 a melhor op\u00e7\u00e3o para quem deseja proteger as paredes da cozinha e do banheiro, e claro sem perder o cuidado com a est\u00e9tica. <\/span><\/span><\/span><span style=\"vertical-align: inherit;\"><span style=\"vertical-align: inherit;\"><span style=\"vertical-align: inherit;\">Produto com \u00f3tima cobertura vai dar uma cara nova para sua casa.<\/span><\/span><\/span><\/span><\/p>\n","protected":false},"excerpt":{"rendered":"<p>A Tinta Ep\u00f3xi Base \u00c1gua para Banheiro e Cozinha Branco 900ml da Suvinil \u00e9 a melhor op\u00e7\u00e3o para quem deseja proteger as paredes da cozinha e do banheiro, e claro sem perder o cuidado com a est\u00e9tica. Produto com \u00f3tima cobertura vai dar uma cara nova para sua casa.<\/p>\n","protected":false},"featured_media":427,"comment_status":"open","ping_status":"closed","template":"","meta":{"neve_meta_sidebar":"","neve_meta_container":"","neve_meta_enable_content_width":"off","neve_meta_content_width":100,"neve_meta_title_alignment":"","neve_meta_author_avatar":"","neve_post_elements_order":"","neve_meta_disable_header":"","neve_meta_disable_footer":"","neve_meta_disable_title":""},"product_brand":[],"product_cat":[19,20],"product_tag":[],"class_list":{"0":"post-426","1":"product","2":"type-product","3":"status-publish","4":"has-post-thumbnail","6":"product_cat-todas","7":"product_cat-tintas","9":"first","10":"instock","11":"shipping-taxable","12":"product-type-simple"},"_links":{"self":[{"href":"https:\/\/brasriotintas.com.br\/index.php?rest_route=\/wp\/v2\/product\/426","targetHints":{"allow":["GET"]}}],"collection":[{"href":"https:\/\/brasriotintas.com.br\/index.php?rest_route=\/wp\/v2\/product"}],"about":[{"href":"https:\/\/brasriotintas.com.br\/index.php?rest_route=\/wp\/v2\/types\/product"}],"replies":[{"embeddable":true,"href":"https:\/\/brasriotintas.com.br\/index.php?rest_route=%2Fwp%2Fv2%2Fcomments&post=426"}],"wp:featuredmedia":[{"embeddable":true,"href":"https:\/\/brasriotintas.com.br\/index.php?rest_route=\/wp\/v2\/media\/427"}],"wp:attachment":[{"href":"https:\/\/brasriotintas.com.br\/index.php?rest_route=%2Fwp%2Fv2%2Fmedia&parent=426"}],"wp:term":[{"taxonomy":"product_brand","embeddable":true,"href":"https:\/\/brasriotintas.com.br\/index.php?rest_route=%2Fwp%2Fv2%2Fproduct_brand&post=426"},{"taxonomy":"product_cat","embeddable":true,"href":"https:\/\/brasriotintas.com.br\/index.php?rest_route=%2Fwp%2Fv2%2Fproduct_cat&post=426"},{"taxonomy":"product_tag","embeddable":true,"href":"https:\/\/brasriotintas.com.br\/index.php?rest_route=%2Fwp%2Fv2%2Fproduct_tag&post=426"}],"curies":[{"name":"wp","href":"https:\/\/api.w.org\/{rel}","templated":true}]}}