{"id":430,"date":"2022-09-03T13:09:23","date_gmt":"2022-09-03T13:09:23","guid":{"rendered":"https:\/\/brasriotintas.com.br\/?post_type=product&#038;p=430"},"modified":"2022-09-04T15:48:48","modified_gmt":"2022-09-04T15:48:48","slug":"impermeabilizante-sika-top-107","status":"publish","type":"product","link":"https:\/\/brasriotintas.com.br\/?product=impermeabilizante-sika-top-107","title":{"rendered":"Impermeabilizante Sika Top 107"},"content":{"rendered":"<p><span style=\"vertical-align: inherit;\"><span style=\"vertical-align: inherit;\">SikaTop\u00ae 107 \u00e9 um revestimento semi-flex\u00edvel, impermeabilizante e protetor, bicomponente, \u00e0 base de cimento, areias selecionadas para uso em concreto, argamassa ou alvenaria com excelente fixa\u00e7\u00e3o e impermeabilidade. <\/span><span style=\"vertical-align: inherit;\">\u00c9 necess\u00e1rio estar pronto para o uso, bastando misturar) os componentes A (l\u00edquido e B (p\u00f3). <\/span><span style=\"vertical-align: inherit;\">&#8211; Aplica\u00e7\u00e3o f\u00e1cil, podendo ser aplicada como pintura. <\/span><span style=\"vertical-align: inherit;\">&#8211; Excelente impermeabilidade. Alta fixa\u00e7\u00e3o em substratos ciment\u00edcios e alvenaria. <\/span><span style=\"vertical-align: inherit;\">&#8211; N\u00e3o deve ser usado com finalidade est\u00e9tica. <\/span><span style=\"vertical-align: inherit;\">&#8211; Reduzir o processo de carbonata\u00e7\u00e3o por forma\u00e7\u00e3o de barreira. <\/span><span style=\"vertical-align: inherit;\">&#8211; N\u00e3o \u00e9 corrosivo, t\u00f3xico ou inflam\u00e1vel. <\/span><span style=\"vertical-align: inherit;\">&#8211; Pronto para o uso, bastando homogeneizar os dois componentes. <\/span><span style=\"vertical-align: inherit;\">&#8211; Resistente a caracter\u00edsticas hidrost\u00e1ticas positivas e negativas. <\/span><span style=\"vertical-align: inherit;\">&#8211; Pode ser aplicado por an\u00e1lise. <\/span><span style=\"vertical-align: inherit;\">SikaTop\u00ae 107 pode ser aplicado sobre concreto, <\/span><span style=\"vertical-align: inherit;\">argamassa e alvenaria para impermeabiliza\u00e7\u00e3o de: &#8211; Caixas de \u00e1gua e reservat\u00f3rios, po\u00e7os de elevadores, tanques e cisternas. <\/span><span style=\"vertical-align: inherit;\">&#8211; Umidade de rodap\u00e9, paredes internas de constru\u00e7\u00f5es como silos, armaz\u00e9ns, dep\u00f3sitos e resid\u00eancias. <\/span><span style=\"vertical-align: inherit;\">&#8211; Para evitar a entrada de umidade em subsolos, baldrames e galerias de \u00e1guas pluviais e servidas. <\/span><span style=\"vertical-align: inherit;\">&#8211; Pisos e paredes de \u201c\u00e1reas frias\u201d: banheiros, lavanderias, cozinhas e paredes em contato direto com o solo. <\/span><span style=\"vertical-align: inherit;\">Consumo aproximado: 1kg\/m\u00b2 por dem\u00e3o <\/span><span style=\"vertical-align: inherit;\">cozinhas e paredes em contato direto com o solo. <\/span><span style=\"vertical-align: inherit;\">Consumo aproximado: 1kg\/m\u00b2 por dem\u00e3o <\/span><span style=\"vertical-align: inherit;\">cozinhas e paredes em contato direto com o solo. <\/span><span style=\"vertical-align: inherit;\">Consumo aproximado: 1kg\/m\u00b2 por dem\u00e3o\u00a0<\/span><\/span><i><span style=\"vertical-align: inherit;\"><span style=\"vertical-align: inherit;\">O consumo e o n\u00famero de dem\u00e3os varia conforme a aplica\u00e7\u00e3o<\/span><\/span><\/i><\/p>\n","protected":false},"excerpt":{"rendered":"<p>SikaTop\u00ae 107 \u00e9 um revestimento semi-flex\u00edvel, impermeabilizante e protetor, bicomponente, \u00e0 base de cimento, areias selecionadas para uso em concreto, argamassa ou alvenaria com excelente fixa\u00e7\u00e3o e impermeabilidade. \u00c9 necess\u00e1rio estar pronto para o uso, bastando misturar) os componentes A (l\u00edquido e B (p\u00f3). &#8211; Aplica\u00e7\u00e3o f\u00e1cil, podendo ser aplicada como pintura. &#8211; Excelente impermeabilidade.&hellip;&nbsp;<\/p>\n","protected":false},"featured_media":431,"comment_status":"open","ping_status":"closed","template":"","meta":{"neve_meta_sidebar":"","neve_meta_container":"","neve_meta_enable_content_width":"off","neve_meta_content_width":100,"neve_meta_title_alignment":"","neve_meta_author_avatar":"","neve_post_elements_order":"","neve_meta_disable_header":"","neve_meta_disable_footer":"","neve_meta_disable_title":""},"product_brand":[],"product_cat":[19,81],"product_tag":[],"class_list":{"0":"post-430","1":"product","2":"type-product","3":"status-publish","4":"has-post-thumbnail","6":"product_cat-todas","7":"product_cat-revestimentos-e-impermeabilizantes","9":"first","10":"instock","11":"shipping-taxable","12":"product-type-simple"},"_links":{"self":[{"href":"https:\/\/brasriotintas.com.br\/index.php?rest_route=\/wp\/v2\/product\/430","targetHints":{"allow":["GET"]}}],"collection":[{"href":"https:\/\/brasriotintas.com.br\/index.php?rest_route=\/wp\/v2\/product"}],"about":[{"href":"https:\/\/brasriotintas.com.br\/index.php?rest_route=\/wp\/v2\/types\/product"}],"replies":[{"embeddable":true,"href":"https:\/\/brasriotintas.com.br\/index.php?rest_route=%2Fwp%2Fv2%2Fcomments&post=430"}],"wp:featuredmedia":[{"embeddable":true,"href":"https:\/\/brasriotintas.com.br\/index.php?rest_route=\/wp\/v2\/media\/431"}],"wp:attachment":[{"href":"https:\/\/brasriotintas.com.br\/index.php?rest_route=%2Fwp%2Fv2%2Fmedia&parent=430"}],"wp:term":[{"taxonomy":"product_brand","embeddable":true,"href":"https:\/\/brasriotintas.com.br\/index.php?rest_route=%2Fwp%2Fv2%2Fproduct_brand&post=430"},{"taxonomy":"product_cat","embeddable":true,"href":"https:\/\/brasriotintas.com.br\/index.php?rest_route=%2Fwp%2Fv2%2Fproduct_cat&post=430"},{"taxonomy":"product_tag","embeddable":true,"href":"https:\/\/brasriotintas.com.br\/index.php?rest_route=%2Fwp%2Fv2%2Fproduct_tag&post=430"}],"curies":[{"name":"wp","href":"https:\/\/api.w.org\/{rel}","templated":true}]}}