{"id":744,"date":"2022-09-19T13:00:47","date_gmt":"2022-09-19T13:00:47","guid":{"rendered":"https:\/\/brasriotintas.com.br\/?post_type=product&#038;p=744"},"modified":"2025-01-29T15:07:31","modified_gmt":"2025-01-29T15:07:31","slug":"adesivo-poliuretano-branco-pu40","status":"publish","type":"product","link":"https:\/\/brasriotintas.com.br\/?product=adesivo-poliuretano-branco-pu40","title":{"rendered":"ADESIVO POLIURETANO BRANCO PU40"},"content":{"rendered":"<h2 class=\"title_product\"><span style=\"vertical-align: inherit;\"><span style=\"vertical-align: inherit;\">PU 40 CINZA<\/span><\/span><\/h2>\n<div class=\"text-spacing-sm\">\n<p><span style=\"vertical-align: inherit;\"><span style=\"vertical-align: inherit;\">\u00c9 utilizado na constru\u00e7\u00e3o civil, em juntas de dilata\u00e7\u00e3o, pisos internos, calhas, vidros, pias e juntas sanit\u00e1rias. <\/span><span style=\"vertical-align: inherit;\">Na ind\u00fastria automobil\u00edstica \u00e9 aplicada em carrorias e ba\u00fas de ve\u00edculos em partes com trepida\u00e7\u00f5es, c\u00e2maras frigor\u00edficas, entre outras.<\/span><\/span><\/p>\n<h4><span style=\"vertical-align: inherit;\"><span style=\"vertical-align: inherit;\">CARACTER\u00cdSTICAS:<\/span><\/span><\/h4>\n<p><span style=\"vertical-align: inherit;\"><span style=\"vertical-align: inherit;\">\u00c9 um selante monocomponente a base de poliuretano com cura de umidade em temperatura ambiente formando uma composi\u00e7\u00e3o com excelentes configura\u00e7\u00f5es f\u00edsicas e que elas conferem.<\/span><\/span><\/p>\n<p>&nbsp;<\/p>\n<h4><span style=\"vertical-align: inherit;\"><span style=\"vertical-align: inherit;\">INSTRU\u00c7\u00d5ES DE USO:<\/span><\/span><\/h4>\n<p><span style=\"vertical-align: inherit;\"><span style=\"vertical-align: inherit;\">1. As superf\u00edcies de aplica\u00e7\u00e3o devem ser limpas com \u00e1lcool ou acetona, secas e firmes. <\/span><span style=\"vertical-align: inherit;\">N\u00e3o utilizar querosene ou gasolina para limpeza das superf\u00edcies.<\/span><\/span><\/p>\n<p><span style=\"vertical-align: inherit;\"><span style=\"vertical-align: inherit;\">2. Perfure a ponta do cartucho de alum\u00ednio com a pr\u00f3pria ponta do bico pl\u00e1stico aplicado. <\/span><span style=\"vertical-align: inherit;\">Cortar o bico aplicado em um \u00e2ngulo de 45\u00ba no tamanho e espessura desejada. <\/span><span style=\"vertical-align: inherit;\">Rosquear ou bico aplicado no cartucho e colocado na pistola aplicada.<\/span><\/span><\/p>\n<p><span style=\"vertical-align: inherit;\"><span style=\"vertical-align: inherit;\">3. Aplique o adesivo em forma de filetes segurando uma pistola em um \u00e2ngulo inclinado de 45\u00b0C.<\/span><\/span><\/p>\n<p><span style=\"vertical-align: inherit;\"><span style=\"vertical-align: inherit;\">4. Durante a fixa\u00e7\u00e3o orientamos de grampos ou ganchos para que n\u00e3o haja movimenta\u00e7\u00e3o da pe\u00e7a a ser colada.<\/span><\/span><\/p>\n<p><span style=\"vertical-align: inherit;\"><span style=\"vertical-align: inherit;\">5. Se as pe\u00e7as forem mais pesadas, utilizar um suporte (fita adesiva, cal\u00e7o, etc.) at\u00e9 a secagem total do adesivo.<\/span><\/span><\/p>\n<p><span style=\"vertical-align: inherit;\"><span style=\"vertical-align: inherit;\">6. A total \u00e9 de 24 horas a 48 horas em fun\u00e7\u00e3o do clima, quantidade de adesivo e peso das pe\u00e7as a serem mais seguras.<\/span><\/span><\/p>\n<p>&nbsp;<\/p>\n<h4><span style=\"vertical-align: inherit;\"><span style=\"vertical-align: inherit;\">LIMITA\u00c7\u00d5ES DE USO:<\/span><\/span><\/h4>\n<p><span style=\"vertical-align: inherit;\"><span style=\"vertical-align: inherit;\">1. Para superf\u00edcies que eliminem \u00f3leo, plastificantes ou solventes, como madeira imersa em \u00f3leo, superf\u00edcies quando est\u00e3o todas as superf\u00edcies com revestimento em processo de descascamento;<\/span><\/span><\/p>\n<p><span style=\"vertical-align: inherit;\"><span style=\"vertical-align: inherit;\">2. N\u00e3o deve ser aplicado em material de espuma de poliestireno e em pl\u00e1sticos: Polietileno, Polipropileno e Teflon;<\/span><\/span><\/p>\n<p><span style=\"vertical-align: inherit;\"><span style=\"vertical-align: inherit;\">3. haja necessidade de pintura de caso de parede (caso de pintura) verifique as mesmas condi\u00e7\u00f5es das mesmas, pe\u00e7as de cama, caixa de pintura ou acabamento no local de aplica\u00e7\u00e3o.<\/span><\/span><\/p>\n<p><span style=\"vertical-align: inherit;\"><span style=\"vertical-align: inherit;\">4. Para superf\u00edcies que tiveram contato direto com alimentos.<\/span><\/span><\/p>\n<p><span style=\"vertical-align: inherit;\"><span style=\"vertical-align: inherit;\">5. N\u00e3o pode ser usado como adesivo estrutural.<\/span><\/span><\/p>\n<p><span style=\"vertical-align: inherit;\"><span style=\"vertical-align: inherit;\">6. N\u00e3o \u00e9 resistente a intemp\u00e9ries.<\/span><\/span><\/p>\n<p>&nbsp;<\/p>\n<h4><span style=\"vertical-align: inherit;\"><span style=\"vertical-align: inherit;\">DADOS T\u00c9CNICOS:<\/span><\/span><\/h4>\n<p><span style=\"vertical-align: inherit;\"><span style=\"vertical-align: inherit;\">Apar\u00eancia (visual): Pasta tixotr\u00f3pica cinza com odor caracter\u00edstico<\/span><\/span><\/p>\n<p><span style=\"vertical-align: inherit;\"><span style=\"vertical-align: inherit;\">Tempo de forma\u00e7\u00e3o do filme: 70 minutos<\/span><\/span><\/p>\n<p><span style=\"vertical-align: inherit;\"><span style=\"vertical-align: inherit;\">Temperatura de aplica\u00e7\u00e3o: + 5 a 35\u00b0C<\/span><\/span><\/p>\n<p><span style=\"vertical-align: inherit;\"><span style=\"vertical-align: inherit;\">Temperatura de trabalho: &#8211; 40 \u00e0 80\u00b0C<\/span><\/span><\/p>\n<p><span style=\"vertical-align: inherit;\"><span style=\"vertical-align: inherit;\">Densidade a 25\u00b0C: 1,18 \u00b1 0,05<\/span><\/span><\/p>\n<p><span style=\"vertical-align: inherit;\"><span style=\"vertical-align: inherit;\">Dureza Costa A: 40<\/span><\/span><\/p>\n<p><span style=\"vertical-align: inherit;\"><span style=\"vertical-align: inherit;\">Tempo de cura a 23\u00b0C e UR 50%: 3mm \/ 24 horas<\/span><\/span><\/p>\n<\/div>\n","protected":false},"excerpt":{"rendered":"<p>PU 40 CINZA \u00c9 utilizado na constru\u00e7\u00e3o civil, em juntas de dilata\u00e7\u00e3o, pisos internos, calhas, vidros, pias e juntas sanit\u00e1rias. Na ind\u00fastria automobil\u00edstica \u00e9 aplicada em carrorias e ba\u00fas de ve\u00edculos em partes com trepida\u00e7\u00f5es, c\u00e2maras frigor\u00edficas, entre outras. CARACTER\u00cdSTICAS: \u00c9 um selante monocomponente a base de poliuretano com cura de umidade em temperatura ambiente&hellip;&nbsp;<\/p>\n","protected":false},"featured_media":745,"comment_status":"open","ping_status":"closed","template":"","meta":{"neve_meta_sidebar":"","neve_meta_container":"","neve_meta_enable_content_width":"off","neve_meta_content_width":100,"neve_meta_title_alignment":"","neve_meta_author_avatar":"","neve_post_elements_order":"","neve_meta_disable_header":"","neve_meta_disable_footer":"","neve_meta_disable_title":""},"product_brand":[],"product_cat":[20],"product_tag":[],"class_list":{"0":"post-744","1":"product","2":"type-product","3":"status-publish","4":"has-post-thumbnail","6":"product_cat-tintas","8":"first","9":"instock","10":"shipping-taxable","11":"product-type-simple"},"_links":{"self":[{"href":"https:\/\/brasriotintas.com.br\/index.php?rest_route=\/wp\/v2\/product\/744","targetHints":{"allow":["GET"]}}],"collection":[{"href":"https:\/\/brasriotintas.com.br\/index.php?rest_route=\/wp\/v2\/product"}],"about":[{"href":"https:\/\/brasriotintas.com.br\/index.php?rest_route=\/wp\/v2\/types\/product"}],"replies":[{"embeddable":true,"href":"https:\/\/brasriotintas.com.br\/index.php?rest_route=%2Fwp%2Fv2%2Fcomments&post=744"}],"wp:featuredmedia":[{"embeddable":true,"href":"https:\/\/brasriotintas.com.br\/index.php?rest_route=\/wp\/v2\/media\/745"}],"wp:attachment":[{"href":"https:\/\/brasriotintas.com.br\/index.php?rest_route=%2Fwp%2Fv2%2Fmedia&parent=744"}],"wp:term":[{"taxonomy":"product_brand","embeddable":true,"href":"https:\/\/brasriotintas.com.br\/index.php?rest_route=%2Fwp%2Fv2%2Fproduct_brand&post=744"},{"taxonomy":"product_cat","embeddable":true,"href":"https:\/\/brasriotintas.com.br\/index.php?rest_route=%2Fwp%2Fv2%2Fproduct_cat&post=744"},{"taxonomy":"product_tag","embeddable":true,"href":"https:\/\/brasriotintas.com.br\/index.php?rest_route=%2Fwp%2Fv2%2Fproduct_tag&post=744"}],"curies":[{"name":"wp","href":"https:\/\/api.w.org\/{rel}","templated":true}]}}