{"id":746,"date":"2022-09-19T13:05:18","date_gmt":"2022-09-19T13:05:18","guid":{"rendered":"https:\/\/brasriotintas.com.br\/?post_type=product&#038;p=746"},"modified":"2022-09-19T13:05:18","modified_gmt":"2022-09-19T13:05:18","slug":"impermeabilizante-para-muros-e-fachadas-tecryl","status":"publish","type":"product","link":"https:\/\/brasriotintas.com.br\/?product=impermeabilizante-para-muros-e-fachadas-tecryl","title":{"rendered":"Impermeabilizante Para Muros E Fachadas Tecryl"},"content":{"rendered":"<p>TECRYL MUROS &amp; FACHADAS \u00e9 uma tinta impermeabilizante e protetora de superf\u00edcies externas de base acr\u00edlica e refor\u00e7ada com poliuretano alif\u00e1tico que garantem caracter\u00edsticas qu\u00edmica e polim\u00e9rica de alta performance e durabilidade proporcionando at\u00e9 quatro fun\u00e7\u00f5es em um s\u00f3 produto: acabamento de TINTA emborrachada, SELADORA para reboco curado, IMPERMEABILIZANTE flex\u00edvel e como REFLETOR DE CALOR na cor branco neve.<\/p>\n","protected":false},"excerpt":{"rendered":"<p>TECRYL MUROS &amp; FACHADAS \u00e9 uma tinta impermeabilizante e protetora de superf\u00edcies externas de base acr\u00edlica e refor\u00e7ada com poliuretano alif\u00e1tico que garantem caracter\u00edsticas qu\u00edmica e polim\u00e9rica de alta performance e durabilidade proporcionando at\u00e9 quatro fun\u00e7\u00f5es em um s\u00f3 produto: acabamento de TINTA emborrachada, SELADORA para reboco curado, IMPERMEABILIZANTE flex\u00edvel e como REFLETOR DE CALOR&hellip;&nbsp;<\/p>\n","protected":false},"featured_media":747,"comment_status":"open","ping_status":"closed","template":"","meta":{"neve_meta_sidebar":"","neve_meta_container":"","neve_meta_enable_content_width":"off","neve_meta_content_width":100,"neve_meta_title_alignment":"","neve_meta_author_avatar":"","neve_post_elements_order":"","neve_meta_disable_header":"","neve_meta_disable_footer":"","neve_meta_disable_title":""},"product_brand":[],"product_cat":[81],"product_tag":[],"class_list":{"0":"post-746","1":"product","2":"type-product","3":"status-publish","4":"has-post-thumbnail","6":"product_cat-revestimentos-e-impermeabilizantes","8":"first","9":"instock","10":"shipping-taxable","11":"product-type-simple"},"_links":{"self":[{"href":"https:\/\/brasriotintas.com.br\/index.php?rest_route=\/wp\/v2\/product\/746","targetHints":{"allow":["GET"]}}],"collection":[{"href":"https:\/\/brasriotintas.com.br\/index.php?rest_route=\/wp\/v2\/product"}],"about":[{"href":"https:\/\/brasriotintas.com.br\/index.php?rest_route=\/wp\/v2\/types\/product"}],"replies":[{"embeddable":true,"href":"https:\/\/brasriotintas.com.br\/index.php?rest_route=%2Fwp%2Fv2%2Fcomments&post=746"}],"wp:featuredmedia":[{"embeddable":true,"href":"https:\/\/brasriotintas.com.br\/index.php?rest_route=\/wp\/v2\/media\/747"}],"wp:attachment":[{"href":"https:\/\/brasriotintas.com.br\/index.php?rest_route=%2Fwp%2Fv2%2Fmedia&parent=746"}],"wp:term":[{"taxonomy":"product_brand","embeddable":true,"href":"https:\/\/brasriotintas.com.br\/index.php?rest_route=%2Fwp%2Fv2%2Fproduct_brand&post=746"},{"taxonomy":"product_cat","embeddable":true,"href":"https:\/\/brasriotintas.com.br\/index.php?rest_route=%2Fwp%2Fv2%2Fproduct_cat&post=746"},{"taxonomy":"product_tag","embeddable":true,"href":"https:\/\/brasriotintas.com.br\/index.php?rest_route=%2Fwp%2Fv2%2Fproduct_tag&post=746"}],"curies":[{"name":"wp","href":"https:\/\/api.w.org\/{rel}","templated":true}]}}