{"id":748,"date":"2022-09-19T13:08:35","date_gmt":"2022-09-19T13:08:35","guid":{"rendered":"https:\/\/brasriotintas.com.br\/?post_type=product&#038;p=748"},"modified":"2022-09-19T13:08:35","modified_gmt":"2022-09-19T13:08:35","slug":"fixa-cubas-tek-bond","status":"publish","type":"product","link":"https:\/\/brasriotintas.com.br\/?product=fixa-cubas-tek-bond","title":{"rendered":"Fixa Cubas Tek Bond"},"content":{"rendered":"<pre>Selante Fix Cuba Tek Bond Cinza 380g 280ml\r\n\r\nDescri\u00e7\u00e3o do Produto:\r\nAplica\u00e7\u00e3o:\r\n\u00c9 amplamente utilizado no mercado de constru\u00e7\u00e3o e decora\u00e7\u00e3o, pois adere tamb\u00e9m a v\u00e1rios tipos de materiais, como vidro, cer\u00e2mica, madeira, alum\u00ednio etc.\r\nResist\u00eancia ao tempo, dura mais de 50 anos.\r\n\r\nCaracter\u00edsticas:\r\nPossui excelente flexibilidade com propriedades anti-fungo.\r\n\r\nDADOS T\u00c9CNICOS:\r\nApar\u00eancia (visual):   Pasta tixotr\u00f3pica cinza com baixo odor\r\nTempo de forma\u00e7\u00e3o de pel\u00edcula: 20 a 60 minutos\r\nTemperatura de aplica\u00e7\u00e3o: + 5 a 45\u00b0C\r\nTemperatura de trabalho: - 50 \u00e0 200\u00b0C\r\nDureza Shore A: 41<\/pre>\n","protected":false},"excerpt":{"rendered":"<p>Selante Fix Cuba Tek Bond Cinza 380g 280ml Descri\u00e7\u00e3o do Produto: Aplica\u00e7\u00e3o: \u00c9 amplamente utilizado no mercado de constru\u00e7\u00e3o e decora\u00e7\u00e3o, pois adere tamb\u00e9m a v\u00e1rios tipos de materiais, como vidro, cer\u00e2mica, madeira, alum\u00ednio etc. Resist\u00eancia ao tempo, dura mais de 50 anos. Caracter\u00edsticas: Possui excelente flexibilidade com propriedades anti-fungo. DADOS T\u00c9CNICOS: Apar\u00eancia (visual): Pasta&hellip;&nbsp;<\/p>\n","protected":false},"featured_media":749,"comment_status":"open","ping_status":"closed","template":"","meta":{"neve_meta_sidebar":"","neve_meta_container":"","neve_meta_enable_content_width":"off","neve_meta_content_width":100,"neve_meta_title_alignment":"","neve_meta_author_avatar":"","neve_post_elements_order":"","neve_meta_disable_header":"","neve_meta_disable_footer":"","neve_meta_disable_title":""},"product_brand":[],"product_cat":[81],"product_tag":[],"class_list":{"0":"post-748","1":"product","2":"type-product","3":"status-publish","4":"has-post-thumbnail","6":"product_cat-revestimentos-e-impermeabilizantes","8":"first","9":"instock","10":"shipping-taxable","11":"product-type-simple"},"_links":{"self":[{"href":"https:\/\/brasriotintas.com.br\/index.php?rest_route=\/wp\/v2\/product\/748","targetHints":{"allow":["GET"]}}],"collection":[{"href":"https:\/\/brasriotintas.com.br\/index.php?rest_route=\/wp\/v2\/product"}],"about":[{"href":"https:\/\/brasriotintas.com.br\/index.php?rest_route=\/wp\/v2\/types\/product"}],"replies":[{"embeddable":true,"href":"https:\/\/brasriotintas.com.br\/index.php?rest_route=%2Fwp%2Fv2%2Fcomments&post=748"}],"wp:featuredmedia":[{"embeddable":true,"href":"https:\/\/brasriotintas.com.br\/index.php?rest_route=\/wp\/v2\/media\/749"}],"wp:attachment":[{"href":"https:\/\/brasriotintas.com.br\/index.php?rest_route=%2Fwp%2Fv2%2Fmedia&parent=748"}],"wp:term":[{"taxonomy":"product_brand","embeddable":true,"href":"https:\/\/brasriotintas.com.br\/index.php?rest_route=%2Fwp%2Fv2%2Fproduct_brand&post=748"},{"taxonomy":"product_cat","embeddable":true,"href":"https:\/\/brasriotintas.com.br\/index.php?rest_route=%2Fwp%2Fv2%2Fproduct_cat&post=748"},{"taxonomy":"product_tag","embeddable":true,"href":"https:\/\/brasriotintas.com.br\/index.php?rest_route=%2Fwp%2Fv2%2Fproduct_tag&post=748"}],"curies":[{"name":"wp","href":"https:\/\/api.w.org\/{rel}","templated":true}]}}