{"id":751,"date":"2022-09-19T13:12:51","date_gmt":"2022-09-19T13:12:51","guid":{"rendered":"https:\/\/brasriotintas.com.br\/?post_type=product&#038;p=751"},"modified":"2022-09-19T13:12:51","modified_gmt":"2022-09-19T13:12:51","slug":"cola-branca-cascorez","status":"publish","type":"product","link":"https:\/\/brasriotintas.com.br\/?product=cola-branca-cascorez","title":{"rendered":"Cola Branca Cascorez"},"content":{"rendered":"<p>A Cascorez Extra 1Kg \u00e9 um adesivo \u00e0 base de PVA com alta for\u00e7a de colagem e f\u00e1cil aplica\u00e7\u00e3o. Este produto \u00e9 especialmente indicado para colagens de alto desempenho, principalmente de artefatos de madeira, laminados pl\u00e1sticos, papel, papel\u00e3o, entre outros. Deve ser empregado por meio de processos convencionais de colagem, como prensagem a frio ou a quente.<\/p>\n<p>A Cascola \u00e9 uma marca Henkel, que oferece linha de adesivos de contato para proporcionar uma s\u00e9rie de op\u00e7\u00f5es para o profissional utilizar em seu trabalho di\u00e1rio. Sendo refer\u00eancia no segmento de colas de contato e marca mais lembrada junto aos com\u00e9rcios marceneiro e moveleiro.<\/p>\n","protected":false},"excerpt":{"rendered":"<p>A Cascorez Extra 1Kg \u00e9 um adesivo \u00e0 base de PVA com alta for\u00e7a de colagem e f\u00e1cil aplica\u00e7\u00e3o. Este produto \u00e9 especialmente indicado para colagens de alto desempenho, principalmente de artefatos de madeira, laminados pl\u00e1sticos, papel, papel\u00e3o, entre outros. Deve ser empregado por meio de processos convencionais de colagem, como prensagem a frio ou&hellip;&nbsp;<\/p>\n","protected":false},"featured_media":752,"comment_status":"open","ping_status":"closed","template":"","meta":{"neve_meta_sidebar":"","neve_meta_container":"","neve_meta_enable_content_width":"off","neve_meta_content_width":100,"neve_meta_title_alignment":"","neve_meta_author_avatar":"","neve_post_elements_order":"","neve_meta_disable_header":"","neve_meta_disable_footer":"","neve_meta_disable_title":""},"product_brand":[],"product_cat":[20],"product_tag":[],"class_list":{"0":"post-751","1":"product","2":"type-product","3":"status-publish","4":"has-post-thumbnail","6":"product_cat-tintas","8":"first","9":"instock","10":"shipping-taxable","11":"product-type-simple"},"_links":{"self":[{"href":"https:\/\/brasriotintas.com.br\/index.php?rest_route=\/wp\/v2\/product\/751","targetHints":{"allow":["GET"]}}],"collection":[{"href":"https:\/\/brasriotintas.com.br\/index.php?rest_route=\/wp\/v2\/product"}],"about":[{"href":"https:\/\/brasriotintas.com.br\/index.php?rest_route=\/wp\/v2\/types\/product"}],"replies":[{"embeddable":true,"href":"https:\/\/brasriotintas.com.br\/index.php?rest_route=%2Fwp%2Fv2%2Fcomments&post=751"}],"wp:featuredmedia":[{"embeddable":true,"href":"https:\/\/brasriotintas.com.br\/index.php?rest_route=\/wp\/v2\/media\/752"}],"wp:attachment":[{"href":"https:\/\/brasriotintas.com.br\/index.php?rest_route=%2Fwp%2Fv2%2Fmedia&parent=751"}],"wp:term":[{"taxonomy":"product_brand","embeddable":true,"href":"https:\/\/brasriotintas.com.br\/index.php?rest_route=%2Fwp%2Fv2%2Fproduct_brand&post=751"},{"taxonomy":"product_cat","embeddable":true,"href":"https:\/\/brasriotintas.com.br\/index.php?rest_route=%2Fwp%2Fv2%2Fproduct_cat&post=751"},{"taxonomy":"product_tag","embeddable":true,"href":"https:\/\/brasriotintas.com.br\/index.php?rest_route=%2Fwp%2Fv2%2Fproduct_tag&post=751"}],"curies":[{"name":"wp","href":"https:\/\/api.w.org\/{rel}","templated":true}]}}