{"id":753,"date":"2022-09-19T13:15:36","date_gmt":"2022-09-19T13:15:36","guid":{"rendered":"https:\/\/brasriotintas.com.br\/?post_type=product&#038;p=753"},"modified":"2022-09-19T13:15:49","modified_gmt":"2022-09-19T13:15:49","slug":"limpa-piso","status":"publish","type":"product","link":"https:\/\/brasriotintas.com.br\/?product=limpa-piso","title":{"rendered":"Limpa Piso"},"content":{"rendered":"<h2><span style=\"vertical-align: inherit;\"><span style=\"vertical-align: inherit;\">Limpa Piso 1l Base \u00c1cida Proclean<\/span><\/span><\/h2>\n<p><span style=\"vertical-align: inherit;\"><span style=\"vertical-align: inherit;\">\u00c9 um produto de limpeza de alto padr\u00e3o especialmente formulado para leve e pesado em pisos gerais, como m\u00e1rmores, porcelanatos, pisos esmaltados, vin\u00edlicos e similares. <\/span><span style=\"vertical-align: inherit;\">Com alto poder de a\u00e7\u00e3o e baixa espuma, proporciona um excelente desempenho e produtividade. <\/span><span style=\"vertical-align: inherit;\">Sua a\u00e7\u00e3o qu\u00edmica n\u00e3o mancha e nem retira o brilho dos pisos. <\/span><span style=\"vertical-align: inherit;\">Os acabamentos acr\u00edlicos n\u00e3o ret\u00eam um filme de limpeza com acabamentos por alguns acabamentos.<\/span><\/span><\/p>\n","protected":false},"excerpt":{"rendered":"<p>Limpa Piso 1l Base \u00c1cida Proclean \u00c9 um produto de limpeza de alto padr\u00e3o especialmente formulado para leve e pesado em pisos gerais, como m\u00e1rmores, porcelanatos, pisos esmaltados, vin\u00edlicos e similares. Com alto poder de a\u00e7\u00e3o e baixa espuma, proporciona um excelente desempenho e produtividade. Sua a\u00e7\u00e3o qu\u00edmica n\u00e3o mancha e nem retira o brilho&hellip;&nbsp;<\/p>\n","protected":false},"featured_media":754,"comment_status":"open","ping_status":"closed","template":"","meta":{"neve_meta_sidebar":"","neve_meta_container":"","neve_meta_enable_content_width":"off","neve_meta_content_width":100,"neve_meta_title_alignment":"","neve_meta_author_avatar":"","neve_post_elements_order":"","neve_meta_disable_header":"","neve_meta_disable_footer":"","neve_meta_disable_title":""},"product_brand":[],"product_cat":[20],"product_tag":[],"class_list":{"0":"post-753","1":"product","2":"type-product","3":"status-publish","4":"has-post-thumbnail","6":"product_cat-tintas","8":"first","9":"instock","10":"shipping-taxable","11":"product-type-simple"},"_links":{"self":[{"href":"https:\/\/brasriotintas.com.br\/index.php?rest_route=\/wp\/v2\/product\/753","targetHints":{"allow":["GET"]}}],"collection":[{"href":"https:\/\/brasriotintas.com.br\/index.php?rest_route=\/wp\/v2\/product"}],"about":[{"href":"https:\/\/brasriotintas.com.br\/index.php?rest_route=\/wp\/v2\/types\/product"}],"replies":[{"embeddable":true,"href":"https:\/\/brasriotintas.com.br\/index.php?rest_route=%2Fwp%2Fv2%2Fcomments&post=753"}],"wp:featuredmedia":[{"embeddable":true,"href":"https:\/\/brasriotintas.com.br\/index.php?rest_route=\/wp\/v2\/media\/754"}],"wp:attachment":[{"href":"https:\/\/brasriotintas.com.br\/index.php?rest_route=%2Fwp%2Fv2%2Fmedia&parent=753"}],"wp:term":[{"taxonomy":"product_brand","embeddable":true,"href":"https:\/\/brasriotintas.com.br\/index.php?rest_route=%2Fwp%2Fv2%2Fproduct_brand&post=753"},{"taxonomy":"product_cat","embeddable":true,"href":"https:\/\/brasriotintas.com.br\/index.php?rest_route=%2Fwp%2Fv2%2Fproduct_cat&post=753"},{"taxonomy":"product_tag","embeddable":true,"href":"https:\/\/brasriotintas.com.br\/index.php?rest_route=%2Fwp%2Fv2%2Fproduct_tag&post=753"}],"curies":[{"name":"wp","href":"https:\/\/api.w.org\/{rel}","templated":true}]}}