{"id":755,"date":"2022-09-19T13:30:28","date_gmt":"2022-09-19T13:30:28","guid":{"rendered":"https:\/\/brasriotintas.com.br\/?post_type=product&#038;p=755"},"modified":"2022-09-19T13:30:28","modified_gmt":"2022-09-19T13:30:28","slug":"zennith","status":"publish","type":"product","link":"https:\/\/brasriotintas.com.br\/?product=zennith","title":{"rendered":"ZENNITH"},"content":{"rendered":"<p class=\"BLOCO_TXT\">O ZENNITH\u00a0\u00e9 um produto com tenso-ativos biodegrad\u00e1veis, atendendo a portaria\u00a0N\u00ba 3523 do Minist\u00e9rio da Sa\u00fade, sendo um produto notificado e aprovado junto a Anvisa conforme a autoriza\u00e7\u00e3o de funcionamento e notifica\u00e7\u00e3o do produto\u00a0N\u00ba 3.03147-3.<\/p>\n<p>ZENNITH:\u00a0Detergente \u00e1cido, super ativo, que atua definitivamente onde outros produtos falham. \u00c9 especialmente indicado para limpeza de alum\u00ednio; bem como serpentina de ar condicionado dom\u00e9stico e industrial.<\/p>\n<p><strong>Modo de Usar:<\/strong>\u00a0Diluir 1 parte do produto para at\u00e9 3 partes de \u00e1gua, usar um pincel ou pulverizar na parte a ser limpa, deixe agir alguns minutos, enxaguar com \u00e1gua.<\/p>\n","protected":false},"excerpt":{"rendered":"<p>O ZENNITH\u00a0\u00e9 um produto com tenso-ativos biodegrad\u00e1veis, atendendo a portaria\u00a0N\u00ba 3523 do Minist\u00e9rio da Sa\u00fade, sendo um produto notificado e aprovado junto a Anvisa conforme a autoriza\u00e7\u00e3o de funcionamento e notifica\u00e7\u00e3o do produto\u00a0N\u00ba 3.03147-3. ZENNITH:\u00a0Detergente \u00e1cido, super ativo, que atua definitivamente onde outros produtos falham. \u00c9 especialmente indicado para limpeza de alum\u00ednio; bem como serpentina&hellip;&nbsp;<\/p>\n","protected":false},"featured_media":756,"comment_status":"open","ping_status":"closed","template":"","meta":{"neve_meta_sidebar":"","neve_meta_container":"","neve_meta_enable_content_width":"off","neve_meta_content_width":100,"neve_meta_title_alignment":"","neve_meta_author_avatar":"","neve_post_elements_order":"","neve_meta_disable_header":"","neve_meta_disable_footer":"","neve_meta_disable_title":""},"product_brand":[],"product_cat":[20],"product_tag":[],"class_list":{"0":"post-755","1":"product","2":"type-product","3":"status-publish","4":"has-post-thumbnail","6":"product_cat-tintas","8":"first","9":"instock","10":"shipping-taxable","11":"product-type-simple"},"_links":{"self":[{"href":"https:\/\/brasriotintas.com.br\/index.php?rest_route=\/wp\/v2\/product\/755","targetHints":{"allow":["GET"]}}],"collection":[{"href":"https:\/\/brasriotintas.com.br\/index.php?rest_route=\/wp\/v2\/product"}],"about":[{"href":"https:\/\/brasriotintas.com.br\/index.php?rest_route=\/wp\/v2\/types\/product"}],"replies":[{"embeddable":true,"href":"https:\/\/brasriotintas.com.br\/index.php?rest_route=%2Fwp%2Fv2%2Fcomments&post=755"}],"wp:featuredmedia":[{"embeddable":true,"href":"https:\/\/brasriotintas.com.br\/index.php?rest_route=\/wp\/v2\/media\/756"}],"wp:attachment":[{"href":"https:\/\/brasriotintas.com.br\/index.php?rest_route=%2Fwp%2Fv2%2Fmedia&parent=755"}],"wp:term":[{"taxonomy":"product_brand","embeddable":true,"href":"https:\/\/brasriotintas.com.br\/index.php?rest_route=%2Fwp%2Fv2%2Fproduct_brand&post=755"},{"taxonomy":"product_cat","embeddable":true,"href":"https:\/\/brasriotintas.com.br\/index.php?rest_route=%2Fwp%2Fv2%2Fproduct_cat&post=755"},{"taxonomy":"product_tag","embeddable":true,"href":"https:\/\/brasriotintas.com.br\/index.php?rest_route=%2Fwp%2Fv2%2Fproduct_tag&post=755"}],"curies":[{"name":"wp","href":"https:\/\/api.w.org\/{rel}","templated":true}]}}