{"id":757,"date":"2022-09-19T13:33:55","date_gmt":"2022-09-19T13:33:55","guid":{"rendered":"https:\/\/brasriotintas.com.br\/?post_type=product&#038;p=757"},"modified":"2022-09-19T13:33:56","modified_gmt":"2022-09-19T13:33:56","slug":"jimo-cupim","status":"publish","type":"product","link":"https:\/\/brasriotintas.com.br\/?product=jimo-cupim","title":{"rendered":"Jimo  Cupim"},"content":{"rendered":"<h2>Inseticida Cupim Incolor Jimo<\/h2>\n<p>O\u00a0<strong>Inseticida<\/strong>\u00a0Cupim Incolor Jimo \u00e9 um produto fornecido pronto para o uso, de cor castanho claro.<\/p>\n<p>Al\u00e9m de inseticida, \u00e9 preventivo contra manchas de origem f\u00fangica e mofos.<\/p>\n<p>\u00c9 pronto para o uso, e deve ser usado em madeira seca, n\u00e3o deve ser aplicado sobre madeira envernizada, pintada ou encerada, pois o acabamento dificulta a penetra\u00e7\u00e3o do produto.<\/p>\n<p>Caso a madeira a ser tratada j\u00e1 apresente algum tipo de acabamento, recomenda-se a remo\u00e7\u00e3o com lixa ou removedor antes da aplica\u00e7\u00e3o.<\/p>\n<h3>Modo de usar:<\/h3>\n<p>Pode ser aplicado por pincelamento, imers\u00e3o ou pulveriza\u00e7\u00e3o em madeiramentos, assoalhos, parquetes, forros, esquadrias, m\u00f3veis ou outros artefatos de madeira.<\/p>\n<p>Jimo Cupim \u00e9 direcionado para o tratamento preventivo ou curativo de madeira seca, sem acabamento, a aplica\u00e7\u00e3o de cera, tinta, verniz ou stain s\u00f3 dever\u00e1 ser realizada ap\u00f3s a secagem do produto, que \u00e9 vari\u00e1vel de acordo com as condi\u00e7\u00f5es do clima local.<\/p>\n<p>A efic\u00e1cia do tratamento curativo, sobre a madeira que j\u00e1 apresenta infesta\u00e7\u00e3o, \u00e9 atingida em 7 dias no caso de imers\u00e3o e pincelamento e em 14 dias, no caso de pulveriza\u00e7\u00e3o.<\/p>\n<p>Na Cobasi, voc\u00ea encontra o Inseticida Cupim Incolor Jimo com\u00a0<strong>pre\u00e7o<\/strong>\u00a0especial e excelentes ofertas.<\/p>\n","protected":false},"excerpt":{"rendered":"<p>Inseticida Cupim Incolor Jimo O\u00a0Inseticida\u00a0Cupim Incolor Jimo \u00e9 um produto fornecido pronto para o uso, de cor castanho claro. Al\u00e9m de inseticida, \u00e9 preventivo contra manchas de origem f\u00fangica e mofos. \u00c9 pronto para o uso, e deve ser usado em madeira seca, n\u00e3o deve ser aplicado sobre madeira envernizada, pintada ou encerada, pois o&hellip;&nbsp;<\/p>\n","protected":false},"featured_media":758,"comment_status":"open","ping_status":"closed","template":"","meta":{"neve_meta_sidebar":"","neve_meta_container":"","neve_meta_enable_content_width":"off","neve_meta_content_width":100,"neve_meta_title_alignment":"","neve_meta_author_avatar":"","neve_post_elements_order":"","neve_meta_disable_header":"","neve_meta_disable_footer":"","neve_meta_disable_title":""},"product_brand":[],"product_cat":[20],"product_tag":[],"class_list":{"0":"post-757","1":"product","2":"type-product","3":"status-publish","4":"has-post-thumbnail","6":"product_cat-tintas","8":"first","9":"instock","10":"shipping-taxable","11":"product-type-simple"},"_links":{"self":[{"href":"https:\/\/brasriotintas.com.br\/index.php?rest_route=\/wp\/v2\/product\/757","targetHints":{"allow":["GET"]}}],"collection":[{"href":"https:\/\/brasriotintas.com.br\/index.php?rest_route=\/wp\/v2\/product"}],"about":[{"href":"https:\/\/brasriotintas.com.br\/index.php?rest_route=\/wp\/v2\/types\/product"}],"replies":[{"embeddable":true,"href":"https:\/\/brasriotintas.com.br\/index.php?rest_route=%2Fwp%2Fv2%2Fcomments&post=757"}],"wp:featuredmedia":[{"embeddable":true,"href":"https:\/\/brasriotintas.com.br\/index.php?rest_route=\/wp\/v2\/media\/758"}],"wp:attachment":[{"href":"https:\/\/brasriotintas.com.br\/index.php?rest_route=%2Fwp%2Fv2%2Fmedia&parent=757"}],"wp:term":[{"taxonomy":"product_brand","embeddable":true,"href":"https:\/\/brasriotintas.com.br\/index.php?rest_route=%2Fwp%2Fv2%2Fproduct_brand&post=757"},{"taxonomy":"product_cat","embeddable":true,"href":"https:\/\/brasriotintas.com.br\/index.php?rest_route=%2Fwp%2Fv2%2Fproduct_cat&post=757"},{"taxonomy":"product_tag","embeddable":true,"href":"https:\/\/brasriotintas.com.br\/index.php?rest_route=%2Fwp%2Fv2%2Fproduct_tag&post=757"}],"curies":[{"name":"wp","href":"https:\/\/api.w.org\/{rel}","templated":true}]}}