{"id":763,"date":"2022-09-19T13:47:01","date_gmt":"2022-09-19T13:47:01","guid":{"rendered":"https:\/\/brasriotintas.com.br\/?post_type=product&#038;p=763"},"modified":"2022-09-19T13:47:01","modified_gmt":"2022-09-19T13:47:01","slug":"manta-asfaltica-aluminizada","status":"publish","type":"product","link":"https:\/\/brasriotintas.com.br\/?product=manta-asfaltica-aluminizada","title":{"rendered":"Manta Asf\u00e1ltica Aluminizada"},"content":{"rendered":"<p>KIMANTA \u00c9 uma fita multiuso composta por cimento asf\u00e1ltico enriquecido com pol\u00edmeros e elast\u00f4meros. \u00c9 aluminizada em uma das faces e autoaderente na outra.<br \/>\nDesenvolvida para veda\u00e7\u00e3o, prote\u00e7\u00e3o ac\u00fastica e t\u00e9rmica, tanto para altas como baixas temperaturas, em superf\u00edcies e reparos em geral.<\/p>\n<p>Pode ser utilizada na veda\u00e7\u00e3o de caixa de ar-condicionado, superf\u00edcies de madeira e\/ou exaustor e\u00f3lico, impermeabiliza\u00e7\u00e3o de viga-calha, rufo, calha, toldo, telha cer\u00e2mica, galvanizada, fibrocimento e\/ou policarbonato, ba\u00fa de caminh\u00e3o, tubula\u00e7\u00e3o, cont\u00eainer, etc. Aplicar em superf\u00edcies com temperatura entre 15\u00b0C e 50\u00b0C.<\/p>\n<p>Vantagens:<br \/>\n&#8211; Rapidez na execu\u00e7\u00e3o;<br \/>\n&#8211; F\u00e1cil aplica\u00e7\u00e3o;<br \/>\n&#8211; Excelente ader\u00eancia nas mais diversas superf\u00edcies;<br \/>\n&#8211; Alta resist\u00eancia \u00e0 intemp\u00e9rie;<br \/>\n&#8211; Reflete os raios solares (na colora\u00e7\u00e3o alum\u00ednio).<\/p>\n<p>Caracter\u00edsticas:<\/p>\n<p>&#8211; Medida: 20cm x 10mts<br \/>\n&#8211; Fun\u00e7\u00e3o: Reparo e veda\u00e7\u00e3o<br \/>\n&#8211; Composi\u00e7\u00e3o: Asfalto modificado por pol\u00edmeros e alum\u00ednio<br \/>\n&#8211; Colora\u00e7\u00e3o: Alum\u00ednio<br \/>\n&#8211; Consumo estimado: 1,10m\u00b2\/m\u00b2<br \/>\n&#8211; Espessura: 1,00mm<\/p>\n","protected":false},"excerpt":{"rendered":"<p>KIMANTA \u00c9 uma fita multiuso composta por cimento asf\u00e1ltico enriquecido com pol\u00edmeros e elast\u00f4meros. \u00c9 aluminizada em uma das faces e autoaderente na outra. Desenvolvida para veda\u00e7\u00e3o, prote\u00e7\u00e3o ac\u00fastica e t\u00e9rmica, tanto para altas como baixas temperaturas, em superf\u00edcies e reparos em geral. Pode ser utilizada na veda\u00e7\u00e3o de caixa de ar-condicionado, superf\u00edcies de madeira&hellip;&nbsp;<\/p>\n","protected":false},"featured_media":764,"comment_status":"open","ping_status":"closed","template":"","meta":{"neve_meta_sidebar":"","neve_meta_container":"","neve_meta_enable_content_width":"off","neve_meta_content_width":100,"neve_meta_title_alignment":"","neve_meta_author_avatar":"","neve_post_elements_order":"","neve_meta_disable_header":"","neve_meta_disable_footer":"","neve_meta_disable_title":""},"product_brand":[],"product_cat":[81],"product_tag":[],"class_list":{"0":"post-763","1":"product","2":"type-product","3":"status-publish","4":"has-post-thumbnail","6":"product_cat-revestimentos-e-impermeabilizantes","8":"first","9":"instock","10":"shipping-taxable","11":"product-type-simple"},"_links":{"self":[{"href":"https:\/\/brasriotintas.com.br\/index.php?rest_route=\/wp\/v2\/product\/763","targetHints":{"allow":["GET"]}}],"collection":[{"href":"https:\/\/brasriotintas.com.br\/index.php?rest_route=\/wp\/v2\/product"}],"about":[{"href":"https:\/\/brasriotintas.com.br\/index.php?rest_route=\/wp\/v2\/types\/product"}],"replies":[{"embeddable":true,"href":"https:\/\/brasriotintas.com.br\/index.php?rest_route=%2Fwp%2Fv2%2Fcomments&post=763"}],"wp:featuredmedia":[{"embeddable":true,"href":"https:\/\/brasriotintas.com.br\/index.php?rest_route=\/wp\/v2\/media\/764"}],"wp:attachment":[{"href":"https:\/\/brasriotintas.com.br\/index.php?rest_route=%2Fwp%2Fv2%2Fmedia&parent=763"}],"wp:term":[{"taxonomy":"product_brand","embeddable":true,"href":"https:\/\/brasriotintas.com.br\/index.php?rest_route=%2Fwp%2Fv2%2Fproduct_brand&post=763"},{"taxonomy":"product_cat","embeddable":true,"href":"https:\/\/brasriotintas.com.br\/index.php?rest_route=%2Fwp%2Fv2%2Fproduct_cat&post=763"},{"taxonomy":"product_tag","embeddable":true,"href":"https:\/\/brasriotintas.com.br\/index.php?rest_route=%2Fwp%2Fv2%2Fproduct_tag&post=763"}],"curies":[{"name":"wp","href":"https:\/\/api.w.org\/{rel}","templated":true}]}}