{"id":765,"date":"2022-09-19T13:52:13","date_gmt":"2022-09-19T13:52:13","guid":{"rendered":"https:\/\/brasriotintas.com.br\/?post_type=product&#038;p=765"},"modified":"2022-09-19T13:52:13","modified_gmt":"2022-09-19T13:52:13","slug":"massa-para-marmore-ibere","status":"publish","type":"product","link":"https:\/\/brasriotintas.com.br\/?product=massa-para-marmore-ibere","title":{"rendered":"Massa Para M\u00e1rmore Iber\u00ea"},"content":{"rendered":"<p>Massa Iber\u00ea \u00e9 uma massa adesiva pl\u00e1stica branca. Massa Iber\u00ea \u00e9 indicada para a constru\u00e7\u00e3o civil, na ades\u00e3o, jun\u00e7\u00e3o e colagem de cubas, granitos, m\u00e1rmores, calhas e m\u00f3veis, funilaria, chaparias em geral, modelagem, hobistas.<\/p>\n<p><strong>Como utilizar\/funciona a Massa Iber\u00ea Branca 400g &#8211; Iber\u00ea<\/strong><\/p>\n<p>1. Misture Massa Iber\u00ea at\u00e9 ficar homog\u00eaneo.<br \/>\n2. Separe a quantidade de Massa Iber\u00ea desejada.<br \/>\n3. Para cada 100 gramas de Massa Iber\u00ea utilize de 15 a 20 gotas do catalisador Iber\u00ea.<br \/>\n4. Para regi\u00f5es mais quentes, utilize 10 a 15 gotas do catalisador.<br \/>\n5. Misture bem antes de usar.<\/p>\n","protected":false},"excerpt":{"rendered":"<p>Massa Iber\u00ea \u00e9 uma massa adesiva pl\u00e1stica branca. Massa Iber\u00ea \u00e9 indicada para a constru\u00e7\u00e3o civil, na ades\u00e3o, jun\u00e7\u00e3o e colagem de cubas, granitos, m\u00e1rmores, calhas e m\u00f3veis, funilaria, chaparias em geral, modelagem, hobistas. Como utilizar\/funciona a Massa Iber\u00ea Branca 400g &#8211; Iber\u00ea 1. Misture Massa Iber\u00ea at\u00e9 ficar homog\u00eaneo. 2. Separe a quantidade de&hellip;&nbsp;<\/p>\n","protected":false},"featured_media":766,"comment_status":"open","ping_status":"closed","template":"","meta":{"neve_meta_sidebar":"","neve_meta_container":"","neve_meta_enable_content_width":"off","neve_meta_content_width":100,"neve_meta_title_alignment":"","neve_meta_author_avatar":"","neve_post_elements_order":"","neve_meta_disable_header":"","neve_meta_disable_footer":"","neve_meta_disable_title":""},"product_brand":[],"product_cat":[81],"product_tag":[],"class_list":{"0":"post-765","1":"product","2":"type-product","3":"status-publish","4":"has-post-thumbnail","6":"product_cat-revestimentos-e-impermeabilizantes","8":"first","9":"instock","10":"shipping-taxable","11":"product-type-simple"},"_links":{"self":[{"href":"https:\/\/brasriotintas.com.br\/index.php?rest_route=\/wp\/v2\/product\/765","targetHints":{"allow":["GET"]}}],"collection":[{"href":"https:\/\/brasriotintas.com.br\/index.php?rest_route=\/wp\/v2\/product"}],"about":[{"href":"https:\/\/brasriotintas.com.br\/index.php?rest_route=\/wp\/v2\/types\/product"}],"replies":[{"embeddable":true,"href":"https:\/\/brasriotintas.com.br\/index.php?rest_route=%2Fwp%2Fv2%2Fcomments&post=765"}],"wp:featuredmedia":[{"embeddable":true,"href":"https:\/\/brasriotintas.com.br\/index.php?rest_route=\/wp\/v2\/media\/766"}],"wp:attachment":[{"href":"https:\/\/brasriotintas.com.br\/index.php?rest_route=%2Fwp%2Fv2%2Fmedia&parent=765"}],"wp:term":[{"taxonomy":"product_brand","embeddable":true,"href":"https:\/\/brasriotintas.com.br\/index.php?rest_route=%2Fwp%2Fv2%2Fproduct_brand&post=765"},{"taxonomy":"product_cat","embeddable":true,"href":"https:\/\/brasriotintas.com.br\/index.php?rest_route=%2Fwp%2Fv2%2Fproduct_cat&post=765"},{"taxonomy":"product_tag","embeddable":true,"href":"https:\/\/brasriotintas.com.br\/index.php?rest_route=%2Fwp%2Fv2%2Fproduct_tag&post=765"}],"curies":[{"name":"wp","href":"https:\/\/api.w.org\/{rel}","templated":true}]}}