{"id":767,"date":"2022-09-19T13:55:11","date_gmt":"2022-09-19T13:55:11","guid":{"rendered":"https:\/\/brasriotintas.com.br\/?post_type=product&#038;p=767"},"modified":"2022-09-19T13:55:12","modified_gmt":"2022-09-19T13:55:12","slug":"verniz-para-parede-anti-mosquito-coral","status":"publish","type":"product","link":"https:\/\/brasriotintas.com.br\/?product=verniz-para-parede-anti-mosquito-coral","title":{"rendered":"Verniz Para Parede Anti Mosquito Coral"},"content":{"rendered":"<p>O Verniz Prote\u00e7\u00e3o Antimosquito Bem-Estar 3,6 Litros da Coral \u00e9 incolor, fosco e ideal para repelir o mosquito Aedes Aegypti, respons\u00e1vel pela transmiss\u00e3o da Dengue, Zika e Chikungunya. A Prote\u00e7\u00e3o Antimosquito foi desenvolvida para ser aplicada sobre qualquer parede pintada, as mais diversas cores e acabamentos (fosco, sem acetinado, acetinado e semibrilho), como resultado final o acabamento fosco. Possui aspecto branco leitoso para facilitar a aplica\u00e7\u00e3o e visualiza\u00e7\u00e3o do produto durante a pintura e ficando incolor ap\u00f3s a secagem. Rende 44m\u00b2 acabados por embalagem de 3,6L.<\/p>\n<p>A Coral \u00e9 uma marca do Grupo AkzoNobel, uma companhia global l\u00edder em tintas e revestimentos e uma das principais produtoras de especialidades qu\u00edmicas, fornecendo ingredientes, prote\u00e7\u00e3o e cores essenciais para ind\u00fastrias e consumidores em todo o mundo.<\/p>\n","protected":false},"excerpt":{"rendered":"<p>O Verniz Prote\u00e7\u00e3o Antimosquito Bem-Estar 3,6 Litros da Coral \u00e9 incolor, fosco e ideal para repelir o mosquito Aedes Aegypti, respons\u00e1vel pela transmiss\u00e3o da Dengue, Zika e Chikungunya. A Prote\u00e7\u00e3o Antimosquito foi desenvolvida para ser aplicada sobre qualquer parede pintada, as mais diversas cores e acabamentos (fosco, sem acetinado, acetinado e semibrilho), como resultado final&hellip;&nbsp;<\/p>\n","protected":false},"featured_media":768,"comment_status":"open","ping_status":"closed","template":"","meta":{"neve_meta_sidebar":"","neve_meta_container":"","neve_meta_enable_content_width":"off","neve_meta_content_width":100,"neve_meta_title_alignment":"","neve_meta_author_avatar":"","neve_post_elements_order":"","neve_meta_disable_header":"","neve_meta_disable_footer":"","neve_meta_disable_title":""},"product_brand":[],"product_cat":[20],"product_tag":[],"class_list":{"0":"post-767","1":"product","2":"type-product","3":"status-publish","4":"has-post-thumbnail","6":"product_cat-tintas","8":"first","9":"instock","10":"shipping-taxable","11":"product-type-simple"},"_links":{"self":[{"href":"https:\/\/brasriotintas.com.br\/index.php?rest_route=\/wp\/v2\/product\/767","targetHints":{"allow":["GET"]}}],"collection":[{"href":"https:\/\/brasriotintas.com.br\/index.php?rest_route=\/wp\/v2\/product"}],"about":[{"href":"https:\/\/brasriotintas.com.br\/index.php?rest_route=\/wp\/v2\/types\/product"}],"replies":[{"embeddable":true,"href":"https:\/\/brasriotintas.com.br\/index.php?rest_route=%2Fwp%2Fv2%2Fcomments&post=767"}],"wp:featuredmedia":[{"embeddable":true,"href":"https:\/\/brasriotintas.com.br\/index.php?rest_route=\/wp\/v2\/media\/768"}],"wp:attachment":[{"href":"https:\/\/brasriotintas.com.br\/index.php?rest_route=%2Fwp%2Fv2%2Fmedia&parent=767"}],"wp:term":[{"taxonomy":"product_brand","embeddable":true,"href":"https:\/\/brasriotintas.com.br\/index.php?rest_route=%2Fwp%2Fv2%2Fproduct_brand&post=767"},{"taxonomy":"product_cat","embeddable":true,"href":"https:\/\/brasriotintas.com.br\/index.php?rest_route=%2Fwp%2Fv2%2Fproduct_cat&post=767"},{"taxonomy":"product_tag","embeddable":true,"href":"https:\/\/brasriotintas.com.br\/index.php?rest_route=%2Fwp%2Fv2%2Fproduct_tag&post=767"}],"curies":[{"name":"wp","href":"https:\/\/api.w.org\/{rel}","templated":true}]}}