{"id":769,"date":"2022-09-19T13:59:14","date_gmt":"2022-09-19T13:59:14","guid":{"rendered":"https:\/\/brasriotintas.com.br\/?post_type=product&#038;p=769"},"modified":"2022-09-19T14:00:14","modified_gmt":"2022-09-19T14:00:14","slug":"tinta-spray-tek-bond","status":"publish","type":"product","link":"https:\/\/brasriotintas.com.br\/?product=tinta-spray-tek-bond","title":{"rendered":"Tinta Spray Tek Bond"},"content":{"rendered":"<div>\n<p><span style=\"vertical-align: inherit;\"><span style=\"vertical-align: inherit;\"><span style=\"vertical-align: inherit;\"><span style=\"vertical-align: inherit;\">\u00c9 uma tinta acr\u00edlica desenvolvida com tecnologia de ponta e indicada para proporcionar efeitos luminosos quando expostos a luz. <\/span><\/span><\/span><span style=\"vertical-align: inherit;\"><span style=\"vertical-align: inherit;\"><span style=\"vertical-align: inherit;\">S\u00e3o utilizados em decora\u00e7\u00e3o de ambientes internos, sal\u00f5es, lojas, escolas e vitrines, podendo ser aplicados em diversos tipos de materiais.<\/span><\/span><\/span><\/span><\/p>\n<p><strong><span style=\"vertical-align: inherit;\"><span style=\"vertical-align: inherit;\"><span style=\"vertical-align: inherit;\"><span style=\"vertical-align: inherit;\">&#8211; Reposi\u00e7\u00e3o:<\/span><\/span><\/span><\/span><\/strong><\/p>\n<\/div>\n<div>\n<p><span style=\"vertical-align: inherit;\"><span style=\"vertical-align: inherit;\"><span style=\"vertical-align: inherit;\"><span style=\"vertical-align: inherit;\">:: Manter em local coberto e ventilado (temperatura inferior a 50\u00b0C). <\/span><\/span><\/span><span style=\"vertical-align: inherit;\"><span style=\"vertical-align: inherit;\"><span style=\"vertical-align: inherit;\">Nestas condi\u00e7\u00f5es, o produto em sua embalagem original e lacrada tem garantia de 3 anos a partir de seus dados de fabrica\u00e7\u00e3o. <\/span><\/span><\/span><\/span><strong><span style=\"vertical-align: inherit;\"><span style=\"vertical-align: inherit;\"><span style=\"vertical-align: inherit;\"><span style=\"vertical-align: inherit;\">\u00a0&#8211; Especifica\u00e7\u00f5es T\u00e9cnicas:<\/span><\/span><\/span><\/span><\/strong><\/p>\n<\/div>\n<div><strong><br \/>\n<\/strong><span style=\"vertical-align: inherit;\"><span style=\"vertical-align: inherit;\"><span style=\"vertical-align: inherit;\"><span style=\"vertical-align: inherit;\">:: Cor: Laranja <\/span><\/span><\/span><\/span><br \/>\n<span style=\"vertical-align: inherit;\"><span style=\"vertical-align: inherit;\"><span style=\"vertical-align: inherit;\"><span style=\"vertical-align: inherit;\">:: Latas com 350ml\/250g <\/span><\/span><\/span><\/span><br \/>\n<span style=\"vertical-align: inherit;\"><span style=\"vertical-align: inherit;\"><span style=\"vertical-align: inherit;\"><span style=\"vertical-align: inherit;\">:: Rendimento aproximado: 1,2 m2 a 1,5 m2 por embalagem <\/span><\/span><\/span><\/span><br \/>\n<span style=\"vertical-align: inherit;\"><span style=\"vertical-align: inherit;\"><span style=\"vertical-align: inherit;\"><span style=\"vertical-align: inherit;\">:: N\u00e3o extemperatura ou armazene este produto em superior a 50\u00baC (risco de exposi\u00e7\u00e3o).<\/span><\/span><\/span><\/span><\/div>\n<div><strong><span style=\"vertical-align: inherit;\"><span style=\"vertical-align: inherit;\"><span style=\"vertical-align: inherit;\"><span style=\"vertical-align: inherit;\">&#8211; Conte\u00fado da embalagem:<\/span><\/span><\/span><\/span><\/strong><\/div>\n<div><\/div>\n<div><span style=\"vertical-align: inherit;\"><span style=\"vertical-align: inherit;\"><span style=\"vertical-align: inherit;\"><span style=\"vertical-align: inherit;\">:: 1 Tinta Spray Super Color<\/span><\/span><\/span><\/span><\/div>\n","protected":false},"excerpt":{"rendered":"<p>\u00c9 uma tinta acr\u00edlica desenvolvida com tecnologia de ponta e indicada para proporcionar efeitos luminosos quando expostos a luz. S\u00e3o utilizados em decora\u00e7\u00e3o de ambientes internos, sal\u00f5es, lojas, escolas e vitrines, podendo ser aplicados em diversos tipos de materiais. &#8211; Reposi\u00e7\u00e3o: :: Manter em local coberto e ventilado (temperatura inferior a 50\u00b0C). Nestas condi\u00e7\u00f5es, o&hellip;&nbsp;<\/p>\n","protected":false},"featured_media":770,"comment_status":"open","ping_status":"closed","template":"","meta":{"neve_meta_sidebar":"","neve_meta_container":"","neve_meta_enable_content_width":"off","neve_meta_content_width":100,"neve_meta_title_alignment":"","neve_meta_author_avatar":"","neve_post_elements_order":"","neve_meta_disable_header":"","neve_meta_disable_footer":"","neve_meta_disable_title":""},"product_brand":[],"product_cat":[20],"product_tag":[],"class_list":{"0":"post-769","1":"product","2":"type-product","3":"status-publish","4":"has-post-thumbnail","6":"product_cat-tintas","8":"first","9":"instock","10":"shipping-taxable","11":"product-type-simple"},"_links":{"self":[{"href":"https:\/\/brasriotintas.com.br\/index.php?rest_route=\/wp\/v2\/product\/769","targetHints":{"allow":["GET"]}}],"collection":[{"href":"https:\/\/brasriotintas.com.br\/index.php?rest_route=\/wp\/v2\/product"}],"about":[{"href":"https:\/\/brasriotintas.com.br\/index.php?rest_route=\/wp\/v2\/types\/product"}],"replies":[{"embeddable":true,"href":"https:\/\/brasriotintas.com.br\/index.php?rest_route=%2Fwp%2Fv2%2Fcomments&post=769"}],"wp:featuredmedia":[{"embeddable":true,"href":"https:\/\/brasriotintas.com.br\/index.php?rest_route=\/wp\/v2\/media\/770"}],"wp:attachment":[{"href":"https:\/\/brasriotintas.com.br\/index.php?rest_route=%2Fwp%2Fv2%2Fmedia&parent=769"}],"wp:term":[{"taxonomy":"product_brand","embeddable":true,"href":"https:\/\/brasriotintas.com.br\/index.php?rest_route=%2Fwp%2Fv2%2Fproduct_brand&post=769"},{"taxonomy":"product_cat","embeddable":true,"href":"https:\/\/brasriotintas.com.br\/index.php?rest_route=%2Fwp%2Fv2%2Fproduct_cat&post=769"},{"taxonomy":"product_tag","embeddable":true,"href":"https:\/\/brasriotintas.com.br\/index.php?rest_route=%2Fwp%2Fv2%2Fproduct_tag&post=769"}],"curies":[{"name":"wp","href":"https:\/\/api.w.org\/{rel}","templated":true}]}}