{"id":776,"date":"2022-09-19T14:08:40","date_gmt":"2022-09-19T14:08:40","guid":{"rendered":"https:\/\/brasriotintas.com.br\/?post_type=product&#038;p=776"},"modified":"2026-01-26T15:19:06","modified_gmt":"2026-01-26T15:19:06","slug":"cola-contato-cascola","status":"publish","type":"product","link":"https:\/\/brasriotintas.com.br\/?product=cola-contato-cascola","title":{"rendered":"Cola Contato Cascola"},"content":{"rendered":"<p>A Cascola Tradicional sem Toluol \u00e9 um adesivo de contato de alto desempenho possui 730g, ideal para diferentes materiais e aplica\u00e7\u00f5es. \u00c9 indicado especialmente para a colagem de laminados decorativos, pisos de borracha, couro, metais, lambris e diversos materiais sint\u00e9ticos em madeiras compensadas, aglomerados, MDF, HDF, concreto, cimento, entre outros. O processo de lamina\u00e7\u00e3o pode ser executado tanto em superf\u00edcies curvas como em planas. Pode ser utilizado em ambientes internos e externos.<\/p>\n<p>A aplica\u00e7\u00e3o com Cascola Tradicional sem Toluol \u00e9 simples, proporcionando total ader\u00eancia e excelente acabamento. Produto conta com alta for\u00e7a de colagem e performance, adere em diversos materiais, \u00e9 resistente a \u00e1gua e n\u00e3o sofre inchamento, evitando poss\u00edveis desprendimentos das pe\u00e7as. OBS.: N\u00e3o adere materiais \u00e0 base de Polietileno, Polipropileno e PTFE (resina antiaderente).<\/p>\n<p>A Henkel est\u00e1 no Brasil desde 1955 e atua nas \u00e1reas de Adesivos, Selantes e Tratamento de Superf\u00edcies e Beauty Care, com principais marcas como Cascola, Loctite, Pritt e Schwarzkopf Professional.<\/p>\n","protected":false},"excerpt":{"rendered":"<p>A Cascola Tradicional sem Toluol \u00e9 um adesivo de contato de alto desempenho possui 730g, ideal para diferentes materiais e aplica\u00e7\u00f5es. \u00c9 indicado especialmente para a colagem de laminados decorativos, pisos de borracha, couro, metais, lambris e diversos materiais sint\u00e9ticos em madeiras compensadas, aglomerados, MDF, HDF, concreto, cimento, entre outros. O processo de lamina\u00e7\u00e3o pode&hellip;&nbsp;<\/p>\n","protected":false},"featured_media":777,"comment_status":"open","ping_status":"closed","template":"","meta":{"neve_meta_sidebar":"","neve_meta_container":"","neve_meta_enable_content_width":"off","neve_meta_content_width":100,"neve_meta_title_alignment":"","neve_meta_author_avatar":"","neve_post_elements_order":"","neve_meta_disable_header":"","neve_meta_disable_footer":"","neve_meta_disable_title":""},"product_brand":[],"product_cat":[81],"product_tag":[],"class_list":{"0":"post-776","1":"product","2":"type-product","3":"status-publish","4":"has-post-thumbnail","6":"product_cat-revestimentos-e-impermeabilizantes","8":"first","9":"instock","10":"shipping-taxable","11":"product-type-simple"},"_links":{"self":[{"href":"https:\/\/brasriotintas.com.br\/index.php?rest_route=\/wp\/v2\/product\/776","targetHints":{"allow":["GET"]}}],"collection":[{"href":"https:\/\/brasriotintas.com.br\/index.php?rest_route=\/wp\/v2\/product"}],"about":[{"href":"https:\/\/brasriotintas.com.br\/index.php?rest_route=\/wp\/v2\/types\/product"}],"replies":[{"embeddable":true,"href":"https:\/\/brasriotintas.com.br\/index.php?rest_route=%2Fwp%2Fv2%2Fcomments&post=776"}],"wp:featuredmedia":[{"embeddable":true,"href":"https:\/\/brasriotintas.com.br\/index.php?rest_route=\/wp\/v2\/media\/777"}],"wp:attachment":[{"href":"https:\/\/brasriotintas.com.br\/index.php?rest_route=%2Fwp%2Fv2%2Fmedia&parent=776"}],"wp:term":[{"taxonomy":"product_brand","embeddable":true,"href":"https:\/\/brasriotintas.com.br\/index.php?rest_route=%2Fwp%2Fv2%2Fproduct_brand&post=776"},{"taxonomy":"product_cat","embeddable":true,"href":"https:\/\/brasriotintas.com.br\/index.php?rest_route=%2Fwp%2Fv2%2Fproduct_cat&post=776"},{"taxonomy":"product_tag","embeddable":true,"href":"https:\/\/brasriotintas.com.br\/index.php?rest_route=%2Fwp%2Fv2%2Fproduct_tag&post=776"}],"curies":[{"name":"wp","href":"https:\/\/api.w.org\/{rel}","templated":true}]}}