{"id":786,"date":"2022-09-19T14:27:45","date_gmt":"2022-09-19T14:27:45","guid":{"rendered":"https:\/\/brasriotintas.com.br\/?post_type=product&#038;p=786"},"modified":"2022-09-19T14:27:45","modified_gmt":"2022-09-19T14:27:45","slug":"tinta-acrilica-acetinada-toque-de-seda-suvinil","status":"publish","type":"product","link":"https:\/\/brasriotintas.com.br\/?product=tinta-acrilica-acetinada-toque-de-seda-suvinil","title":{"rendered":"Tinta Acr\u00edlica Acetinada Toque de Seda Suvinil"},"content":{"rendered":"<p>A Tinta Acr\u00edlica Suvinil Toque de Seda tem alta cobertura, f\u00e1cil aplica\u00e7\u00e3o e seu grande diferencial \u00e9 o fato de ser lav\u00e1vel, garantindo a beleza e qualidade de seu sofisticado acabamento acetinado na cor branca, que d\u00e1 sensa\u00e7\u00e3o de amplitude, suaviza e ilumina o ambiente.<\/p>\n<p>A lata de 18 litros cobre at\u00e9 330m\u00b2 e tem secagem ao toque de aproximadamente 2 horas e secagem final de 12 horas.<\/p>\n<p>A Suvinil est\u00e1 h\u00e1 quase seis d\u00e9cadas no mercado e pode acompanhar o avan\u00e7o da constru\u00e7\u00e3o civil, consolidando-se como refer\u00eancia em marca de tintas no Brasil.<\/p>\n","protected":false},"excerpt":{"rendered":"<p>A Tinta Acr\u00edlica Suvinil Toque de Seda tem alta cobertura, f\u00e1cil aplica\u00e7\u00e3o e seu grande diferencial \u00e9 o fato de ser lav\u00e1vel, garantindo a beleza e qualidade de seu sofisticado acabamento acetinado na cor branca, que d\u00e1 sensa\u00e7\u00e3o de amplitude, suaviza e ilumina o ambiente. A lata de 18 litros cobre at\u00e9 330m\u00b2 e tem&hellip;&nbsp;<\/p>\n","protected":false},"featured_media":787,"comment_status":"open","ping_status":"closed","template":"","meta":{"neve_meta_sidebar":"","neve_meta_container":"","neve_meta_enable_content_width":"off","neve_meta_content_width":100,"neve_meta_title_alignment":"","neve_meta_author_avatar":"","neve_post_elements_order":"","neve_meta_disable_header":"","neve_meta_disable_footer":"","neve_meta_disable_title":""},"product_brand":[],"product_cat":[19,20,91],"product_tag":[],"class_list":{"0":"post-786","1":"product","2":"type-product","3":"status-publish","4":"has-post-thumbnail","6":"product_cat-todas","7":"product_cat-tintas","8":"product_cat-tintas-imobiliarias","10":"first","11":"instock","12":"shipping-taxable","13":"product-type-simple"},"_links":{"self":[{"href":"https:\/\/brasriotintas.com.br\/index.php?rest_route=\/wp\/v2\/product\/786","targetHints":{"allow":["GET"]}}],"collection":[{"href":"https:\/\/brasriotintas.com.br\/index.php?rest_route=\/wp\/v2\/product"}],"about":[{"href":"https:\/\/brasriotintas.com.br\/index.php?rest_route=\/wp\/v2\/types\/product"}],"replies":[{"embeddable":true,"href":"https:\/\/brasriotintas.com.br\/index.php?rest_route=%2Fwp%2Fv2%2Fcomments&post=786"}],"wp:featuredmedia":[{"embeddable":true,"href":"https:\/\/brasriotintas.com.br\/index.php?rest_route=\/wp\/v2\/media\/787"}],"wp:attachment":[{"href":"https:\/\/brasriotintas.com.br\/index.php?rest_route=%2Fwp%2Fv2%2Fmedia&parent=786"}],"wp:term":[{"taxonomy":"product_brand","embeddable":true,"href":"https:\/\/brasriotintas.com.br\/index.php?rest_route=%2Fwp%2Fv2%2Fproduct_brand&post=786"},{"taxonomy":"product_cat","embeddable":true,"href":"https:\/\/brasriotintas.com.br\/index.php?rest_route=%2Fwp%2Fv2%2Fproduct_cat&post=786"},{"taxonomy":"product_tag","embeddable":true,"href":"https:\/\/brasriotintas.com.br\/index.php?rest_route=%2Fwp%2Fv2%2Fproduct_tag&post=786"}],"curies":[{"name":"wp","href":"https:\/\/api.w.org\/{rel}","templated":true}]}}