{"id":788,"date":"2022-09-19T14:29:22","date_gmt":"2022-09-19T14:29:22","guid":{"rendered":"https:\/\/brasriotintas.com.br\/?post_type=product&#038;p=788"},"modified":"2022-09-19T14:29:23","modified_gmt":"2022-09-19T14:29:23","slug":"tinta-acrilica-semi-brilho-suvinil","status":"publish","type":"product","link":"https:\/\/brasriotintas.com.br\/?product=tinta-acrilica-semi-brilho-suvinil","title":{"rendered":"Tinta Acr\u00edlica Semi Brilho Suvinil"},"content":{"rendered":"<p>O Toque de Luz da intensidade e brilho para as cores de dentro e fora da sua casa. Extremamente lav\u00e1vel, n\u00e3o importa a limpeza, a tinta sempre fica. Como \u00e9 de alta performance, proporciona f\u00e1cil aplica\u00e7\u00e3o, secagem r\u00e1pida, baixo odor e respingamento.<\/p>\n","protected":false},"excerpt":{"rendered":"<p>O Toque de Luz da intensidade e brilho para as cores de dentro e fora da sua casa. Extremamente lav\u00e1vel, n\u00e3o importa a limpeza, a tinta sempre fica. Como \u00e9 de alta performance, proporciona f\u00e1cil aplica\u00e7\u00e3o, secagem r\u00e1pida, baixo odor e respingamento.<\/p>\n","protected":false},"featured_media":789,"comment_status":"open","ping_status":"closed","template":"","meta":{"neve_meta_sidebar":"","neve_meta_container":"","neve_meta_enable_content_width":"off","neve_meta_content_width":100,"neve_meta_title_alignment":"","neve_meta_author_avatar":"","neve_post_elements_order":"","neve_meta_disable_header":"","neve_meta_disable_footer":"","neve_meta_disable_title":""},"product_brand":[],"product_cat":[19,20,91],"product_tag":[],"class_list":{"0":"post-788","1":"product","2":"type-product","3":"status-publish","4":"has-post-thumbnail","6":"product_cat-todas","7":"product_cat-tintas","8":"product_cat-tintas-imobiliarias","10":"first","11":"instock","12":"shipping-taxable","13":"product-type-simple"},"_links":{"self":[{"href":"https:\/\/brasriotintas.com.br\/index.php?rest_route=\/wp\/v2\/product\/788","targetHints":{"allow":["GET"]}}],"collection":[{"href":"https:\/\/brasriotintas.com.br\/index.php?rest_route=\/wp\/v2\/product"}],"about":[{"href":"https:\/\/brasriotintas.com.br\/index.php?rest_route=\/wp\/v2\/types\/product"}],"replies":[{"embeddable":true,"href":"https:\/\/brasriotintas.com.br\/index.php?rest_route=%2Fwp%2Fv2%2Fcomments&post=788"}],"wp:featuredmedia":[{"embeddable":true,"href":"https:\/\/brasriotintas.com.br\/index.php?rest_route=\/wp\/v2\/media\/789"}],"wp:attachment":[{"href":"https:\/\/brasriotintas.com.br\/index.php?rest_route=%2Fwp%2Fv2%2Fmedia&parent=788"}],"wp:term":[{"taxonomy":"product_brand","embeddable":true,"href":"https:\/\/brasriotintas.com.br\/index.php?rest_route=%2Fwp%2Fv2%2Fproduct_brand&post=788"},{"taxonomy":"product_cat","embeddable":true,"href":"https:\/\/brasriotintas.com.br\/index.php?rest_route=%2Fwp%2Fv2%2Fproduct_cat&post=788"},{"taxonomy":"product_tag","embeddable":true,"href":"https:\/\/brasriotintas.com.br\/index.php?rest_route=%2Fwp%2Fv2%2Fproduct_tag&post=788"}],"curies":[{"name":"wp","href":"https:\/\/api.w.org\/{rel}","templated":true}]}}