{"id":790,"date":"2022-09-19T14:30:54","date_gmt":"2022-09-19T14:30:54","guid":{"rendered":"https:\/\/brasriotintas.com.br\/?post_type=product&#038;p=790"},"modified":"2022-09-19T14:30:54","modified_gmt":"2022-09-19T14:30:54","slug":"tinta-pva-suvinil","status":"publish","type":"product","link":"https:\/\/brasriotintas.com.br\/?product=tinta-pva-suvinil","title":{"rendered":"Tinta PVA Suvinil"},"content":{"rendered":"<p>A Tinta Acr\u00edlica Fosca Branca 18 Litros da Suvinil oferece facilidade de aplica\u00e7\u00e3o e alto rendimento com padr\u00e3o de qualidade e excel\u00eancia Suvinil na cor branca, ideal para quem procura dar amplitude aos ambientes e sensa\u00e7\u00e3o de pureza e suavidade.<\/p>\n<p>A lata de 18 litros cobre at\u00e9 380m\u00b2 e tem prazo aproximado de secagem ao toque de 2 horas e secagem final de 12 horas. Recomenda-se, antes de sua aplica\u00e7\u00e3o, lixar e realizar a limpeza da superf\u00edcie.<\/p>\n<p>A Suvinil est\u00e1 h\u00e1 quase seis d\u00e9cadas no mercado e pode acompanhar o avan\u00e7o da constru\u00e7\u00e3o civil, consolidando-se como refer\u00eancia em marca de tintas no Brasil.<\/p>\n","protected":false},"excerpt":{"rendered":"<p>A Tinta Acr\u00edlica Fosca Branca 18 Litros da Suvinil oferece facilidade de aplica\u00e7\u00e3o e alto rendimento com padr\u00e3o de qualidade e excel\u00eancia Suvinil na cor branca, ideal para quem procura dar amplitude aos ambientes e sensa\u00e7\u00e3o de pureza e suavidade. A lata de 18 litros cobre at\u00e9 380m\u00b2 e tem prazo aproximado de secagem ao&hellip;&nbsp;<\/p>\n","protected":false},"featured_media":791,"comment_status":"open","ping_status":"closed","template":"","meta":{"neve_meta_sidebar":"","neve_meta_container":"","neve_meta_enable_content_width":"off","neve_meta_content_width":100,"neve_meta_title_alignment":"","neve_meta_author_avatar":"","neve_post_elements_order":"","neve_meta_disable_header":"","neve_meta_disable_footer":"","neve_meta_disable_title":""},"product_brand":[],"product_cat":[19,20,91],"product_tag":[],"class_list":{"0":"post-790","1":"product","2":"type-product","3":"status-publish","4":"has-post-thumbnail","6":"product_cat-todas","7":"product_cat-tintas","8":"product_cat-tintas-imobiliarias","10":"first","11":"instock","12":"shipping-taxable","13":"product-type-simple"},"_links":{"self":[{"href":"https:\/\/brasriotintas.com.br\/index.php?rest_route=\/wp\/v2\/product\/790","targetHints":{"allow":["GET"]}}],"collection":[{"href":"https:\/\/brasriotintas.com.br\/index.php?rest_route=\/wp\/v2\/product"}],"about":[{"href":"https:\/\/brasriotintas.com.br\/index.php?rest_route=\/wp\/v2\/types\/product"}],"replies":[{"embeddable":true,"href":"https:\/\/brasriotintas.com.br\/index.php?rest_route=%2Fwp%2Fv2%2Fcomments&post=790"}],"wp:featuredmedia":[{"embeddable":true,"href":"https:\/\/brasriotintas.com.br\/index.php?rest_route=\/wp\/v2\/media\/791"}],"wp:attachment":[{"href":"https:\/\/brasriotintas.com.br\/index.php?rest_route=%2Fwp%2Fv2%2Fmedia&parent=790"}],"wp:term":[{"taxonomy":"product_brand","embeddable":true,"href":"https:\/\/brasriotintas.com.br\/index.php?rest_route=%2Fwp%2Fv2%2Fproduct_brand&post=790"},{"taxonomy":"product_cat","embeddable":true,"href":"https:\/\/brasriotintas.com.br\/index.php?rest_route=%2Fwp%2Fv2%2Fproduct_cat&post=790"},{"taxonomy":"product_tag","embeddable":true,"href":"https:\/\/brasriotintas.com.br\/index.php?rest_route=%2Fwp%2Fv2%2Fproduct_tag&post=790"}],"curies":[{"name":"wp","href":"https:\/\/api.w.org\/{rel}","templated":true}]}}