{"id":792,"date":"2022-09-19T14:32:27","date_gmt":"2022-09-19T14:32:27","guid":{"rendered":"https:\/\/brasriotintas.com.br\/?post_type=product&#038;p=792"},"modified":"2022-09-19T14:32:27","modified_gmt":"2022-09-19T14:32:27","slug":"tinta-acrilica-rende-cobre-muito-suvinil","status":"publish","type":"product","link":"https:\/\/brasriotintas.com.br\/?product=tinta-acrilica-rende-cobre-muito-suvinil","title":{"rendered":"Tinta Acrilica Rende &#038; Cobre Muito Suvinil"},"content":{"rendered":"<p>Est\u00e1 procurando promover uma repaginada na pintura das paredes da sua casa? A op\u00e7\u00e3o ideal para voc\u00ea \u00e9 a Tinta Fosco da marca Suvinil! Ela tem indica\u00e7\u00e3o para aplica\u00e7\u00e3o em ambientes internos como paredes. Conta com acabamento em cor mais viva e intensa, tem f\u00e1cil aplica\u00e7\u00e3o, r\u00e1pida secagem, \u00f3timo desempenho em rendimento e al\u00e9m disso oferece baixa emiss\u00e3o de odores.<\/p>\n","protected":false},"excerpt":{"rendered":"<p>Est\u00e1 procurando promover uma repaginada na pintura das paredes da sua casa? A op\u00e7\u00e3o ideal para voc\u00ea \u00e9 a Tinta Fosco da marca Suvinil! Ela tem indica\u00e7\u00e3o para aplica\u00e7\u00e3o em ambientes internos como paredes. Conta com acabamento em cor mais viva e intensa, tem f\u00e1cil aplica\u00e7\u00e3o, r\u00e1pida secagem, \u00f3timo desempenho em rendimento e al\u00e9m disso&hellip;&nbsp;<\/p>\n","protected":false},"featured_media":793,"comment_status":"open","ping_status":"closed","template":"","meta":{"neve_meta_sidebar":"","neve_meta_container":"","neve_meta_enable_content_width":"off","neve_meta_content_width":100,"neve_meta_title_alignment":"","neve_meta_author_avatar":"","neve_post_elements_order":"","neve_meta_disable_header":"","neve_meta_disable_footer":"","neve_meta_disable_title":""},"product_brand":[],"product_cat":[19,20,91],"product_tag":[],"class_list":{"0":"post-792","1":"product","2":"type-product","3":"status-publish","4":"has-post-thumbnail","6":"product_cat-todas","7":"product_cat-tintas","8":"product_cat-tintas-imobiliarias","10":"first","11":"instock","12":"shipping-taxable","13":"product-type-simple"},"_links":{"self":[{"href":"https:\/\/brasriotintas.com.br\/index.php?rest_route=\/wp\/v2\/product\/792","targetHints":{"allow":["GET"]}}],"collection":[{"href":"https:\/\/brasriotintas.com.br\/index.php?rest_route=\/wp\/v2\/product"}],"about":[{"href":"https:\/\/brasriotintas.com.br\/index.php?rest_route=\/wp\/v2\/types\/product"}],"replies":[{"embeddable":true,"href":"https:\/\/brasriotintas.com.br\/index.php?rest_route=%2Fwp%2Fv2%2Fcomments&post=792"}],"wp:featuredmedia":[{"embeddable":true,"href":"https:\/\/brasriotintas.com.br\/index.php?rest_route=\/wp\/v2\/media\/793"}],"wp:attachment":[{"href":"https:\/\/brasriotintas.com.br\/index.php?rest_route=%2Fwp%2Fv2%2Fmedia&parent=792"}],"wp:term":[{"taxonomy":"product_brand","embeddable":true,"href":"https:\/\/brasriotintas.com.br\/index.php?rest_route=%2Fwp%2Fv2%2Fproduct_brand&post=792"},{"taxonomy":"product_cat","embeddable":true,"href":"https:\/\/brasriotintas.com.br\/index.php?rest_route=%2Fwp%2Fv2%2Fproduct_cat&post=792"},{"taxonomy":"product_tag","embeddable":true,"href":"https:\/\/brasriotintas.com.br\/index.php?rest_route=%2Fwp%2Fv2%2Fproduct_tag&post=792"}],"curies":[{"name":"wp","href":"https:\/\/api.w.org\/{rel}","templated":true}]}}