{"id":794,"date":"2022-09-19T14:33:33","date_gmt":"2022-09-19T14:33:33","guid":{"rendered":"https:\/\/brasriotintas.com.br\/?post_type=product&#038;p=794"},"modified":"2022-09-19T14:34:03","modified_gmt":"2022-09-19T14:34:03","slug":"tinta-acrilica-fosca-suvinil","status":"publish","type":"product","link":"https:\/\/brasriotintas.com.br\/?product=tinta-acrilica-fosca-suvinil","title":{"rendered":"Tinta Acr\u00edlica Fosca Suvinil"},"content":{"rendered":"<p><span style=\"vertical-align: inherit;\"><span style=\"vertical-align: inherit;\">A tinta acr\u00edlica branca da linha fosco completo da SUVINIL, \u00e9 conhecida por ser um produto extremo que deixa acabamento fosco impec\u00e1vel e ainda possui tecnologia anti-respingo impec\u00e1vel, o que gera economia durante a aplica\u00e7\u00e3o do produto e reduz o volume de sujeira no ambiente.<\/span><\/span><\/p>\n<p><span style=\"vertical-align: inherit;\"><span style=\"vertical-align: inherit;\">Por se tratar de um produto da linha premium, esta tinta branca para paredes pode ser utilizada em ambientes internos e externos, em superf\u00edcies de alvenaria, reboco, massa corrida, massa acr\u00edlica, texturas, concreto, fibrocimento e gesso.<\/span><\/span><\/p>\n<p><span style=\"vertical-align: inherit;\"><span style=\"vertical-align: inherit;\">Uma lata de 18 litros de tinta acr\u00edlica branca rende at\u00e9 380m2 e pode ser aplicada com rolo de l\u00e3, trincha, pincel ou pistola de pintura.<\/span><\/span><\/p>\n<p><span style=\"vertical-align: inherit;\"><span style=\"vertical-align: inherit;\">A tinta acr\u00edlica branca Suvinil oferece excelente cobertura e rendimento, \u00e9 f\u00e1cil de aplicar e retocar e al\u00e9m de tudo, n\u00e3o tem cheiro.<\/span><\/span><\/p>\n<h2><strong><span style=\"vertical-align: inherit;\"><span style=\"vertical-align: inherit;\">Sobre a Suvinil<\/span><\/span><\/strong><\/h2>\n<p><span style=\"vertical-align: inherit;\"><span style=\"vertical-align: inherit;\">A Suvinil \u00e9 uma das maiores fabricantes de tintas do Brasil, a empresa oferece produtos desde 1961 e possui uma extensa gama de produtos.<\/span><\/span><\/p>\n<p><span style=\"vertical-align: inherit;\"><span style=\"vertical-align: inherit;\">Existem mais casas de pintura e repintura, com\u00e9rcios, escrit\u00f3rios e outros ambientes. <\/span><span style=\"vertical-align: inherit;\">Em 1969, a Suvinil foi vendida para o Grupo Basf, agregando ainda mais valor e qualidade aos seus produtos.<\/span><\/span><\/p>\n","protected":false},"excerpt":{"rendered":"<p>A tinta acr\u00edlica branca da linha fosco completo da SUVINIL, \u00e9 conhecida por ser um produto extremo que deixa acabamento fosco impec\u00e1vel e ainda possui tecnologia anti-respingo impec\u00e1vel, o que gera economia durante a aplica\u00e7\u00e3o do produto e reduz o volume de sujeira no ambiente. Por se tratar de um produto da linha premium, esta&hellip;&nbsp;<\/p>\n","protected":false},"featured_media":795,"comment_status":"open","ping_status":"closed","template":"","meta":{"neve_meta_sidebar":"","neve_meta_container":"","neve_meta_enable_content_width":"off","neve_meta_content_width":100,"neve_meta_title_alignment":"","neve_meta_author_avatar":"","neve_post_elements_order":"","neve_meta_disable_header":"","neve_meta_disable_footer":"","neve_meta_disable_title":""},"product_brand":[],"product_cat":[19,20,91],"product_tag":[],"class_list":{"0":"post-794","1":"product","2":"type-product","3":"status-publish","4":"has-post-thumbnail","6":"product_cat-todas","7":"product_cat-tintas","8":"product_cat-tintas-imobiliarias","10":"first","11":"instock","12":"shipping-taxable","13":"product-type-simple"},"_links":{"self":[{"href":"https:\/\/brasriotintas.com.br\/index.php?rest_route=\/wp\/v2\/product\/794","targetHints":{"allow":["GET"]}}],"collection":[{"href":"https:\/\/brasriotintas.com.br\/index.php?rest_route=\/wp\/v2\/product"}],"about":[{"href":"https:\/\/brasriotintas.com.br\/index.php?rest_route=\/wp\/v2\/types\/product"}],"replies":[{"embeddable":true,"href":"https:\/\/brasriotintas.com.br\/index.php?rest_route=%2Fwp%2Fv2%2Fcomments&post=794"}],"wp:featuredmedia":[{"embeddable":true,"href":"https:\/\/brasriotintas.com.br\/index.php?rest_route=\/wp\/v2\/media\/795"}],"wp:attachment":[{"href":"https:\/\/brasriotintas.com.br\/index.php?rest_route=%2Fwp%2Fv2%2Fmedia&parent=794"}],"wp:term":[{"taxonomy":"product_brand","embeddable":true,"href":"https:\/\/brasriotintas.com.br\/index.php?rest_route=%2Fwp%2Fv2%2Fproduct_brand&post=794"},{"taxonomy":"product_cat","embeddable":true,"href":"https:\/\/brasriotintas.com.br\/index.php?rest_route=%2Fwp%2Fv2%2Fproduct_cat&post=794"},{"taxonomy":"product_tag","embeddable":true,"href":"https:\/\/brasriotintas.com.br\/index.php?rest_route=%2Fwp%2Fv2%2Fproduct_tag&post=794"}],"curies":[{"name":"wp","href":"https:\/\/api.w.org\/{rel}","templated":true}]}}