{"id":796,"date":"2022-09-19T14:59:53","date_gmt":"2022-09-19T14:59:53","guid":{"rendered":"https:\/\/brasriotintas.com.br\/?post_type=product&#038;p=796"},"modified":"2022-09-19T18:36:35","modified_gmt":"2022-09-19T18:36:35","slug":"tinta-automotiva-poliester-lazzuril","status":"publish","type":"product","link":"https:\/\/brasriotintas.com.br\/?product=tinta-automotiva-poliester-lazzuril","title":{"rendered":"Tinta Automotiva Poli\u00e9ster Lazzuril"},"content":{"rendered":"<p><span style=\"vertical-align: inherit;\"><span style=\"vertical-align: inherit;\"><span style=\"vertical-align: inherit;\"><span style=\"vertical-align: inherit;\">Lazzudur Poli\u00e9ster \u00e9 Indicado para pintura geral, parcial e retoques de ve\u00edculos automotivos, nacionais e importados, f\u00e1cil de usar e aplicar. <\/span><\/span><\/span><\/span><br \/>\n<span style=\"vertical-align: inherit;\"><span style=\"vertical-align: inherit;\"><span style=\"vertical-align: inherit;\"><span style=\"vertical-align: inherit;\">Dispon\u00edvel em sistema misturador ( lisas met\u00e1licas e perolizadas). <\/span><\/span><\/span><\/span><br \/>\n<span style=\"vertical-align: inherit;\"><span style=\"vertical-align: inherit;\"><span style=\"vertical-align: inherit;\"><span style=\"vertical-align: inherit;\">Possui secagem, boa resist\u00eancia \u00e0s intemp\u00e9ries naturais e agentes qu\u00edmicos, quando usado com vernizes 7100, 8000, 805 r\u00e1pida0, 8937, CC940 e CC941. <\/span><\/span><\/span><\/span><br \/>\n<span style=\"vertical-align: inherit;\"><span style=\"vertical-align: inherit;\"><span style=\"vertical-align: inherit;\"><span style=\"vertical-align: inherit;\">O uso deste produto \u00e9 exclusivo a profissionais devidamente treinados. <\/span><\/span><\/span><\/span><br \/>\n<span style=\"vertical-align: inherit;\"><span style=\"vertical-align: inherit;\"><span style=\"vertical-align: inherit;\"><span style=\"vertical-align: inherit;\">Composi\u00e7\u00e3o: Resina poli\u00e9ster, pigmentos org\u00e2nicos e inorg\u00e2nicos, solventes arom\u00e1ticos, acetatos e aditivos. <\/span><\/span><\/span><\/span><br \/>\n<span style=\"vertical-align: inherit;\"><span style=\"vertical-align: inherit;\"><span style=\"vertical-align: inherit;\"><span style=\"vertical-align: inherit;\">Catalise e\/ou Dilui\u00e7\u00e3o: O produto pronto para uso <\/span><\/span><\/span><\/span><br \/>\n<span style=\"vertical-align: inherit;\"><span style=\"vertical-align: inherit;\"><span style=\"vertical-align: inherit;\"><span style=\"vertical-align: inherit;\">Secagem: Ao ar a 25\u00baC Final: 20 minutos para aplica\u00e7\u00e3o do Verniz <\/span><\/span><\/span><\/span><br \/>\n<span style=\"vertical-align: inherit;\"><span style=\"vertical-align: inherit;\"><span style=\"vertical-align: inherit;\"><span style=\"vertical-align: inherit;\">Imagem Ilustrativa.<\/span><\/span><\/span><\/span><\/p>\n","protected":false},"excerpt":{"rendered":"<p>Lazzudur Poli\u00e9ster \u00e9 Indicado para pintura geral, parcial e retoques de ve\u00edculos automotivos, nacionais e importados, f\u00e1cil de usar e aplicar. Dispon\u00edvel em sistema misturador ( lisas met\u00e1licas e perolizadas). Possui secagem, boa resist\u00eancia \u00e0s intemp\u00e9ries naturais e agentes qu\u00edmicos, quando usado com vernizes 7100, 8000, 805 r\u00e1pida0, 8937, CC940 e CC941. O uso deste&hellip;&nbsp;<\/p>\n","protected":false},"featured_media":864,"comment_status":"open","ping_status":"closed","template":"","meta":{"neve_meta_sidebar":"","neve_meta_container":"","neve_meta_enable_content_width":"off","neve_meta_content_width":100,"neve_meta_title_alignment":"","neve_meta_author_avatar":"","neve_post_elements_order":"","neve_meta_disable_header":"","neve_meta_disable_footer":"","neve_meta_disable_title":""},"product_brand":[],"product_cat":[80],"product_tag":[],"class_list":{"0":"post-796","1":"product","2":"type-product","3":"status-publish","4":"has-post-thumbnail","6":"product_cat-automotivo","8":"first","9":"instock","10":"shipping-taxable","11":"product-type-simple"},"_links":{"self":[{"href":"https:\/\/brasriotintas.com.br\/index.php?rest_route=\/wp\/v2\/product\/796","targetHints":{"allow":["GET"]}}],"collection":[{"href":"https:\/\/brasriotintas.com.br\/index.php?rest_route=\/wp\/v2\/product"}],"about":[{"href":"https:\/\/brasriotintas.com.br\/index.php?rest_route=\/wp\/v2\/types\/product"}],"replies":[{"embeddable":true,"href":"https:\/\/brasriotintas.com.br\/index.php?rest_route=%2Fwp%2Fv2%2Fcomments&post=796"}],"wp:featuredmedia":[{"embeddable":true,"href":"https:\/\/brasriotintas.com.br\/index.php?rest_route=\/wp\/v2\/media\/864"}],"wp:attachment":[{"href":"https:\/\/brasriotintas.com.br\/index.php?rest_route=%2Fwp%2Fv2%2Fmedia&parent=796"}],"wp:term":[{"taxonomy":"product_brand","embeddable":true,"href":"https:\/\/brasriotintas.com.br\/index.php?rest_route=%2Fwp%2Fv2%2Fproduct_brand&post=796"},{"taxonomy":"product_cat","embeddable":true,"href":"https:\/\/brasriotintas.com.br\/index.php?rest_route=%2Fwp%2Fv2%2Fproduct_cat&post=796"},{"taxonomy":"product_tag","embeddable":true,"href":"https:\/\/brasriotintas.com.br\/index.php?rest_route=%2Fwp%2Fv2%2Fproduct_tag&post=796"}],"curies":[{"name":"wp","href":"https:\/\/api.w.org\/{rel}","templated":true}]}}