{"id":801,"date":"2022-09-19T15:05:05","date_gmt":"2022-09-19T15:05:05","guid":{"rendered":"https:\/\/brasriotintas.com.br\/?post_type=product&#038;p=801"},"modified":"2022-09-19T15:05:06","modified_gmt":"2022-09-19T15:05:06","slug":"tinta-automotiva-laca-lazzuril","status":"publish","type":"product","link":"https:\/\/brasriotintas.com.br\/?product=tinta-automotiva-laca-lazzuril","title":{"rendered":"Tinta Automotiva Laca Lazzuril"},"content":{"rendered":"<h3>Tinta Automotiva Laca Lazzuril<\/h3>\n<div class=\"sc-hKwDye hgwTDs sc-gwNMUz bPzsrD\" data-testid=\"product-detail-description\">\n<div>A Tinta Laca Nitrocelulose, tamb\u00e9m conhecida como DUCO, da linha Lazzulac, \u00e9 amplamente usada em pinturas automotivas.Devido sua alta resist\u00eancia e qualidade de acabamento o produto tamb\u00e9m \u00e9 utilizado na pintura de m\u00f3veis, objetos decorativos, rodas automotivas e diversos outros objetos. Principais vantagens:Alta Resist\u00eanciaExcelente Reten\u00e7\u00e3o de CoresSecagem R\u00e1pidaF\u00e1cil Aplica\u00e7\u00e3oAcabamento impec\u00e1vel Secagem ao ar a 25oC:Livre de p\u00f3 &#8211; 10 minutos.Manuseio &#8211; 30 minutos.Final &#8211; 12 horas.Estufa &#8211; 30 minutos \u00e0 60o CDilui\u00e7\u00e3o:Recomenda-se Dilui\u00e7\u00e3o de 100% com Thinner pr\u00f3prio para tintas Laca (Exemplo, para cada Litro de Tinta Laca utilize tamb\u00e9m 1 Litro de Thinner na dilui\u00e7\u00e3o)Aplica\u00e7\u00e3oLimpar adequadamente a superf\u00edcie a ser pintada, removendo partes soltas, ferrugem, oleosidades e res\u00edduos impregnantes, com Solu\u00e7\u00e3o Desoleante 400. Se necess\u00e1rio nivelar a superf\u00edcie com Massa R\u00e1pida, lixando ap\u00f3s secagem completa. Aplicar o Wash Primer 045 para proteger as \u00e1reas expostas onde a chapa foi atingida. Aplicar em toda superf\u00edcie uma camada de Primer e lixar ap\u00f3s secagem completa ( lixa gr\u00e3o 320 a 600). Dem\u00e3os recomendadas:Recomenda-se a aplica\u00e7\u00e3o de 3 a 4 dem\u00e3os<\/div>\n<\/div>\n","protected":false},"excerpt":{"rendered":"<p>Tinta Automotiva Laca Lazzuril A Tinta Laca Nitrocelulose, tamb\u00e9m conhecida como DUCO, da linha Lazzulac, \u00e9 amplamente usada em pinturas automotivas.Devido sua alta resist\u00eancia e qualidade de acabamento o produto tamb\u00e9m \u00e9 utilizado na pintura de m\u00f3veis, objetos decorativos, rodas automotivas e diversos outros objetos. Principais vantagens:Alta Resist\u00eanciaExcelente Reten\u00e7\u00e3o de CoresSecagem R\u00e1pidaF\u00e1cil Aplica\u00e7\u00e3oAcabamento impec\u00e1vel Secagem&hellip;&nbsp;<\/p>\n","protected":false},"featured_media":802,"comment_status":"open","ping_status":"closed","template":"","meta":{"neve_meta_sidebar":"","neve_meta_container":"","neve_meta_enable_content_width":"off","neve_meta_content_width":100,"neve_meta_title_alignment":"","neve_meta_author_avatar":"","neve_post_elements_order":"","neve_meta_disable_header":"","neve_meta_disable_footer":"","neve_meta_disable_title":""},"product_brand":[],"product_cat":[80],"product_tag":[],"class_list":{"0":"post-801","1":"product","2":"type-product","3":"status-publish","4":"has-post-thumbnail","6":"product_cat-automotivo","8":"first","9":"instock","10":"shipping-taxable","11":"product-type-simple"},"_links":{"self":[{"href":"https:\/\/brasriotintas.com.br\/index.php?rest_route=\/wp\/v2\/product\/801","targetHints":{"allow":["GET"]}}],"collection":[{"href":"https:\/\/brasriotintas.com.br\/index.php?rest_route=\/wp\/v2\/product"}],"about":[{"href":"https:\/\/brasriotintas.com.br\/index.php?rest_route=\/wp\/v2\/types\/product"}],"replies":[{"embeddable":true,"href":"https:\/\/brasriotintas.com.br\/index.php?rest_route=%2Fwp%2Fv2%2Fcomments&post=801"}],"wp:featuredmedia":[{"embeddable":true,"href":"https:\/\/brasriotintas.com.br\/index.php?rest_route=\/wp\/v2\/media\/802"}],"wp:attachment":[{"href":"https:\/\/brasriotintas.com.br\/index.php?rest_route=%2Fwp%2Fv2%2Fmedia&parent=801"}],"wp:term":[{"taxonomy":"product_brand","embeddable":true,"href":"https:\/\/brasriotintas.com.br\/index.php?rest_route=%2Fwp%2Fv2%2Fproduct_brand&post=801"},{"taxonomy":"product_cat","embeddable":true,"href":"https:\/\/brasriotintas.com.br\/index.php?rest_route=%2Fwp%2Fv2%2Fproduct_cat&post=801"},{"taxonomy":"product_tag","embeddable":true,"href":"https:\/\/brasriotintas.com.br\/index.php?rest_route=%2Fwp%2Fv2%2Fproduct_tag&post=801"}],"curies":[{"name":"wp","href":"https:\/\/api.w.org\/{rel}","templated":true}]}}