{"id":803,"date":"2022-09-19T15:06:43","date_gmt":"2022-09-19T15:06:43","guid":{"rendered":"https:\/\/brasriotintas.com.br\/?post_type=product&#038;p=803"},"modified":"2022-09-19T15:06:43","modified_gmt":"2022-09-19T15:06:43","slug":"tinta-automotiva-sintetica-lazzuril","status":"publish","type":"product","link":"https:\/\/brasriotintas.com.br\/?product=tinta-automotiva-sintetica-lazzuril","title":{"rendered":"Tinta Automotiva Sint\u00e9tica Lazzuril"},"content":{"rendered":"<p>Esmalte Sint\u00e9tico, em tinta pronta e Sistema Lazzumix, \u00e0 base de resinas alqu\u00eddicas, em cores lisas, de secagem r\u00e1pida.<br \/>\nEsta linha conta com vernizes, massas, primers, emborrachamento automotivo e endurecedores.<br \/>\nImagem Ilustrativa.<\/p>\n","protected":false},"excerpt":{"rendered":"<p>Esmalte Sint\u00e9tico, em tinta pronta e Sistema Lazzumix, \u00e0 base de resinas alqu\u00eddicas, em cores lisas, de secagem r\u00e1pida. Esta linha conta com vernizes, massas, primers, emborrachamento automotivo e endurecedores. Imagem Ilustrativa.<\/p>\n","protected":false},"featured_media":804,"comment_status":"open","ping_status":"closed","template":"","meta":{"neve_meta_sidebar":"","neve_meta_container":"","neve_meta_enable_content_width":"off","neve_meta_content_width":100,"neve_meta_title_alignment":"","neve_meta_author_avatar":"","neve_post_elements_order":"","neve_meta_disable_header":"","neve_meta_disable_footer":"","neve_meta_disable_title":""},"product_brand":[],"product_cat":[80,90],"product_tag":[],"class_list":{"0":"post-803","1":"product","2":"type-product","3":"status-publish","4":"has-post-thumbnail","6":"product_cat-automotivo","7":"product_cat-tintas-automotivas","9":"first","10":"instock","11":"shipping-taxable","12":"product-type-simple"},"_links":{"self":[{"href":"https:\/\/brasriotintas.com.br\/index.php?rest_route=\/wp\/v2\/product\/803","targetHints":{"allow":["GET"]}}],"collection":[{"href":"https:\/\/brasriotintas.com.br\/index.php?rest_route=\/wp\/v2\/product"}],"about":[{"href":"https:\/\/brasriotintas.com.br\/index.php?rest_route=\/wp\/v2\/types\/product"}],"replies":[{"embeddable":true,"href":"https:\/\/brasriotintas.com.br\/index.php?rest_route=%2Fwp%2Fv2%2Fcomments&post=803"}],"wp:featuredmedia":[{"embeddable":true,"href":"https:\/\/brasriotintas.com.br\/index.php?rest_route=\/wp\/v2\/media\/804"}],"wp:attachment":[{"href":"https:\/\/brasriotintas.com.br\/index.php?rest_route=%2Fwp%2Fv2%2Fmedia&parent=803"}],"wp:term":[{"taxonomy":"product_brand","embeddable":true,"href":"https:\/\/brasriotintas.com.br\/index.php?rest_route=%2Fwp%2Fv2%2Fproduct_brand&post=803"},{"taxonomy":"product_cat","embeddable":true,"href":"https:\/\/brasriotintas.com.br\/index.php?rest_route=%2Fwp%2Fv2%2Fproduct_cat&post=803"},{"taxonomy":"product_tag","embeddable":true,"href":"https:\/\/brasriotintas.com.br\/index.php?rest_route=%2Fwp%2Fv2%2Fproduct_tag&post=803"}],"curies":[{"name":"wp","href":"https:\/\/api.w.org\/{rel}","templated":true}]}}