{"id":805,"date":"2022-09-19T15:09:09","date_gmt":"2022-09-19T15:09:09","guid":{"rendered":"https:\/\/brasriotintas.com.br\/?post_type=product&#038;p=805"},"modified":"2022-09-19T15:09:09","modified_gmt":"2022-09-19T15:09:09","slug":"verniz-automotivo-8000-lazzuril","status":"publish","type":"product","link":"https:\/\/brasriotintas.com.br\/?product=verniz-automotivo-8000-lazzuril","title":{"rendered":"Verniz Automotivo 8000 Lazzuril"},"content":{"rendered":"<div class=\"product-information col-xs-12\">\n<div id=\"description\" class=\"item-tab\">\n<div class=\"productDescription\">para aplica\u00e7\u00e3o sobre Lazzudur Base Poli\u00e9ster, complementando o sistema dupla camada. Possui alta resist\u00eancia qu\u00edmica, proporcionando um acabamento com alto brilho, al\u00e9m de excelente resist\u00eancia ao intemperismo e secagem r\u00e1pida. O uso deste produto \u00e9 exclusivo a profissionais devidamente treinados.<\/div>\n<div><\/div>\n<div class=\"productDescription\"><b>Cat\u00e1lise e\/ou Dilui\u00e7\u00e3o:\u00a0<\/b>5 partes em volume de Verniz Bicomponente 08000 1 parte em volume de Endurecedor para Verniz Bicomponente 054 &#8211; para temperaturas acima de 30\u00b0C, recomenda-se utilizar o Endurecedor p\/ Alta temperatura 053. &#8211; para temperaturas abaixo de 20\u00baC, recomenda-se utilizar o endurecedor para baixa temperatura 055. Vida \u00fatil da mistura (25\u00baC) \u00e9 de 4 horas.<\/div>\n<div><\/div>\n<div class=\"productDescription\"><b>Aplica\u00e7\u00e3o:\u00a0<\/b>Aplicar 2 a 3 passadas cruzadas com intervalo de 5 a 10 minutos entre passadas. Regular a press\u00e3o de ar entre 20-30 PSI pistola HVLP e 35-40 PSI pistola convencional. Aplicar sobre: Lazzudur Base Poliester<\/div>\n<div><\/div>\n<div class=\"productDescription\"><b>Secagem:\u00a0<\/b>Temperatura ambiente a 25\u00b0C: Livre de p\u00f3 &#8211; 5 a 10 minutos. Manuseio &#8211; 4 a 5 horas. Final &#8211; 24 horas. Recomenda-se realizar o polimento ap\u00f3s 24 horas de secagem.<\/div>\n<div><\/div>\n<div class=\"productDescription\"><b>Prepara\u00e7\u00e3o da Superf\u00edcie:\u00a0<\/b>Aplicar sobre base poli\u00e9ster, antes da aplica\u00e7\u00e3o do verniz, desengraxar com Solu\u00e7\u00e3o Desoleante 400 e secar com pano limpo. Em caso de aparecimento de pontos (sujeira), recomenda-se lixar a base a seco com lixa gr\u00e3o 1000 &#8211; 1200. Recomenda-se o uso do pano pega poeira antes da aplica\u00e7\u00e3o do verniz.<\/div>\n<\/div>\n<div id=\"specification\" class=\"item-tab\">\n<div id=\"caracteristicas\"><\/div>\n<\/div>\n<\/div>\n<div id=\"produto-video\" class=\"container-fluid\">\n<div class=\"row-fluid\">\n<div class=\"container clearfix\"><\/div>\n<\/div>\n<\/div>\n","protected":false},"excerpt":{"rendered":"<p>para aplica\u00e7\u00e3o sobre Lazzudur Base Poli\u00e9ster, complementando o sistema dupla camada. Possui alta resist\u00eancia qu\u00edmica, proporcionando um acabamento com alto brilho, al\u00e9m de excelente resist\u00eancia ao intemperismo e secagem r\u00e1pida. O uso deste produto \u00e9 exclusivo a profissionais devidamente treinados. Cat\u00e1lise e\/ou Dilui\u00e7\u00e3o:\u00a05 partes em volume de Verniz Bicomponente 08000 1 parte em volume de&hellip;&nbsp;<\/p>\n","protected":false},"featured_media":806,"comment_status":"open","ping_status":"closed","template":"","meta":{"neve_meta_sidebar":"","neve_meta_container":"","neve_meta_enable_content_width":"off","neve_meta_content_width":100,"neve_meta_title_alignment":"","neve_meta_author_avatar":"","neve_post_elements_order":"","neve_meta_disable_header":"","neve_meta_disable_footer":"","neve_meta_disable_title":""},"product_brand":[],"product_cat":[80,90],"product_tag":[],"class_list":{"0":"post-805","1":"product","2":"type-product","3":"status-publish","4":"has-post-thumbnail","6":"product_cat-automotivo","7":"product_cat-tintas-automotivas","9":"first","10":"instock","11":"shipping-taxable","12":"product-type-simple"},"_links":{"self":[{"href":"https:\/\/brasriotintas.com.br\/index.php?rest_route=\/wp\/v2\/product\/805","targetHints":{"allow":["GET"]}}],"collection":[{"href":"https:\/\/brasriotintas.com.br\/index.php?rest_route=\/wp\/v2\/product"}],"about":[{"href":"https:\/\/brasriotintas.com.br\/index.php?rest_route=\/wp\/v2\/types\/product"}],"replies":[{"embeddable":true,"href":"https:\/\/brasriotintas.com.br\/index.php?rest_route=%2Fwp%2Fv2%2Fcomments&post=805"}],"wp:featuredmedia":[{"embeddable":true,"href":"https:\/\/brasriotintas.com.br\/index.php?rest_route=\/wp\/v2\/media\/806"}],"wp:attachment":[{"href":"https:\/\/brasriotintas.com.br\/index.php?rest_route=%2Fwp%2Fv2%2Fmedia&parent=805"}],"wp:term":[{"taxonomy":"product_brand","embeddable":true,"href":"https:\/\/brasriotintas.com.br\/index.php?rest_route=%2Fwp%2Fv2%2Fproduct_brand&post=805"},{"taxonomy":"product_cat","embeddable":true,"href":"https:\/\/brasriotintas.com.br\/index.php?rest_route=%2Fwp%2Fv2%2Fproduct_cat&post=805"},{"taxonomy":"product_tag","embeddable":true,"href":"https:\/\/brasriotintas.com.br\/index.php?rest_route=%2Fwp%2Fv2%2Fproduct_tag&post=805"}],"curies":[{"name":"wp","href":"https:\/\/api.w.org\/{rel}","templated":true}]}}