{"id":810,"date":"2022-09-19T15:13:58","date_gmt":"2022-09-19T15:13:58","guid":{"rendered":"https:\/\/brasriotintas.com.br\/?post_type=product&#038;p=810"},"modified":"2022-09-19T15:13:58","modified_gmt":"2022-09-19T15:13:58","slug":"verniz-automotivo-alto-solido-8937-lazzuril","status":"publish","type":"product","link":"https:\/\/brasriotintas.com.br\/?product=verniz-automotivo-alto-solido-8937-lazzuril","title":{"rendered":"Verniz Automotivo Alto S\u00f3lido 8937 Lazzuril"},"content":{"rendered":"<section class=\"KS6Dwf\">\n<div class=\"AspnF\">\n<div class=\"BfIk5d\">\n<div>\n<div class=\"Zh8lCd\">\n<p class=\"sh-ds__desc\"><span class=\"sh-ds__trunc\"><span class=\"sh-ds__trunc-txt translate-content\">Verniz Automotivo para aplica\u00e7\u00e3o sobre Lazzudur Base Poli\u00e9ster, Ultrabase e Base Poli\u00e9ster M\u00e9dio S\u00f3lidos, complementando o sistema dupla camada. Possui alto teor de s\u00f3lidos proporcionando acabamento de alto brilho, al\u00e9m de excelente resist\u00eancia ao intemperismo e secagem r\u00e1pida. O uso deste produto \u00e9 exclusivo a profissionais devidamente treinados.<\/span><\/span><\/p>\n<\/div>\n<\/div>\n<\/div>\n<\/div>\n<\/section>\n<div id=\"sellers-grid\"><\/div>\n","protected":false},"excerpt":{"rendered":"<p>Verniz Automotivo para aplica\u00e7\u00e3o sobre Lazzudur Base Poli\u00e9ster, Ultrabase e Base Poli\u00e9ster M\u00e9dio S\u00f3lidos, complementando o sistema dupla camada. Possui alto teor de s\u00f3lidos proporcionando acabamento de alto brilho, al\u00e9m de excelente resist\u00eancia ao intemperismo e secagem r\u00e1pida. O uso deste produto \u00e9 exclusivo a profissionais devidamente treinados.<\/p>\n","protected":false},"featured_media":811,"comment_status":"open","ping_status":"closed","template":"","meta":{"neve_meta_sidebar":"","neve_meta_container":"","neve_meta_enable_content_width":"off","neve_meta_content_width":100,"neve_meta_title_alignment":"","neve_meta_author_avatar":"","neve_post_elements_order":"","neve_meta_disable_header":"","neve_meta_disable_footer":"","neve_meta_disable_title":""},"product_brand":[],"product_cat":[80,90],"product_tag":[],"class_list":{"0":"post-810","1":"product","2":"type-product","3":"status-publish","4":"has-post-thumbnail","6":"product_cat-automotivo","7":"product_cat-tintas-automotivas","9":"first","10":"instock","11":"shipping-taxable","12":"product-type-simple"},"_links":{"self":[{"href":"https:\/\/brasriotintas.com.br\/index.php?rest_route=\/wp\/v2\/product\/810","targetHints":{"allow":["GET"]}}],"collection":[{"href":"https:\/\/brasriotintas.com.br\/index.php?rest_route=\/wp\/v2\/product"}],"about":[{"href":"https:\/\/brasriotintas.com.br\/index.php?rest_route=\/wp\/v2\/types\/product"}],"replies":[{"embeddable":true,"href":"https:\/\/brasriotintas.com.br\/index.php?rest_route=%2Fwp%2Fv2%2Fcomments&post=810"}],"wp:featuredmedia":[{"embeddable":true,"href":"https:\/\/brasriotintas.com.br\/index.php?rest_route=\/wp\/v2\/media\/811"}],"wp:attachment":[{"href":"https:\/\/brasriotintas.com.br\/index.php?rest_route=%2Fwp%2Fv2%2Fmedia&parent=810"}],"wp:term":[{"taxonomy":"product_brand","embeddable":true,"href":"https:\/\/brasriotintas.com.br\/index.php?rest_route=%2Fwp%2Fv2%2Fproduct_brand&post=810"},{"taxonomy":"product_cat","embeddable":true,"href":"https:\/\/brasriotintas.com.br\/index.php?rest_route=%2Fwp%2Fv2%2Fproduct_cat&post=810"},{"taxonomy":"product_tag","embeddable":true,"href":"https:\/\/brasriotintas.com.br\/index.php?rest_route=%2Fwp%2Fv2%2Fproduct_tag&post=810"}],"curies":[{"name":"wp","href":"https:\/\/api.w.org\/{rel}","templated":true}]}}