{"id":821,"date":"2022-09-19T15:25:46","date_gmt":"2022-09-19T15:25:46","guid":{"rendered":"https:\/\/brasriotintas.com.br\/?post_type=product&#038;p=821"},"modified":"2022-09-19T15:25:46","modified_gmt":"2022-09-19T15:25:46","slug":"fundo-wash-primer-lazzuril","status":"publish","type":"product","link":"https:\/\/brasriotintas.com.br\/?product=fundo-wash-primer-lazzuril","title":{"rendered":"Fundo Wash Primer Lazzuril"},"content":{"rendered":"<p>Indicado para promover ader\u00eancia de primers sobre superf\u00edcies met\u00e1licas. Promover a\u00e7\u00e3o anticorrosiva, substituindo a fosfatiza\u00e7\u00e3o. O uso deste produto \u00e9 exclusivo a profissionais devidamente treinados.<\/p>\n","protected":false},"excerpt":{"rendered":"<p>Indicado para promover ader\u00eancia de primers sobre superf\u00edcies met\u00e1licas. Promover a\u00e7\u00e3o anticorrosiva, substituindo a fosfatiza\u00e7\u00e3o. O uso deste produto \u00e9 exclusivo a profissionais devidamente treinados.<\/p>\n","protected":false},"featured_media":822,"comment_status":"open","ping_status":"closed","template":"","meta":{"neve_meta_sidebar":"","neve_meta_container":"","neve_meta_enable_content_width":"off","neve_meta_content_width":100,"neve_meta_title_alignment":"","neve_meta_author_avatar":"","neve_post_elements_order":"","neve_meta_disable_header":"","neve_meta_disable_footer":"","neve_meta_disable_title":""},"product_brand":[],"product_cat":[80,90],"product_tag":[],"class_list":{"0":"post-821","1":"product","2":"type-product","3":"status-publish","4":"has-post-thumbnail","6":"product_cat-automotivo","7":"product_cat-tintas-automotivas","9":"first","10":"instock","11":"shipping-taxable","12":"product-type-simple"},"_links":{"self":[{"href":"https:\/\/brasriotintas.com.br\/index.php?rest_route=\/wp\/v2\/product\/821","targetHints":{"allow":["GET"]}}],"collection":[{"href":"https:\/\/brasriotintas.com.br\/index.php?rest_route=\/wp\/v2\/product"}],"about":[{"href":"https:\/\/brasriotintas.com.br\/index.php?rest_route=\/wp\/v2\/types\/product"}],"replies":[{"embeddable":true,"href":"https:\/\/brasriotintas.com.br\/index.php?rest_route=%2Fwp%2Fv2%2Fcomments&post=821"}],"wp:featuredmedia":[{"embeddable":true,"href":"https:\/\/brasriotintas.com.br\/index.php?rest_route=\/wp\/v2\/media\/822"}],"wp:attachment":[{"href":"https:\/\/brasriotintas.com.br\/index.php?rest_route=%2Fwp%2Fv2%2Fmedia&parent=821"}],"wp:term":[{"taxonomy":"product_brand","embeddable":true,"href":"https:\/\/brasriotintas.com.br\/index.php?rest_route=%2Fwp%2Fv2%2Fproduct_brand&post=821"},{"taxonomy":"product_cat","embeddable":true,"href":"https:\/\/brasriotintas.com.br\/index.php?rest_route=%2Fwp%2Fv2%2Fproduct_cat&post=821"},{"taxonomy":"product_tag","embeddable":true,"href":"https:\/\/brasriotintas.com.br\/index.php?rest_route=%2Fwp%2Fv2%2Fproduct_tag&post=821"}],"curies":[{"name":"wp","href":"https:\/\/api.w.org\/{rel}","templated":true}]}}