{"id":835,"date":"2022-09-19T15:47:41","date_gmt":"2022-09-19T15:47:41","guid":{"rendered":"https:\/\/brasriotintas.com.br\/?post_type=product&#038;p=835"},"modified":"2022-09-19T15:47:41","modified_gmt":"2022-09-19T15:47:41","slug":"massa-polir-base-agua-150g-sherwin-williams","status":"publish","type":"product","link":"https:\/\/brasriotintas.com.br\/?product=massa-polir-base-agua-150g-sherwin-williams","title":{"rendered":"Massa Polir Base \u00c1gua 150g  Sherwin Williams"},"content":{"rendered":"<p>Indicada para pinturas manchadas e oxidadas (queimadas) pela a\u00e7\u00e3o de raios solares, eficiente para tirar pequenos riscos, arranh\u00f5es e imperfei\u00e7\u00f5es. \u00d3timo desempenho em todos os tipos de pintura e repintura automotiva. Com alto poder de corte, excelente rendimento, n\u00e3o risca, n\u00e3o empasta a boina e n\u00e3o gruda em borrachas e pl\u00e1sticos.<\/p>\n<p>N\u00e3o risca;<br \/>\nAlto poder de corte;<br \/>\nExcelente rendimento;<br \/>\nN\u00e3o empasta a carneira;<br \/>\nEmbalagem de 150g<\/p>\n","protected":false},"excerpt":{"rendered":"<p>Indicada para pinturas manchadas e oxidadas (queimadas) pela a\u00e7\u00e3o de raios solares, eficiente para tirar pequenos riscos, arranh\u00f5es e imperfei\u00e7\u00f5es. \u00d3timo desempenho em todos os tipos de pintura e repintura automotiva. Com alto poder de corte, excelente rendimento, n\u00e3o risca, n\u00e3o empasta a boina e n\u00e3o gruda em borrachas e pl\u00e1sticos. N\u00e3o risca; Alto poder&hellip;&nbsp;<\/p>\n","protected":false},"featured_media":836,"comment_status":"open","ping_status":"closed","template":"","meta":{"neve_meta_sidebar":"","neve_meta_container":"","neve_meta_enable_content_width":"off","neve_meta_content_width":100,"neve_meta_title_alignment":"","neve_meta_author_avatar":"","neve_post_elements_order":"","neve_meta_disable_header":"","neve_meta_disable_footer":"","neve_meta_disable_title":""},"product_brand":[],"product_cat":[80,90],"product_tag":[],"class_list":{"0":"post-835","1":"product","2":"type-product","3":"status-publish","4":"has-post-thumbnail","6":"product_cat-automotivo","7":"product_cat-tintas-automotivas","9":"first","10":"instock","11":"shipping-taxable","12":"product-type-simple"},"_links":{"self":[{"href":"https:\/\/brasriotintas.com.br\/index.php?rest_route=\/wp\/v2\/product\/835","targetHints":{"allow":["GET"]}}],"collection":[{"href":"https:\/\/brasriotintas.com.br\/index.php?rest_route=\/wp\/v2\/product"}],"about":[{"href":"https:\/\/brasriotintas.com.br\/index.php?rest_route=\/wp\/v2\/types\/product"}],"replies":[{"embeddable":true,"href":"https:\/\/brasriotintas.com.br\/index.php?rest_route=%2Fwp%2Fv2%2Fcomments&post=835"}],"wp:featuredmedia":[{"embeddable":true,"href":"https:\/\/brasriotintas.com.br\/index.php?rest_route=\/wp\/v2\/media\/836"}],"wp:attachment":[{"href":"https:\/\/brasriotintas.com.br\/index.php?rest_route=%2Fwp%2Fv2%2Fmedia&parent=835"}],"wp:term":[{"taxonomy":"product_brand","embeddable":true,"href":"https:\/\/brasriotintas.com.br\/index.php?rest_route=%2Fwp%2Fv2%2Fproduct_brand&post=835"},{"taxonomy":"product_cat","embeddable":true,"href":"https:\/\/brasriotintas.com.br\/index.php?rest_route=%2Fwp%2Fv2%2Fproduct_cat&post=835"},{"taxonomy":"product_tag","embeddable":true,"href":"https:\/\/brasriotintas.com.br\/index.php?rest_route=%2Fwp%2Fv2%2Fproduct_tag&post=835"}],"curies":[{"name":"wp","href":"https:\/\/api.w.org\/{rel}","templated":true}]}}