{"id":837,"date":"2022-09-19T15:49:20","date_gmt":"2022-09-19T15:49:20","guid":{"rendered":"https:\/\/brasriotintas.com.br\/?post_type=product&#038;p=837"},"modified":"2022-09-19T15:49:20","modified_gmt":"2022-09-19T15:49:20","slug":"massa-polir-n-2-ppg","status":"publish","type":"product","link":"https:\/\/brasriotintas.com.br\/?product=massa-polir-n-2-ppg","title":{"rendered":"Massa Polir N\u00b0 2 PPG"},"content":{"rendered":"<p>Massa De Polir Ppg Automotivo Branca N2 990g<\/p>\n<p>produto indicado exclusivamente para polimento de todo o tipo de acabamento automotivo, pinturas antigas e calcinadas que perderam o brilho, restaurando o aspecto original, real\u00e7ando a cor e o brilho.<\/p>\n<p>Cor: Branca<\/p>\n<p>Principais Vantagens:<br \/>\nAlto Poder de Corte<br \/>\nAlto Brilho<\/p>\n<p>Caracter\u00edsticas:<\/p>\n<p>Produto Pastoso<br \/>\nF\u00f3rmula Original PPG<\/p>\n<p>Obrigado Pela Visita!<br \/>\nCont\u00e9m 990 gramas<\/p>\n","protected":false},"excerpt":{"rendered":"<p>Massa De Polir Ppg Automotivo Branca N2 990g produto indicado exclusivamente para polimento de todo o tipo de acabamento automotivo, pinturas antigas e calcinadas que perderam o brilho, restaurando o aspecto original, real\u00e7ando a cor e o brilho. Cor: Branca Principais Vantagens: Alto Poder de Corte Alto Brilho Caracter\u00edsticas: Produto Pastoso F\u00f3rmula Original PPG Obrigado&hellip;&nbsp;<\/p>\n","protected":false},"featured_media":838,"comment_status":"open","ping_status":"closed","template":"","meta":{"neve_meta_sidebar":"","neve_meta_container":"","neve_meta_enable_content_width":"off","neve_meta_content_width":100,"neve_meta_title_alignment":"","neve_meta_author_avatar":"","neve_post_elements_order":"","neve_meta_disable_header":"","neve_meta_disable_footer":"","neve_meta_disable_title":""},"product_brand":[],"product_cat":[80,90],"product_tag":[],"class_list":{"0":"post-837","1":"product","2":"type-product","3":"status-publish","4":"has-post-thumbnail","6":"product_cat-automotivo","7":"product_cat-tintas-automotivas","9":"first","10":"instock","11":"shipping-taxable","12":"product-type-simple"},"_links":{"self":[{"href":"https:\/\/brasriotintas.com.br\/index.php?rest_route=\/wp\/v2\/product\/837","targetHints":{"allow":["GET"]}}],"collection":[{"href":"https:\/\/brasriotintas.com.br\/index.php?rest_route=\/wp\/v2\/product"}],"about":[{"href":"https:\/\/brasriotintas.com.br\/index.php?rest_route=\/wp\/v2\/types\/product"}],"replies":[{"embeddable":true,"href":"https:\/\/brasriotintas.com.br\/index.php?rest_route=%2Fwp%2Fv2%2Fcomments&post=837"}],"wp:featuredmedia":[{"embeddable":true,"href":"https:\/\/brasriotintas.com.br\/index.php?rest_route=\/wp\/v2\/media\/838"}],"wp:attachment":[{"href":"https:\/\/brasriotintas.com.br\/index.php?rest_route=%2Fwp%2Fv2%2Fmedia&parent=837"}],"wp:term":[{"taxonomy":"product_brand","embeddable":true,"href":"https:\/\/brasriotintas.com.br\/index.php?rest_route=%2Fwp%2Fv2%2Fproduct_brand&post=837"},{"taxonomy":"product_cat","embeddable":true,"href":"https:\/\/brasriotintas.com.br\/index.php?rest_route=%2Fwp%2Fv2%2Fproduct_cat&post=837"},{"taxonomy":"product_tag","embeddable":true,"href":"https:\/\/brasriotintas.com.br\/index.php?rest_route=%2Fwp%2Fv2%2Fproduct_tag&post=837"}],"curies":[{"name":"wp","href":"https:\/\/api.w.org\/{rel}","templated":true}]}}