{"id":841,"date":"2022-09-19T15:52:25","date_gmt":"2022-09-19T15:52:25","guid":{"rendered":"https:\/\/brasriotintas.com.br\/?post_type=product&#038;p=841"},"modified":"2025-01-29T15:07:15","modified_gmt":"2025-01-29T15:07:15","slug":"cera-grandprix-tradicional","status":"publish","type":"product","link":"https:\/\/brasriotintas.com.br\/?product=cera-grandprix-tradicional","title":{"rendered":"Cera Grandprix Tradicional"},"content":{"rendered":"<p>Cera em Pasta Grand Prix Tradicional Prote\u00e7\u00e3o e Brilho 200g<\/p>\n<p>A cera tradicional Grand Prix prote\u00e7\u00e3o e brilho tem uma f\u00f3rmula exclusiva que pode ser aplicada a qualquer tipo de pintura, inclusive em carros novos, com menos de 5 anos, sem danific\u00e1-los. A cera tradicional Grand Prix prote\u00e7\u00e3o e brilho protege e d\u00e1 um brilho incompar\u00e1vel, e pode ser usada no sol ou na sombra. Ela protege contra os efeitos prejudiciais do calor, dos raios solares, da chuva e da brisa do mar, deixando um brilho intenso e duradouro. A cera tamb\u00e9m remove manchas e part\u00edculas. \u00d3timos resultados em barcos e trailers de fibra de vidro.<\/p>\n","protected":false},"excerpt":{"rendered":"<p>Cera em Pasta Grand Prix Tradicional Prote\u00e7\u00e3o e Brilho 200g A cera tradicional Grand Prix prote\u00e7\u00e3o e brilho tem uma f\u00f3rmula exclusiva que pode ser aplicada a qualquer tipo de pintura, inclusive em carros novos, com menos de 5 anos, sem danific\u00e1-los. A cera tradicional Grand Prix prote\u00e7\u00e3o e brilho protege e d\u00e1 um brilho&hellip;&nbsp;<\/p>\n","protected":false},"featured_media":842,"comment_status":"open","ping_status":"closed","template":"","meta":{"neve_meta_sidebar":"","neve_meta_container":"","neve_meta_enable_content_width":"off","neve_meta_content_width":100,"neve_meta_title_alignment":"","neve_meta_author_avatar":"","neve_post_elements_order":"","neve_meta_disable_header":"","neve_meta_disable_footer":"","neve_meta_disable_title":""},"product_brand":[],"product_cat":[80,90],"product_tag":[],"class_list":{"0":"post-841","1":"product","2":"type-product","3":"status-publish","4":"has-post-thumbnail","6":"product_cat-automotivo","7":"product_cat-tintas-automotivas","9":"first","10":"instock","11":"shipping-taxable","12":"product-type-simple"},"_links":{"self":[{"href":"https:\/\/brasriotintas.com.br\/index.php?rest_route=\/wp\/v2\/product\/841","targetHints":{"allow":["GET"]}}],"collection":[{"href":"https:\/\/brasriotintas.com.br\/index.php?rest_route=\/wp\/v2\/product"}],"about":[{"href":"https:\/\/brasriotintas.com.br\/index.php?rest_route=\/wp\/v2\/types\/product"}],"replies":[{"embeddable":true,"href":"https:\/\/brasriotintas.com.br\/index.php?rest_route=%2Fwp%2Fv2%2Fcomments&post=841"}],"wp:featuredmedia":[{"embeddable":true,"href":"https:\/\/brasriotintas.com.br\/index.php?rest_route=\/wp\/v2\/media\/842"}],"wp:attachment":[{"href":"https:\/\/brasriotintas.com.br\/index.php?rest_route=%2Fwp%2Fv2%2Fmedia&parent=841"}],"wp:term":[{"taxonomy":"product_brand","embeddable":true,"href":"https:\/\/brasriotintas.com.br\/index.php?rest_route=%2Fwp%2Fv2%2Fproduct_brand&post=841"},{"taxonomy":"product_cat","embeddable":true,"href":"https:\/\/brasriotintas.com.br\/index.php?rest_route=%2Fwp%2Fv2%2Fproduct_cat&post=841"},{"taxonomy":"product_tag","embeddable":true,"href":"https:\/\/brasriotintas.com.br\/index.php?rest_route=%2Fwp%2Fv2%2Fproduct_tag&post=841"}],"curies":[{"name":"wp","href":"https:\/\/api.w.org\/{rel}","templated":true}]}}