{"id":843,"date":"2022-09-19T15:59:00","date_gmt":"2022-09-19T15:59:00","guid":{"rendered":"https:\/\/brasriotintas.com.br\/?post_type=product&#038;p=843"},"modified":"2022-09-19T15:59:00","modified_gmt":"2022-09-19T15:59:00","slug":"cera-ac-delco-tradicional","status":"publish","type":"product","link":"https:\/\/brasriotintas.com.br\/?product=cera-ac-delco-tradicional","title":{"rendered":"Cera Ac Delco tradicional"},"content":{"rendered":"<p><strong>Prote\u00e7\u00e3o E Brilho Com Menos Esfor\u00e7o E Sem Deixar Manchas Brancas.<\/strong><\/p>\n<p>De F\u00e1cil Aplica\u00e7\u00e3o E Remo\u00e7\u00e3o, Reduz O Esfor\u00e7o F\u00edsico E N\u00e3o Deixa Manchas Brancas, Al\u00e9m De Renovar E Dar Um Brilho Duradouro \u00c0 Pintura Do Seu Ve\u00edculo. Especialmente Desenvolvida \u00c0 Base De Carna\u00faba E Silicone, Protege O Ve\u00edculo Dos Raios Uva E Uvb, Polui\u00e7\u00e3o, Chuva E Maresia.<\/p>\n<h3><strong>Onde Usar:<\/strong><\/h3>\n<p>Partes Externas (Lataria) Do Ve\u00edculo.<strong>\u00a0<\/strong><\/p>\n<h4><strong>Como Usar:<\/strong><\/h4>\n<p>Ap\u00f3s Lavar, Enxaguar E Secar O Ve\u00edculo \u00c0 Sombra, Aplique A Cera Em Pouca Quantidade E Em Movimentos Leves E Circulares Utilizando Um Pano Limpo De Algod\u00e3o. Espere A Cera Secar Por Alguns Minutos E Remova-A Com Outro Pano De Algod\u00e3o Limpo E Seco.<br \/>\nTodas as informa\u00e7\u00f5es divulgadas s\u00e3o de responsabilidade do fabricante\/fornecedor.<br \/>\nImagens Meramente Ilustrativas.<\/p>\n","protected":false},"excerpt":{"rendered":"<p>Prote\u00e7\u00e3o E Brilho Com Menos Esfor\u00e7o E Sem Deixar Manchas Brancas. De F\u00e1cil Aplica\u00e7\u00e3o E Remo\u00e7\u00e3o, Reduz O Esfor\u00e7o F\u00edsico E N\u00e3o Deixa Manchas Brancas, Al\u00e9m De Renovar E Dar Um Brilho Duradouro \u00c0 Pintura Do Seu Ve\u00edculo. Especialmente Desenvolvida \u00c0 Base De Carna\u00faba E Silicone, Protege O Ve\u00edculo Dos Raios Uva E Uvb, Polui\u00e7\u00e3o,&hellip;&nbsp;<\/p>\n","protected":false},"featured_media":844,"comment_status":"open","ping_status":"closed","template":"","meta":{"neve_meta_sidebar":"","neve_meta_container":"","neve_meta_enable_content_width":"off","neve_meta_content_width":100,"neve_meta_title_alignment":"","neve_meta_author_avatar":"","neve_post_elements_order":"","neve_meta_disable_header":"","neve_meta_disable_footer":"","neve_meta_disable_title":""},"product_brand":[],"product_cat":[80,90],"product_tag":[],"class_list":{"0":"post-843","1":"product","2":"type-product","3":"status-publish","4":"has-post-thumbnail","6":"product_cat-automotivo","7":"product_cat-tintas-automotivas","9":"first","10":"instock","11":"shipping-taxable","12":"product-type-simple"},"_links":{"self":[{"href":"https:\/\/brasriotintas.com.br\/index.php?rest_route=\/wp\/v2\/product\/843","targetHints":{"allow":["GET"]}}],"collection":[{"href":"https:\/\/brasriotintas.com.br\/index.php?rest_route=\/wp\/v2\/product"}],"about":[{"href":"https:\/\/brasriotintas.com.br\/index.php?rest_route=\/wp\/v2\/types\/product"}],"replies":[{"embeddable":true,"href":"https:\/\/brasriotintas.com.br\/index.php?rest_route=%2Fwp%2Fv2%2Fcomments&post=843"}],"wp:featuredmedia":[{"embeddable":true,"href":"https:\/\/brasriotintas.com.br\/index.php?rest_route=\/wp\/v2\/media\/844"}],"wp:attachment":[{"href":"https:\/\/brasriotintas.com.br\/index.php?rest_route=%2Fwp%2Fv2%2Fmedia&parent=843"}],"wp:term":[{"taxonomy":"product_brand","embeddable":true,"href":"https:\/\/brasriotintas.com.br\/index.php?rest_route=%2Fwp%2Fv2%2Fproduct_brand&post=843"},{"taxonomy":"product_cat","embeddable":true,"href":"https:\/\/brasriotintas.com.br\/index.php?rest_route=%2Fwp%2Fv2%2Fproduct_cat&post=843"},{"taxonomy":"product_tag","embeddable":true,"href":"https:\/\/brasriotintas.com.br\/index.php?rest_route=%2Fwp%2Fv2%2Fproduct_tag&post=843"}],"curies":[{"name":"wp","href":"https:\/\/api.w.org\/{rel}","templated":true}]}}